{"id":524,"date":"2017-02-03T08:25:54","date_gmt":"2017-02-03T08:25:54","guid":{"rendered":"https:\/\/brmgroup.sk\/contact-data\/"},"modified":"2019-05-31T09:13:39","modified_gmt":"2019-05-31T07:13:39","slug":"kontakt","status":"publish","type":"page","link":"https:\/\/brmgroup.sk\/de\/kontakt","title":{"rendered":"Kontakt"},"content":{"rendered":"<p>Google mapa<\/p>\n<p><iframe loading=\"lazy\" src=\"https:\/\/www.google.com\/maps\/embed?pb=!1m18!1m12!1m3!1d2663.161678304284!2d17.087794916032557!3d48.12640537922259!2m3!1f0!2f0!3f0!3m2!1i1024!2i768!4f13.1!3m3!1m2!1s0x476c89fe45507c2d%3A0x94aef319584808ef!2sB.R.M.Tax%2C+k.s.!5e0!3m2!1sen!2ssk!4v1550852275149\" width=\"100%\" height=\"400\" frameborder=\"0\" style=\"border:0; -webkit-filter: grayscale (60%);\n    -moz-filter: grayscale(60%);\n    filter: grayscale(100%);\n    -o-filter: grayscale(60%);\n\" allowfullscreen><\/iframe><\/p>\n<p>center<\/p>\n<p>no-repeat;center top;;<\/p>\n<p>auto<\/p>\n<p>icon-location<\/p>\n<p class=\"big\" style=\"padding-top: 12px; display: block; margin: 0;\">Firmensitz<\/p>\n<h4>\u013dubietovsk\u00e1 10<br \/>851 01  Bratislava<\/h4>\n<p>2<\/p>\n<p>icon-call<\/p>\n<p class=\"big\" style=\"padding-top: 12px; display: block; margin: 0;\">Telephon<\/p>\n<h4><a href=\"tel:+421 2 68202311\">+421 2 6820 2311<\/a><\/h4>\n<p>2<\/p>\n<p>icon-mail-line<\/p>\n<p class=\"big\" style=\"padding-top: 12px; display: block; margin: 0;\">E-mail:<\/p>\n<h4><a href=\"mailto:info@brmgroup.sk\">info@brmgroup.sk<\/a><\/h4>\n<p>2<\/p>\n<p>Contact us<\/p>\n<h2>Schreiben Sie uns<\/h2>\n<p class=\"big\">Wenn Sie Fragen haben oder pers\u00f6nliches Treffen w\u00fcnschen, f\u00fcllen Sie, bitte, das Kontaktformular aus.<\/p>\n<p class=\"big\" style=\"color: #a8a8a8;\">Sie finden uns auch hier:<\/p>\n<a href=\"https:\/\/www.linkedin.com\/company\/brm-tax-bratislava\/\" class=\"icon_bar  icon_bar_linkedin icon_bar_small\" ><span class=\"t\"><i class=\"icon-linkedin\"><\/i><\/span><span class=\"b\"><i class=\"icon-linkedin\"><\/i><\/span><\/a>\n\n<p>right<\/p>\n<p>no-repeat;center top;;<\/p>\n<p>auto<\/p>\n<p>Contact form<\/p>\n\n<div class=\"wpcf7 no-js\" id=\"wpcf7-f526-o1\" lang=\"en-US\" dir=\"ltr\" data-wpcf7-id=\"526\">\n<div class=\"screen-reader-response\"><p role=\"status\" aria-live=\"polite\" aria-atomic=\"true\"><\/p> <ul><\/ul><\/div>\n<form action=\"\/de\/wp-json\/wp\/v2\/pages\/524#wpcf7-f526-o1\" method=\"post\" class=\"wpcf7-form init wpcf7-acceptance-as-validation\" aria-label=\"Contact form\" novalidate=\"novalidate\" data-status=\"init\">\n<div style=\"display: none;\">\n<input type=\"hidden\" name=\"_wpcf7\" value=\"526\" \/>\n<input type=\"hidden\" name=\"_wpcf7_version\" value=\"6.0.3\" \/>\n<input type=\"hidden\" name=\"_wpcf7_locale\" value=\"en_US\" \/>\n<input type=\"hidden\" name=\"_wpcf7_unit_tag\" value=\"wpcf7-f526-o1\" \/>\n<input type=\"hidden\" name=\"_wpcf7_container_post\" value=\"0\" \/>\n<input type=\"hidden\" name=\"_wpcf7_posted_data_hash\" value=\"\" \/>\n<input type=\"hidden\" name=\"_wpcf7_recaptcha_response\" value=\"\" \/>\n<\/div>\n<div class=\"column one-second\">\n\t<p><label>Name und Familienname:<\/label><span class=\"wpcf7-form-control-wrap\" data-name=\"meno\"><input size=\"40\" maxlength=\"400\" class=\"wpcf7-form-control wpcf7-text wpcf7-validates-as-required\" aria-required=\"true\" aria-invalid=\"false\" value=\"\" type=\"text\" name=\"meno\" \/><\/span>\n\t<\/p>\n<\/div>\n<div class=\"column one-second\">\n\t<p><label>E-mail:<\/label><span class=\"wpcf7-form-control-wrap\" data-name=\"email\"><input size=\"40\" maxlength=\"400\" class=\"wpcf7-form-control wpcf7-email wpcf7-validates-as-required wpcf7-text wpcf7-validates-as-email\" aria-required=\"true\" aria-invalid=\"false\" value=\"\" type=\"email\" name=\"email\" \/><\/span>\n\t<\/p>\n<\/div>\n<div class=\"column one\">\n\t<p><label>Ihre Nachricht:<\/label><span class=\"wpcf7-form-control-wrap\" data-name=\"sprava\"><textarea cols=\"40\" rows=\"10\" maxlength=\"2000\" class=\"wpcf7-form-control wpcf7-textarea\" aria-invalid=\"false\" name=\"sprava\"><\/textarea><\/span>\n\t<\/p>\n<\/div>\n<div class=\"column one\">\n\t<p><span class=\"wpcf7-form-control-wrap\" data-name=\"suhlasgdpr\"><span class=\"wpcf7-form-control wpcf7-acceptance\"><span class=\"wpcf7-list-item\"><label><input type=\"checkbox\" name=\"suhlasgdpr\" value=\"1\" aria-invalid=\"false\" \/><span class=\"wpcf7-list-item-label\">Ich habe mich mit der <a href=\"\/de\/verarbeitung-persoenlicher-daten\/\" target=_Blank>Verarbeitung pers\u00f6nlicher Daten <\/a>bekanntgemacht und stimme dieser zu.<\/span><\/label><\/span><\/span><\/span>\n\t<\/p>\n<\/div>\n<div class=\"column one\">\n\t<p>Diese Webseite wird von reCAPTCHA-Gesetz gesch\u00fctzt und es werden <a href=\"https:\/\/policies.google.com\/privacy?hl=de\" target=\"_Blank\">Datenschutzregelungen<\/a> und <a href=\"https:\/\/policies.google.com\/terms?hl=de\" target=\"_Blank\">Vertragsbedingungen<\/a> von Google angewendet.\n\t<\/p>\n<\/div>\n<div class=\"column one\">\n\t<p><input class=\"wpcf7-form-control wpcf7-submit has-spinner sluzby_butt sluzby_butt_paralax\" type=\"submit\" value=\"Nachricht senden\" \/>\n\t<\/p>\n<\/div><div class=\"wpcf7-response-output\" aria-hidden=\"true\"><\/div>\n<\/form>\n<\/div>\n\n<p>no-repeat;center top;;<\/p>\n<p>auto<\/p>\n<h2>W\u00fcnschen Sie sich pers\u00f6nliches Treffen?<\/h2>\n<p class=\"big\">\nWir begr\u00fcssen Sie gerne <br \/>\nin unserer Kanzlei,<br \/>\n\u013dubietovsk\u00e1 10, Bratislava.\n<\/p>\n<p>right<\/p>\n<p>no-repeat;center top;;<\/p>\n<p>auto<\/p>\n<p>2%<\/p>\n<p><img decoding=\"async\" src=\"http:\/\/brmgroup.sk\/wp-content\/uploads\/2019\/01\/brm_group_budova2.jpg\" alt=\"brm_group_budova2\"\/><\/p>\n<p><img decoding=\"async\" src=\"http:\/\/brmgroup.sk\/wp-content\/uploads\/2019\/01\/brm_group_budova.jpg\" alt=\"brm_group_budova\"\/><\/p>\n","protected":false},"excerpt":{"rendered":"<p>Google mapa center no-repeat;center top;; auto icon-location Firmensitz \u013dubietovsk\u00e1 10851 01 Bratislava 2 icon-call Telephon +421 2 6820 2311 2 icon-mail-line E-mail: info@brmgroup.sk 2 Contact us<span class=\"excerpt-hellip\"> [\u2026]<\/span><\/p>\n","protected":false},"author":1,"featured_media":0,"parent":0,"menu_order":0,"comment_status":"closed","ping_status":"closed","template":"","meta":{"footnotes":""},"class_list":["post-524","page","type-page","status-publish","hentry"],"yoast_head":"<!-- This site is optimized with the Yoast SEO plugin v24.4 - https:\/\/yoast.com\/wordpress\/plugins\/seo\/ -->\n<title>Kontakt - B.R.M. Group<\/title>\n<meta name=\"description\" content=\"Haben Sie Fragen? Schreiben Sie uns. Kontakt. Firmensitz: ubietovsk\u00e1 , Bratislava. Tel.: Tel.: +421 2 6820 2311 | E-mail: info@brmgroup.sk\" \/>\n<meta name=\"robots\" content=\"index, follow, max-snippet:-1, max-image-preview:large, max-video-preview:-1\" \/>\n<link rel=\"canonical\" href=\"https:\/\/brmgroup.sk\/de\/kontakt\" \/>\n<meta property=\"og:locale\" content=\"de_DE\" \/>\n<meta property=\"og:type\" content=\"article\" \/>\n<meta property=\"og:title\" content=\"Kontakt - B.R.M. Group\" \/>\n<meta property=\"og:description\" content=\"Haben Sie Fragen? Schreiben Sie uns. Kontakt. Firmensitz: ubietovsk\u00e1 , Bratislava. Tel.: Tel.: +421 2 6820 2311 | E-mail: info@brmgroup.sk\" \/>\n<meta property=\"og:url\" content=\"https:\/\/brmgroup.sk\/de\/kontakt\" \/>\n<meta property=\"og:site_name\" content=\"B.R.M. Group\" \/>\n<meta property=\"article:modified_time\" content=\"2019-05-31T07:13:39+00:00\" \/>\n<meta property=\"og:image\" content=\"http:\/\/brmgroup.sk\/wp-content\/uploads\/2019\/01\/brm_group_budova2.jpg\" \/>\n<meta name=\"twitter:card\" content=\"summary_large_image\" \/>\n<meta name=\"twitter:label1\" content=\"Gesch\u00e4tzte Lesezeit\" \/>\n\t<meta name=\"twitter:data1\" content=\"1\u00a0Minute\" \/>\n<script type=\"application\/ld+json\" class=\"yoast-schema-graph\">{\"@context\":\"https:\/\/schema.org\",\"@graph\":[{\"@type\":\"WebPage\",\"@id\":\"https:\/\/brmgroup.sk\/de\/kontakt\",\"url\":\"https:\/\/brmgroup.sk\/de\/kontakt\",\"name\":\"Kontakt - B.R.M. Group\",\"isPartOf\":{\"@id\":\"https:\/\/brmgroup.sk\/#website\"},\"primaryImageOfPage\":{\"@id\":\"https:\/\/brmgroup.sk\/de\/kontakt#primaryimage\"},\"image\":{\"@id\":\"https:\/\/brmgroup.sk\/de\/kontakt#primaryimage\"},\"thumbnailUrl\":\"http:\/\/brmgroup.sk\/wp-content\/uploads\/2019\/01\/brm_group_budova2.jpg\",\"datePublished\":\"2017-02-03T08:25:54+00:00\",\"dateModified\":\"2019-05-31T07:13:39+00:00\",\"description\":\"Haben Sie Fragen? Schreiben Sie uns. Kontakt. Firmensitz: ubietovsk\u00e1 , Bratislava. Tel.: Tel.: +421 2 6820 2311 | E-mail: info@brmgroup.sk\",\"breadcrumb\":{\"@id\":\"https:\/\/brmgroup.sk\/de\/kontakt#breadcrumb\"},\"inLanguage\":\"de\",\"potentialAction\":[{\"@type\":\"ReadAction\",\"target\":[\"https:\/\/brmgroup.sk\/de\/kontakt\"]}]},{\"@type\":\"ImageObject\",\"inLanguage\":\"de\",\"@id\":\"https:\/\/brmgroup.sk\/de\/kontakt#primaryimage\",\"url\":\"http:\/\/brmgroup.sk\/wp-content\/uploads\/2019\/01\/brm_group_budova2.jpg\",\"contentUrl\":\"http:\/\/brmgroup.sk\/wp-content\/uploads\/2019\/01\/brm_group_budova2.jpg\"},{\"@type\":\"BreadcrumbList\",\"@id\":\"https:\/\/brmgroup.sk\/de\/kontakt#breadcrumb\",\"itemListElement\":[{\"@type\":\"ListItem\",\"position\":1,\"name\":\"Home\",\"item\":\"https:\/\/brmgroup.sk\/de\"},{\"@type\":\"ListItem\",\"position\":2,\"name\":\"Kontakt\"}]},{\"@type\":\"WebSite\",\"@id\":\"https:\/\/brmgroup.sk\/#website\",\"url\":\"https:\/\/brmgroup.sk\/\",\"name\":\"B.R.M. Group\",\"description\":\"Da\u0148ov\u00e9 a \u00fa\u010dtovn\u00e9 slu\u017eby, ktor\u00e9 nemin\u00fa cie\u013e!\",\"publisher\":{\"@id\":\"https:\/\/brmgroup.sk\/#organization\"},\"potentialAction\":[{\"@type\":\"SearchAction\",\"target\":{\"@type\":\"EntryPoint\",\"urlTemplate\":\"https:\/\/brmgroup.sk\/?s={search_term_string}\"},\"query-input\":{\"@type\":\"PropertyValueSpecification\",\"valueRequired\":true,\"valueName\":\"search_term_string\"}}],\"inLanguage\":\"de\"},{\"@type\":\"Organization\",\"@id\":\"https:\/\/brmgroup.sk\/#organization\",\"name\":\"B. R. M. Group\",\"url\":\"https:\/\/brmgroup.sk\/\",\"logo\":{\"@type\":\"ImageObject\",\"inLanguage\":\"de\",\"@id\":\"https:\/\/brmgroup.sk\/#\/schema\/logo\/image\/\",\"url\":\"https:\/\/brmgroup.sk\/wp-content\/uploads\/2019\/01\/brm_group_logo_retina_v2.png\",\"contentUrl\":\"https:\/\/brmgroup.sk\/wp-content\/uploads\/2019\/01\/brm_group_logo_retina_v2.png\",\"width\":400,\"height\":99,\"caption\":\"B. R. M. Group\"},\"image\":{\"@id\":\"https:\/\/brmgroup.sk\/#\/schema\/logo\/image\/\"},\"sameAs\":[\"https:\/\/www.linkedin.com\/company\/brm-tax-bratislava\"]}]}<\/script>\n<!-- \/ Yoast SEO plugin. -->","yoast_head_json":{"title":"Kontakt - B.R.M. Group","description":"Haben Sie Fragen? Schreiben Sie uns. Kontakt. Firmensitz: ubietovsk\u00e1 , Bratislava. Tel.: Tel.: +421 2 6820 2311 | E-mail: info@brmgroup.sk","robots":{"index":"index","follow":"follow","max-snippet":"max-snippet:-1","max-image-preview":"max-image-preview:large","max-video-preview":"max-video-preview:-1"},"canonical":"https:\/\/brmgroup.sk\/de\/kontakt","og_locale":"de_DE","og_type":"article","og_title":"Kontakt - B.R.M. Group","og_description":"Haben Sie Fragen? Schreiben Sie uns. Kontakt. Firmensitz: ubietovsk\u00e1 , Bratislava. Tel.: Tel.: +421 2 6820 2311 | E-mail: info@brmgroup.sk","og_url":"https:\/\/brmgroup.sk\/de\/kontakt","og_site_name":"B.R.M. Group","article_modified_time":"2019-05-31T07:13:39+00:00","og_image":[{"url":"http:\/\/brmgroup.sk\/wp-content\/uploads\/2019\/01\/brm_group_budova2.jpg","type":"","width":"","height":""}],"twitter_card":"summary_large_image","twitter_misc":{"Gesch\u00e4tzte Lesezeit":"1\u00a0Minute"},"schema":{"@context":"https:\/\/schema.org","@graph":[{"@type":"WebPage","@id":"https:\/\/brmgroup.sk\/de\/kontakt","url":"https:\/\/brmgroup.sk\/de\/kontakt","name":"Kontakt - B.R.M. Group","isPartOf":{"@id":"https:\/\/brmgroup.sk\/#website"},"primaryImageOfPage":{"@id":"https:\/\/brmgroup.sk\/de\/kontakt#primaryimage"},"image":{"@id":"https:\/\/brmgroup.sk\/de\/kontakt#primaryimage"},"thumbnailUrl":"http:\/\/brmgroup.sk\/wp-content\/uploads\/2019\/01\/brm_group_budova2.jpg","datePublished":"2017-02-03T08:25:54+00:00","dateModified":"2019-05-31T07:13:39+00:00","description":"Haben Sie Fragen? Schreiben Sie uns. Kontakt. Firmensitz: ubietovsk\u00e1 , Bratislava. Tel.: Tel.: +421 2 6820 2311 | E-mail: info@brmgroup.sk","breadcrumb":{"@id":"https:\/\/brmgroup.sk\/de\/kontakt#breadcrumb"},"inLanguage":"de","potentialAction":[{"@type":"ReadAction","target":["https:\/\/brmgroup.sk\/de\/kontakt"]}]},{"@type":"ImageObject","inLanguage":"de","@id":"https:\/\/brmgroup.sk\/de\/kontakt#primaryimage","url":"http:\/\/brmgroup.sk\/wp-content\/uploads\/2019\/01\/brm_group_budova2.jpg","contentUrl":"http:\/\/brmgroup.sk\/wp-content\/uploads\/2019\/01\/brm_group_budova2.jpg"},{"@type":"BreadcrumbList","@id":"https:\/\/brmgroup.sk\/de\/kontakt#breadcrumb","itemListElement":[{"@type":"ListItem","position":1,"name":"Home","item":"https:\/\/brmgroup.sk\/de"},{"@type":"ListItem","position":2,"name":"Kontakt"}]},{"@type":"WebSite","@id":"https:\/\/brmgroup.sk\/#website","url":"https:\/\/brmgroup.sk\/","name":"B.R.M. Group","description":"Da\u0148ov\u00e9 a \u00fa\u010dtovn\u00e9 slu\u017eby, ktor\u00e9 nemin\u00fa cie\u013e!","publisher":{"@id":"https:\/\/brmgroup.sk\/#organization"},"potentialAction":[{"@type":"SearchAction","target":{"@type":"EntryPoint","urlTemplate":"https:\/\/brmgroup.sk\/?s={search_term_string}"},"query-input":{"@type":"PropertyValueSpecification","valueRequired":true,"valueName":"search_term_string"}}],"inLanguage":"de"},{"@type":"Organization","@id":"https:\/\/brmgroup.sk\/#organization","name":"B. R. M. Group","url":"https:\/\/brmgroup.sk\/","logo":{"@type":"ImageObject","inLanguage":"de","@id":"https:\/\/brmgroup.sk\/#\/schema\/logo\/image\/","url":"https:\/\/brmgroup.sk\/wp-content\/uploads\/2019\/01\/brm_group_logo_retina_v2.png","contentUrl":"https:\/\/brmgroup.sk\/wp-content\/uploads\/2019\/01\/brm_group_logo_retina_v2.png","width":400,"height":99,"caption":"B. R. M. Group"},"image":{"@id":"https:\/\/brmgroup.sk\/#\/schema\/logo\/image\/"},"sameAs":["https:\/\/www.linkedin.com\/company\/brm-tax-bratislava"]}]}},"_links":{"self":[{"href":"https:\/\/brmgroup.sk\/de\/wp-json\/wp\/v2\/pages\/524","targetHints":{"allow":["GET"]}}],"collection":[{"href":"https:\/\/brmgroup.sk\/de\/wp-json\/wp\/v2\/pages"}],"about":[{"href":"https:\/\/brmgroup.sk\/de\/wp-json\/wp\/v2\/types\/page"}],"author":[{"embeddable":true,"href":"https:\/\/brmgroup.sk\/de\/wp-json\/wp\/v2\/users\/1"}],"replies":[{"embeddable":true,"href":"https:\/\/brmgroup.sk\/de\/wp-json\/wp\/v2\/comments?post=524"}],"version-history":[{"count":3,"href":"https:\/\/brmgroup.sk\/de\/wp-json\/wp\/v2\/pages\/524\/revisions"}],"predecessor-version":[{"id":629,"href":"https:\/\/brmgroup.sk\/de\/wp-json\/wp\/v2\/pages\/524\/revisions\/629"}],"wp:attachment":[{"href":"https:\/\/brmgroup.sk\/de\/wp-json\/wp\/v2\/media?parent=524"}],"curies":[{"name":"wp","href":"https:\/\/api.w.org\/{rel}","templated":true}]}}