{"id":528,"date":"2019-01-11T10:28:32","date_gmt":"2019-01-11T09:28:32","guid":{"rendered":"https:\/\/brmgroup.sk\/personal-data-processing\/"},"modified":"2019-06-04T14:10:17","modified_gmt":"2019-06-04T12:10:17","slug":"verarbeitung-persoenlicher-daten","status":"publish","type":"page","link":"https:\/\/brmgroup.sk\/de\/verarbeitung-persoenlicher-daten","title":{"rendered":"Verarbeitung pers\u00f6nlicher Daten"},"content":{"rendered":"<h2 style=\"text-align: center;\"><strong>Ochrana osobn\u00fdch \u00fadajov<\/strong><\/h2>\n<p style=\"text-align: center;\">(GDPR \u2013 General Data Protection Regulation)<\/p>\n<p>V zmysle \u010dl\u00e1nku 13 a\u017e 22 Nariadenia Eur\u00f3pskeho parlamentu a Rady (E\u00da) \u010d. 2016\/679 o ochrane fyzick\u00fdch os\u00f4b pri sprac\u00favan\u00ed osobn\u00fdch \u00fadajov a vo\u013enom pohybe tak\u00fdchto \u00fadajov (\u010falej ako \u201eV\u0161eobecn\u00e9 nariadenie o ochrane \u00fadajov\u201c alebo \u201eGDPR \u2013 General Data Protection Regulation\u201c) a ustanovenia \u00a7 19 a nasl. Z\u00e1kona \u010d. 18\/2018 Z. z. o ochrane osobn\u00fdch \u00fadajov a o zmene a doplnen\u00ed niektor\u00fdch z\u00e1konov (\u010falej ako \u201eZ\u00e1kon o ochrane osobn\u00fdch \u00fadajov\u201c) t\u00fdmto dokumentom poskytujeme inform\u00e1ciu na\u0161im obchodn\u00fdm partnerom a v\u0161etk\u00fdm dotknut\u00fdm osob\u00e1m na\u0161ich obchodn\u00fdch partnerov o sprac\u00favan\u00ed ich osobn\u00fdch \u00fadajov.<\/p>\n<ol>\n<li><strong> Kontaktn\u00e9 \u00fadaje prev\u00e1dzkovate\u013ea<\/strong><\/li>\n<\/ol>\n<p>Prev\u00e1dzkovate\u013eom osobn\u00fdch \u00fadajov s\u00fa v s\u00falade s pr\u00edslu\u0161nou legislat\u00edvou v oblasti ochrany osobn\u00fdch \u00fadajov nasledovn\u00e9 subjekty (v z\u00e1vislosti od toho, ktor\u00e9ho subjektu sa konkr\u00e9tna dotknut\u00e1 osoba t\u00fdka):<\/p>\n<p><strong>B.R.M. Tax, k.s. <\/strong><br \/>\n\u013dubietovsk\u00e1 10, 851 01 Bratislava, Slovensk\u00e1 republika<br \/>\nI\u010cO: 35710012<br \/>\nzap\u00edsan\u00e1 v obchodnom registri Okresn\u00e9ho s\u00fadu Bratislava I, oddiel: Sr, vlo\u017eka \u010d. 365\/B<\/p>\n<p><strong>Ing. Roman Mach<\/strong><br \/>\naud\u00edtor a da\u0148ov\u00fd poradca<br \/>\nKancel\u00e1ria: \u013dubietovsk\u00e1 10<br \/>\n851 01 Bratislava<br \/>\n\u010d. osved\u010denia v SKDP: 471\/96<br \/>\n\u010d. osved\u010denia v SKAU: 927<\/p>\n<p><strong>B.R.M. Service, spol. s r.o.<\/strong><br \/>\n\u013dubietovsk\u00e1 10, 851 01 Bratislava, Slovensk\u00e1 republika<br \/>\nI\u010cO: 35710012<br \/>\nzap\u00edsan\u00e1 v obchodnom registri Okresn\u00e9ho s\u00fadu Bratislava I, oddiel: Sro, vlo\u017eka \u010d. 12897\/B<\/p>\n<p>(\u010falej spolu len \u201eB.R.M. Group\u201c).<\/p>\n<p><strong><em>Kontaktn\u00e9 \u00fadaje:<\/em><\/strong><br \/>\nB.R.M. Group<br \/>\n\u013dubietovsk\u00e1 10<br \/>\n851 01 Bratislava<br \/>\ntel: <a href=\"tel:+421 2 68202311\">+421 2 68202311<\/a><br \/>\nE-mail: <a href=\"mailto:gdpr@brmgroup.sk\">gdpr@brmgroup.sk<\/a><\/p>\n<ol start=\"2\">\n<li><strong> \u00da\u010del sprac\u00favania osobn\u00fdch \u00fadajov dotknutej osoby<\/strong><\/li>\n<\/ol>\n<p>Osobn\u00e9 \u00fadaje dotknut\u00fdch os\u00f4b s\u00fa z\u00edskavan\u00e9 a sprac\u00favan\u00e9 pre \u00fa\u010dely:<\/p>\n<ul class=\"style_italic\">\n<li>Plnenia zmluvn\u00fdch povinnost\u00ed medzi B.R.M. Group a\u00a0obchodn\u00fdmi partnermi<\/li>\n<li>Plnenia z\u00e1konn\u00fdch povinnost\u00ed (najm\u00e4 vedenie a\u00a0spracovanie person\u00e1lnej a\u00a0mzdovej agendy)<\/li>\n<li>Komunik\u00e1cie so zmluvn\u00fdmi partnermi a\u00a0ich pr\u00edpadn\u00e9 informovanie<\/li>\n<li>Vedenia evidencie podnikate\u013esk\u00fdch kontaktov<\/li>\n<li>Ochrany pr\u00e1vnych n\u00e1rokov B.R.M. Group<\/li>\n<li>\u010eal\u0161ieho kontaktovania na e-mailov\u00fa adresu zadan\u00fa do kontaktn\u00e9ho formul\u00e1ra na webovej str\u00e1nke B.R.M. Group<\/li>\n<\/ul>\n<ol start=\"3\">\n<li><strong>Rozsah a podmienky sprac\u00favania osobn\u00fdch \u00fadajov dotknutej osoby<\/strong><\/li>\n<\/ol>\n<p>B.R.M. Group z\u00edskava osobn\u00e9 \u00fadaje priamo od dotknut\u00fdch os\u00f4b alebo od in\u00fdch os\u00f4b a org\u00e1nov v s\u00falade s GDPR, z\u00e1konom o ochrane osobn\u00fdch \u00fadajov a osobitn\u00fdmi predpismi v rozsahu nevyhnutnom pod\u013ea t\u00fdchto predpisov na dosiahnutie \u00fa\u010delu sprac\u00favania.<\/p>\n<p>Osobn\u00e9 \u00fadaje nie s\u00fa sprac\u00favan\u00e9 za in\u00fdm \u00fa\u010delom, ako za \u00fa\u010delom, na ktor\u00fd boli p\u00f4vodne z\u00edskan\u00e9, ak tak neustanov\u00ed osobitn\u00fd predpis, pod\u013ea ktor\u00e9ho B.R.M. Group postupuje, alebo ak dotknut\u00e1 osoba na to neudel\u00ed dobrovo\u013en\u00fd s\u00fahlas.<br \/>\nPokia\u013e je sprac\u00favanie osobn\u00fdch \u00fadajov viazan\u00e9 na s\u00fahlas dotknutej osoby, dotknut\u00e1 osoba m\u00e1 pr\u00e1vo kedyko\u013evek svoj s\u00fahlas so sprac\u00favan\u00edm osobn\u00fdch \u00fadajov odvola\u0165. Dotknut\u00e1 osoba m\u00f4\u017ee, ale aj nemus\u00ed udeli\u0165 prev\u00e1dzkovate\u013eovi s\u00fahlas na sprac\u00favanie osobn\u00fdch \u00fadajov \u2013 neudelenie s\u00fahlasu nem\u00e1 na dotknut\u00fa osobu \u017eiadny negat\u00edvny dopad. Odvolanie s\u00fahlasu dotknutej osoby so sprac\u00favan\u00edm osobn\u00fdch \u00fadajov, ktor\u00e9 sa jej t\u00fdkaj\u00fa, nem\u00e1 vplyv na z\u00e1konnos\u0165 sprac\u00favania osobn\u00fdch \u00fadajov zalo\u017een\u00e9 na s\u00fahlase pred jeho odvolan\u00edm. Dotknut\u00e1 osoba m\u00f4\u017ee s\u00fahlas so sprac\u00favan\u00edm osobn\u00fdch \u00fadajov odvola\u0165 rovnak\u00fdm sp\u00f4sobom, ak\u00fdm s\u00fahlas udelila.<\/p>\n<p>B.R.M. Group spracov\u00e1va osobn\u00e9 \u00fadaje svojich obchodn\u00fdch partnerov, pokia\u013e sa jedn\u00e1 o fyzick\u00e9 osoby a \u010falej osobn\u00e9 \u00fadaje zamestnancov, ich rodinn\u00fdch pr\u00edslu\u0161n\u00edkov, z\u00e1stupcov alebo in\u00fdch kontaktn\u00fdch os\u00f4b t\u00fdchto obchodn\u00fdch partnerov, pokia\u013e tak\u00e9to \u00fadaje B.R.M. Group z\u00edskala, aby mohla riadne plni\u0165 svoje z\u00e1konn\u00e9 a zmluvn\u00e9 povinnosti, poskytova\u0165 dohodnut\u00e9 slu\u017eby a aby mohla efekt\u00edvne komunikova\u0165 so svojimi obchodn\u00fdmi partnermi.<\/p>\n<p>Sprac\u00favanie osobn\u00fdch \u00fadajov m\u00f4\u017ee by\u0165 manu\u00e1lne alebo automatizovan\u00e9. Automatizovan\u00e9 spracovanie prebieha v na\u0161ich informa\u010dn\u00fdch syst\u00e9moch.<\/p>\n<p>Osobn\u00e9 \u00fadaje sprac\u00favame prostredn\u00edctvom vybran\u00fdch zamestnancov subjektov B.R.M. Group, pri\u010dom db\u00e1me o to, aby poveren\u00ed zamestnanci zachov\u00e1vali ml\u010danlivos\u0165 o v\u0161etk\u00fdch \u00fadajoch (osobn\u00fdch \u010di in\u00fdch), o ktor\u00fdch sa dozvedeli pri v\u00fdkone svojej pr\u00e1ce.<\/p>\n<p>B.R.M. Group spracov\u00e1va nasledovn\u00e9 kateg\u00f3rie osobn\u00fdch \u00fadajov:<\/p>\n<ul class=\"style_italic\">\n<li>Identifika\u010dn\u00e9 \u00fadaje<\/li>\n<li>Kontaktn\u00e9 \u00fadaje<\/li>\n<li>Faktura\u010dn\u00e9 a platobn\u00e9 \u00fadaje<\/li>\n<\/ul>\n<ol start=\"4\">\n<li><strong> Doba uchov\u00e1vania osobn\u00fdch \u00fadajov dotknutej osoby<\/strong><\/li>\n<\/ol>\n<p>Osobn\u00e9 \u00fadaje dotknut\u00fdch os\u00f4b s\u00fa sprac\u00favan\u00e9, zhroma\u017e\u010fovan\u00e9, archivovan\u00e9 a bezpe\u010dne ulo\u017een\u00e9 po dobu nevyhnutn\u00fa na \u00fa\u010dely, pre ktor\u00e9 boli osobn\u00e9 \u00fadaje sprac\u00favan\u00e9 alebo zhroma\u017e\u010fovan\u00e9. Pokia\u013e v zmysle osobitn\u00fdch pr\u00e1vnych predpisov nie je stanoven\u00e9 inak, osobn\u00e9 \u00fadaje sa uchov\u00e1vaj\u00fa po dobu 5 rokov, nasleduj\u00facich po ukon\u010den\u00ed kalend\u00e1rneho roka, v ktorom boli osobn\u00e9 \u00fadaje zhroma\u017eden\u00e9 alebo spracovan\u00e9.<\/p>\n<ol start=\"5\">\n<li><strong> Sp\u00f4sob z\u00edskavania, zaznamenania a zabezpe\u010denia osobn\u00fdch \u00fadajov dotknutej osoby<\/strong><\/li>\n<\/ol>\n<p>Osobn\u00e9 \u00fadaje dotknutej osoby naj\u010dastej\u0161ie z\u00edskavame:<\/p>\n<ul class=\"style_italic\">\n<li>priamo od nej, napr\u00edklad vyplnen\u00edm kontaktn\u00e9ho formul\u00e1ru. V takomto pr\u00edpade je z\u00edskanie osobn\u00fdch \u00fadajov dobrovo\u013en\u00e9 a nepredstavuje \u017eiadnu zmluvn\u00fa alebo z\u00e1konn\u00fa povinnos\u0165.<\/li>\n<li>zo zmluvnej dokument\u00e1cie uzatvorenej medzi spolo\u010dnos\u0165ou a subjektom \u00fadajov<\/li>\n<li>z verejne dostupn\u00fdch registrov, zoznamov, evidenci\u00ed<\/li>\n<li>z webov\u00fdch str\u00e1nok<\/li>\n<\/ul>\n<p>Ako prev\u00e1dzkovate\u013e webovej str\u00e1nky m\u00e1me povinnos\u0165 zaznamen\u00e1va\u0165 v\u0161etky po\u017eiadavky pou\u017e\u00edvate\u013eov v s\u00favislosti so stiahnut\u00edm, opravou a vymazan\u00edm osobn\u00fdch \u00fadajov dotknut\u00fdch os\u00f4b.<\/p>\n<p>Pri zabezpe\u010den\u00ed osobn\u00fdch \u00fadajov dotknut\u00fdch os\u00f4b disponujeme modern\u00fdmi technick\u00fdmi a bezpe\u010dnostn\u00fdmi mechanizmami, zabezpe\u010duj\u00facimi ochranu spracov\u00e1van\u00fdch osobn\u00fdch \u00fadajov pred neopr\u00e1vnen\u00fdm pr\u00edstupom alebo prenosom, pred ich stratou alebo zni\u010den\u00edm, alebo in\u00fdm mo\u017en\u00fdm zneu\u017eit\u00edm.<\/p>\n<p>B.R.M. Group nevykon\u00e1va sprac\u00favanie osobn\u00fdch \u00fadajov zalo\u017een\u00e9 na automatizovanom individu\u00e1lnom rozhodovan\u00ed ani profilovanie.<\/p>\n<ol start=\"6\">\n<li><strong> Tretie strany, ktor\u00fdm sa \u00fadaje poskytuj\u00fa<\/strong><\/li>\n<\/ol>\n<p>Osobn\u00e9 \u00fadaje m\u00f4\u017eu by\u0165 v s\u00falade s osobitn\u00fdmi pr\u00e1vnymi predpismi poskytovan\u00e9 nasleduj\u00facim tret\u00edm stran\u00e1m:<\/p>\n<ul class=\"style_italic\">\n<li>Da\u0148ov\u00fd \u00farad<\/li>\n<li>Soci\u00e1lna pois\u0165ov\u0148a<\/li>\n<li>Zdravotn\u00e9 pois\u0165ovne<\/li>\n<li>\u00darad pr\u00e1ce soci\u00e1lnych vec\u00ed a\u00a0rodiny<\/li>\n<li>Doplnkov\u00e9 d\u00f4chodkov\u00e9 spolo\u010dnosti<\/li>\n<li>In\u00e9 (banky, komer\u010dn\u00e9 pois\u0165ovne, s\u00fady, exek\u00fatori, at\u010f&#8230;)<\/li>\n<li>Sprostredkovatelia v r\u00e1mci zmluvn\u00fdch vz\u0165ahov v s\u00falade s GDPR a Z\u00e1konom o ochrane osobn\u00fdch \u00fadajov<\/li>\n<\/ul>\n<p>Nepren\u00e1\u0161ame a ani nezam\u00fd\u0161\u013eame prenies\u0165 osobn\u00e9 \u00fadaje dotknut\u00fdch os\u00f4b do tretej krajiny alebo medzin\u00e1rodnej organiz\u00e1cie.<\/p>\n<ol start=\"7\">\n<li><strong>Pr\u00e1va dotknutej osoby t\u00fdkaj\u00face sa sprac\u00favania jej osobn\u00fdch \u00fadajov<\/strong><\/li>\n<\/ol>\n<p>V\u0161eobecn\u00e9 nariadenie o ochrane \u00fadajov a Z\u00e1kon o ochrane osobn\u00fdch \u00fadajov ustanovuje v\u0161eobecn\u00e9 podmienky v\u00fdkonu jednotliv\u00fdch pr\u00e1v dotknutej osoby. To v\u0161ak automaticky neznamen\u00e1, \u017ee pri uplat\u0148ovan\u00ed jednotliv\u00fdch pr\u00e1v im bude zo strany prev\u00e1dzkovate\u013ea vyhoven\u00e9, nako\u013eko v konkr\u00e9tnom pr\u00edpade sa m\u00f4\u017eu uplat\u0148ova\u0165 aj v\u00fdnimky resp. niektor\u00e9 pr\u00e1va s\u00fa naviazan\u00e9 na konkr\u00e9tne podmienky, ktor\u00e9 nemusia by\u0165 v ka\u017edom pr\u00edpade splnen\u00e9.<\/p>\n<p>So \u017eiados\u0165ou t\u00fdkaj\u00facou sa konkr\u00e9tneho pr\u00e1va sa budeme v\u017edy zaobera\u0165 a sk\u00fama\u0165 z h\u013eadiska pr\u00e1vnej \u00fapravy a uplatnite\u013en\u00fdch v\u00fdnimiek.<\/p>\n<p>\u017diados\u0165 dotknutej osoby sa vybavuje bezodplatne. To neplat\u00ed, ak:<\/p>\n<ol class=\"list_style_letter style_italic\">\n<li>si dotknut\u00e1 osoba uplatn\u00ed opakovan\u00e9 \u017eiadosti o\u00a0pr\u00edstup k osobn\u00fdm \u00fadajom, za\u00a0poskytnutie \u010fal\u0161\u00edch k\u00f3pi\u00ed osobn\u00fdch \u00fadajov je B.R.M Group v\u00a0s\u00falade s\u00a0GDPR<\/li>\n<li>\u017eiados\u0165 dotknutej osoby je zjavne neopodstatnen\u00e1 alebo neprimeran\u00e1 najm\u00e4 pre jej opakuj\u00facu sa povahu, B.R.M.Group je opr\u00e1vnen\u00e1 od dotknutej osoby po\u017eadova\u0165 primeran\u00fd poplatok zoh\u013ead\u0148uj\u00faci administrat\u00edvne n\u00e1klady na poskytnutie inform\u00e1ci\u00ed, na\u00a0ozn\u00e1menie alebo na uskuto\u010dnenie po\u017eadovan\u00e9ho opatrenia.<\/li>\n<\/ol>\n<p><strong><em>Dotknut\u00e1 osoba m\u00e1 pr\u00e1vo:<\/em><\/strong><\/p>\n<ul>\n<li>po\u017eiada\u0165 prev\u00e1dzkovate\u013ea o inform\u00e1ciu, \u010di s\u00fa jej osobn\u00e9 \u00fadaje sprac\u00favan\u00e9 alebo nie<\/li>\n<li>po\u017eadova\u0165 od prev\u00e1dzkovate\u013ea pr\u00edstup k osobn\u00fdm \u00fadajom, ktor\u00e9 sa jej t\u00fdkaj\u00fa<\/li>\n<li>aby osobn\u00e9 \u00fadaje, ktor\u00e9 sa sprac\u00favaj\u00fa, boli spr\u00e1vne, aktu\u00e1lne a \u00fapln\u00e9<\/li>\n<li>po\u017eiada\u0165 prev\u00e1dzkovate\u013ea o opravu alebo doplnenie neaktu\u00e1lnych alebo ne\u00fapln\u00fdch osobn\u00fdch \u00fadajov<\/li>\n<li>namieta\u0165 sprac\u00favanie jej osobn\u00fdch \u00fadajov, ako aj pr\u00e1vo po\u017eiada\u0165 prev\u00e1dzkovate\u013ea o v\u00fdmaz osobn\u00fdch \u00fadajov, ktor\u00e9 sa sprac\u00favaj\u00fa nez\u00e1konne, nad r\u00e1mec \u00fa\u010delu, na ktor\u00fd boli poskytnut\u00e9 alebo v pr\u00edpade, ak dotknut\u00e1 osoba odvol\u00e1 svoj s\u00fahlas<\/li>\n<li>namieta\u0165 sprac\u00favanie jej osobn\u00fdch \u00fadajov vykon\u00e1van\u00e9 na z\u00e1klade verejn\u00e9ho z\u00e1ujmu alebo na z\u00e1klade opr\u00e1vnen\u00fdch z\u00e1ujmov prev\u00e1dzkovate\u013ea alebo tretej osoby vr\u00e1tane profilovania<\/li>\n<li>namieta\u0165 sprac\u00favanie osobn\u00fdch \u00fadajov, ktor\u00e9 sa jej t\u00fdkaj\u00fa, na \u00fa\u010del priameho marketingu vr\u00e1tane profilovania v rozsahu, v akom s\u00favis\u00ed s priamym marketingom<\/li>\n<li>na to, aby sa na \u0148u nevz\u0165ahovalo rozhodnutie, ktor\u00e9 je zalo\u017een\u00e9 v\u00fdlu\u010dne na automatizovanom sprac\u00favan\u00ed osobn\u00fdch \u00fadajov vr\u00e1tane profilovania, ktor\u00e9 sa jej t\u00fdkaj\u00fa alebo ju obdobne v\u00fdznamne ovplyv\u0148uj\u00fa<\/li>\n<li>aby prev\u00e1dzkovate\u013e bez zbyto\u010dn\u00e9ho odkladu vymazal osobn\u00e9 \u00fadaje, ktor\u00e9 sa jej t\u00fdkaj\u00fa<\/li>\n<li>po\u017eiada\u0165 prev\u00e1dzkovate\u013ea o obmedzenie sprac\u00favania osobn\u00fdch \u00fadajov, ak dotknut\u00e1 osoba namieta spr\u00e1vnos\u0165 osobn\u00fdch \u00fadajov, a to po\u010das obdobia umo\u017e\u0148uj\u00faceho prev\u00e1dzkovate\u013eovi overi\u0165 spr\u00e1vnos\u0165 osobn\u00fdch \u00fadajov, sprac\u00favanie osobn\u00fdch \u00fadajov je nez\u00e1konn\u00e9 a dotknut\u00e1 osoba namieta vymazanie osobn\u00fdch \u00fadajov a \u017eiada namiesto toho o obmedzenie ich pou\u017eitia, prev\u00e1dzkovate\u013e u\u017e nepotrebuje osobn\u00e9 \u00fadaje na \u00fa\u010del sprac\u00favania osobn\u00fdch \u00fadajov, ale potrebuje ich dotknut\u00e1 osoba na uplatnenie pr\u00e1vneho n\u00e1roku, alebo dotknut\u00e1 osoba namieta sprac\u00favanie osobn\u00fdch \u00fadajov na z\u00e1klade verejn\u00e9ho z\u00e1ujmu alebo na z\u00e1klade opr\u00e1vnen\u00fdch z\u00e1ujmov prev\u00e1dzkovate\u013ea alebo tretej strany, a to a\u017e do overenia, \u010di opr\u00e1vnen\u00e9 d\u00f4vody na strane prev\u00e1dzkovate\u013ea preva\u017euj\u00fa nad opr\u00e1vnen\u00fdmi d\u00f4vodmi dotknutej osoby<\/li>\n<li>po\u017eiada\u0165 prev\u00e1dzkovate\u013ea o poskytnutie jej osobn\u00fdch \u00fadajov v elektronickej forme, ktor\u00e1 umo\u017en\u00ed prenies\u0165 osobn\u00e9 \u00fadaje dotknutej osoby do inej spolo\u010dnosti, resp. tretej osobe<\/li>\n<li>z\u00edska\u0165 osobn\u00e9 \u00fadaje, ktor\u00e9 sa jej t\u00fdkaj\u00fa, a ktor\u00e9 poskytla prev\u00e1dzkovate\u013eovi, v \u0161trukt\u00farovanom, be\u017ene pou\u017e\u00edvanom a strojovo \u010ditate\u013enom form\u00e1te a m\u00e1 pr\u00e1vo prenies\u0165 tieto osobn\u00e9 \u00fadaje \u010fal\u0161iemu prev\u00e1dzkovate\u013eovi, ak je to technicky mo\u017en\u00e9 a ak osobn\u00e9 \u00fadaje prev\u00e1dzkovate\u013e sprac\u00fava na z\u00e1klade s\u00fahlasu dotknutej osoby alebo na z\u00e1klade zmluvn\u00e9ho vz\u0165ahu<\/li>\n<\/ul>\n<ol start=\"8\">\n<li><strong>Dozorn\u00fd org\u00e1n<\/strong><\/li>\n<\/ol>\n<p>Dotknut\u00e9 osoby maj\u00fa pr\u00e1vo obr\u00e1ti\u0165 sa v pr\u00edpade podozrenia, \u017ee jej osobn\u00e9 \u00fadaje sa neopr\u00e1vnene sprac\u00favaj\u00fa na pr\u00edslu\u0161n\u00fd dozorn\u00fd org\u00e1n:<\/p>\n<p><em>\u00darad na ochranu osobn\u00fdch \u00fadajov Slovenskej republiky<\/em><\/p>\n<p><em>Hrani\u010dn\u00e1 12, 820 07, Bratislava 27, Slovensk\u00e1 republika<\/em><\/p>\n<p><em>I\u010cO: 36064220<\/em><\/p>\n<p><em>E-mail: <a href=\"mailto:statny.dozor@pdp.gov.sk\">statny.dozor@pdp.gov.sk<\/a><\/em><\/p>\n<p>gdpr_wrapper<\/p>\n","protected":false},"excerpt":{"rendered":"<p>Ochrana osobn\u00fdch \u00fadajov (GDPR \u2013 General Data Protection Regulation) V zmysle \u010dl\u00e1nku 13 a\u017e 22 Nariadenia Eur\u00f3pskeho parlamentu a Rady (E\u00da) \u010d. 2016\/679 o ochrane fyzick\u00fdch<span class=\"excerpt-hellip\"> [\u2026]<\/span><\/p>\n","protected":false},"author":1,"featured_media":0,"parent":0,"menu_order":0,"comment_status":"closed","ping_status":"closed","template":"","meta":{"footnotes":""},"class_list":["post-528","page","type-page","status-publish","hentry"],"yoast_head":"<!-- This site is optimized with the Yoast SEO plugin v24.4 - https:\/\/yoast.com\/wordpress\/plugins\/seo\/ -->\n<title>Verarbeitung pers\u00f6nlicher Daten - B.R.M. Group<\/title>\n<meta name=\"description\" content=\"V zmysle \u010dl\u00e1nku 13 a\u017e 22 Nariadenia Eur\u00f3pskeho parlamentu a Rady (E\u00da) \u010d. 2016\/679 o ochrane fyzick\u00fdch os\u00f4b pri sprac\u00favan\u00ed osobn\u00fdch \u00fadajov...\" \/>\n<meta name=\"robots\" content=\"index, follow, max-snippet:-1, max-image-preview:large, max-video-preview:-1\" \/>\n<link rel=\"canonical\" href=\"https:\/\/brmgroup.sk\/de\/verarbeitung-persoenlicher-daten\" \/>\n<meta property=\"og:locale\" content=\"de_DE\" \/>\n<meta property=\"og:type\" content=\"article\" \/>\n<meta property=\"og:title\" content=\"Verarbeitung pers\u00f6nlicher Daten - B.R.M. Group\" \/>\n<meta property=\"og:description\" content=\"V zmysle \u010dl\u00e1nku 13 a\u017e 22 Nariadenia Eur\u00f3pskeho parlamentu a Rady (E\u00da) \u010d. 2016\/679 o ochrane fyzick\u00fdch os\u00f4b pri sprac\u00favan\u00ed osobn\u00fdch \u00fadajov...\" \/>\n<meta property=\"og:url\" content=\"https:\/\/brmgroup.sk\/de\/verarbeitung-persoenlicher-daten\" \/>\n<meta property=\"og:site_name\" content=\"B.R.M. Group\" \/>\n<meta property=\"article:modified_time\" content=\"2019-06-04T12:10:17+00:00\" \/>\n<meta name=\"twitter:card\" content=\"summary_large_image\" \/>\n<meta name=\"twitter:label1\" content=\"Gesch\u00e4tzte Lesezeit\" \/>\n\t<meta name=\"twitter:data1\" content=\"9\u00a0Minuten\" \/>\n<script type=\"application\/ld+json\" class=\"yoast-schema-graph\">{\"@context\":\"https:\/\/schema.org\",\"@graph\":[{\"@type\":\"WebPage\",\"@id\":\"https:\/\/brmgroup.sk\/de\/verarbeitung-persoenlicher-daten\",\"url\":\"https:\/\/brmgroup.sk\/de\/verarbeitung-persoenlicher-daten\",\"name\":\"Verarbeitung pers\u00f6nlicher Daten - B.R.M. Group\",\"isPartOf\":{\"@id\":\"https:\/\/brmgroup.sk\/#website\"},\"datePublished\":\"2019-01-11T09:28:32+00:00\",\"dateModified\":\"2019-06-04T12:10:17+00:00\",\"description\":\"V zmysle \u010dl\u00e1nku 13 a\u017e 22 Nariadenia Eur\u00f3pskeho parlamentu a Rady (E\u00da) \u010d. 2016\/679 o ochrane fyzick\u00fdch os\u00f4b pri sprac\u00favan\u00ed osobn\u00fdch \u00fadajov...\",\"breadcrumb\":{\"@id\":\"https:\/\/brmgroup.sk\/de\/verarbeitung-persoenlicher-daten#breadcrumb\"},\"inLanguage\":\"de\",\"potentialAction\":[{\"@type\":\"ReadAction\",\"target\":[\"https:\/\/brmgroup.sk\/de\/verarbeitung-persoenlicher-daten\"]}]},{\"@type\":\"BreadcrumbList\",\"@id\":\"https:\/\/brmgroup.sk\/de\/verarbeitung-persoenlicher-daten#breadcrumb\",\"itemListElement\":[{\"@type\":\"ListItem\",\"position\":1,\"name\":\"Home\",\"item\":\"https:\/\/brmgroup.sk\/de\"},{\"@type\":\"ListItem\",\"position\":2,\"name\":\"Verarbeitung pers\u00f6nlicher Daten\"}]},{\"@type\":\"WebSite\",\"@id\":\"https:\/\/brmgroup.sk\/#website\",\"url\":\"https:\/\/brmgroup.sk\/\",\"name\":\"B.R.M. Group\",\"description\":\"Da\u0148ov\u00e9 a \u00fa\u010dtovn\u00e9 slu\u017eby, ktor\u00e9 nemin\u00fa cie\u013e!\",\"publisher\":{\"@id\":\"https:\/\/brmgroup.sk\/#organization\"},\"potentialAction\":[{\"@type\":\"SearchAction\",\"target\":{\"@type\":\"EntryPoint\",\"urlTemplate\":\"https:\/\/brmgroup.sk\/?s={search_term_string}\"},\"query-input\":{\"@type\":\"PropertyValueSpecification\",\"valueRequired\":true,\"valueName\":\"search_term_string\"}}],\"inLanguage\":\"de\"},{\"@type\":\"Organization\",\"@id\":\"https:\/\/brmgroup.sk\/#organization\",\"name\":\"B. R. M. Group\",\"url\":\"https:\/\/brmgroup.sk\/\",\"logo\":{\"@type\":\"ImageObject\",\"inLanguage\":\"de\",\"@id\":\"https:\/\/brmgroup.sk\/#\/schema\/logo\/image\/\",\"url\":\"https:\/\/brmgroup.sk\/wp-content\/uploads\/2019\/01\/brm_group_logo_retina_v2.png\",\"contentUrl\":\"https:\/\/brmgroup.sk\/wp-content\/uploads\/2019\/01\/brm_group_logo_retina_v2.png\",\"width\":400,\"height\":99,\"caption\":\"B. R. M. Group\"},\"image\":{\"@id\":\"https:\/\/brmgroup.sk\/#\/schema\/logo\/image\/\"},\"sameAs\":[\"https:\/\/www.linkedin.com\/company\/brm-tax-bratislava\"]}]}<\/script>\n<!-- \/ Yoast SEO plugin. -->","yoast_head_json":{"title":"Verarbeitung pers\u00f6nlicher Daten - B.R.M. Group","description":"V zmysle \u010dl\u00e1nku 13 a\u017e 22 Nariadenia Eur\u00f3pskeho parlamentu a Rady (E\u00da) \u010d. 2016\/679 o ochrane fyzick\u00fdch os\u00f4b pri sprac\u00favan\u00ed osobn\u00fdch \u00fadajov...","robots":{"index":"index","follow":"follow","max-snippet":"max-snippet:-1","max-image-preview":"max-image-preview:large","max-video-preview":"max-video-preview:-1"},"canonical":"https:\/\/brmgroup.sk\/de\/verarbeitung-persoenlicher-daten","og_locale":"de_DE","og_type":"article","og_title":"Verarbeitung pers\u00f6nlicher Daten - B.R.M. Group","og_description":"V zmysle \u010dl\u00e1nku 13 a\u017e 22 Nariadenia Eur\u00f3pskeho parlamentu a Rady (E\u00da) \u010d. 2016\/679 o ochrane fyzick\u00fdch os\u00f4b pri sprac\u00favan\u00ed osobn\u00fdch \u00fadajov...","og_url":"https:\/\/brmgroup.sk\/de\/verarbeitung-persoenlicher-daten","og_site_name":"B.R.M. Group","article_modified_time":"2019-06-04T12:10:17+00:00","twitter_card":"summary_large_image","twitter_misc":{"Gesch\u00e4tzte Lesezeit":"9\u00a0Minuten"},"schema":{"@context":"https:\/\/schema.org","@graph":[{"@type":"WebPage","@id":"https:\/\/brmgroup.sk\/de\/verarbeitung-persoenlicher-daten","url":"https:\/\/brmgroup.sk\/de\/verarbeitung-persoenlicher-daten","name":"Verarbeitung pers\u00f6nlicher Daten - B.R.M. Group","isPartOf":{"@id":"https:\/\/brmgroup.sk\/#website"},"datePublished":"2019-01-11T09:28:32+00:00","dateModified":"2019-06-04T12:10:17+00:00","description":"V zmysle \u010dl\u00e1nku 13 a\u017e 22 Nariadenia Eur\u00f3pskeho parlamentu a Rady (E\u00da) \u010d. 2016\/679 o ochrane fyzick\u00fdch os\u00f4b pri sprac\u00favan\u00ed osobn\u00fdch \u00fadajov...","breadcrumb":{"@id":"https:\/\/brmgroup.sk\/de\/verarbeitung-persoenlicher-daten#breadcrumb"},"inLanguage":"de","potentialAction":[{"@type":"ReadAction","target":["https:\/\/brmgroup.sk\/de\/verarbeitung-persoenlicher-daten"]}]},{"@type":"BreadcrumbList","@id":"https:\/\/brmgroup.sk\/de\/verarbeitung-persoenlicher-daten#breadcrumb","itemListElement":[{"@type":"ListItem","position":1,"name":"Home","item":"https:\/\/brmgroup.sk\/de"},{"@type":"ListItem","position":2,"name":"Verarbeitung pers\u00f6nlicher Daten"}]},{"@type":"WebSite","@id":"https:\/\/brmgroup.sk\/#website","url":"https:\/\/brmgroup.sk\/","name":"B.R.M. Group","description":"Da\u0148ov\u00e9 a \u00fa\u010dtovn\u00e9 slu\u017eby, ktor\u00e9 nemin\u00fa cie\u013e!","publisher":{"@id":"https:\/\/brmgroup.sk\/#organization"},"potentialAction":[{"@type":"SearchAction","target":{"@type":"EntryPoint","urlTemplate":"https:\/\/brmgroup.sk\/?s={search_term_string}"},"query-input":{"@type":"PropertyValueSpecification","valueRequired":true,"valueName":"search_term_string"}}],"inLanguage":"de"},{"@type":"Organization","@id":"https:\/\/brmgroup.sk\/#organization","name":"B. R. M. Group","url":"https:\/\/brmgroup.sk\/","logo":{"@type":"ImageObject","inLanguage":"de","@id":"https:\/\/brmgroup.sk\/#\/schema\/logo\/image\/","url":"https:\/\/brmgroup.sk\/wp-content\/uploads\/2019\/01\/brm_group_logo_retina_v2.png","contentUrl":"https:\/\/brmgroup.sk\/wp-content\/uploads\/2019\/01\/brm_group_logo_retina_v2.png","width":400,"height":99,"caption":"B. R. M. Group"},"image":{"@id":"https:\/\/brmgroup.sk\/#\/schema\/logo\/image\/"},"sameAs":["https:\/\/www.linkedin.com\/company\/brm-tax-bratislava"]}]}},"_links":{"self":[{"href":"https:\/\/brmgroup.sk\/de\/wp-json\/wp\/v2\/pages\/528","targetHints":{"allow":["GET"]}}],"collection":[{"href":"https:\/\/brmgroup.sk\/de\/wp-json\/wp\/v2\/pages"}],"about":[{"href":"https:\/\/brmgroup.sk\/de\/wp-json\/wp\/v2\/types\/page"}],"author":[{"embeddable":true,"href":"https:\/\/brmgroup.sk\/de\/wp-json\/wp\/v2\/users\/1"}],"replies":[{"embeddable":true,"href":"https:\/\/brmgroup.sk\/de\/wp-json\/wp\/v2\/comments?post=528"}],"version-history":[{"count":3,"href":"https:\/\/brmgroup.sk\/de\/wp-json\/wp\/v2\/pages\/528\/revisions"}],"predecessor-version":[{"id":643,"href":"https:\/\/brmgroup.sk\/de\/wp-json\/wp\/v2\/pages\/528\/revisions\/643"}],"wp:attachment":[{"href":"https:\/\/brmgroup.sk\/de\/wp-json\/wp\/v2\/media?parent=528"}],"curies":[{"name":"wp","href":"https:\/\/api.w.org\/{rel}","templated":true}]}}