{"id":533,"date":"2019-01-11T10:28:52","date_gmt":"2019-01-11T09:28:52","guid":{"rendered":"https:\/\/brmgroup.sk\/politika-suborov-cookies\/"},"modified":"2019-05-31T09:31:07","modified_gmt":"2019-05-31T07:31:07","slug":"cookie-policy","status":"publish","type":"page","link":"https:\/\/brmgroup.sk\/de\/cookie-policy","title":{"rendered":"Cookie Policy"},"content":{"rendered":"<p>What are cookies<\/p>\n<h2>What are cookies?<\/h2>\n<p>Cookies are small text files created by a web server and stored on your computer or mobile device while browsing the web. Using these files, the web server can, for some time, remember how you navigate the website and your preferences (e.g. the selected language, font size and similar) so you don\u2019t have to adjust them every time you revisit the site. Most websites and e-shops use cookies to maintain certain functionality.<\/p>\n<h2>Categories of cookies<\/h2>\n<p>Cookies can be categorised by the time they remain stored into:<\/p>\n<ul>\n<li>Short-term (session) cookies &#8211; they will be deleted from your computer as soon as you close the browser.<\/li>\n<li>Long-term (persistent) cookies &#8211; they remain stored on your computer after closing the browser and will be deleted after an extended period of time. (Depending on your browser settings). You can also delete them manually.<\/li>\n<\/ul>\n<p>Cookies can be divided by purpose as follows:<\/p>\n<ul>\n<li>Technical cookies &#8211; used to ensure the basic website functionality (video playback, content sharing, login).<\/li>\n<li>Analytical cookies &#8211; used to collect non-anonymous data about your behaviour. Using analytical cookies, we can modify the website to be more user friendly.<\/li>\n<li>Remarketing cookies &#8211; used for targeted display of advertising to the user.<\/li>\n<\/ul>\n<h2>How do we use cookies?<\/h2>\n<p>This website uses cookies to:<\/p>\n<ul>\n<li>ensure the core website functionality<\/li>\n<li>remember user settings<\/li>\n<li>collect anonymous statistical information about visitors<\/li>\n<li>better tailor advertising and share content through social networks<\/li>\n<\/ul>\n<h2>What cookies do we use?<\/h2>\n<h3>Google Analytics<\/h3>\n<p>Google Analytics is a service of Google Inc. It is used to collect and gather anonymised statistical website usage data. This service helps us to better understand the needs of our visitors and ensure their satisfaction. Google Analytics stores information about the websites you visit, the duration of your visit, what site you came from and what links you click. Google Inc. transfers and stores all this information along with the cookies on servers located in the United States of America. Such data does not contain any confidential information using which we could identify a specific visitor. Such information is retained indefinitely. Google Inc. may provide such data to third parties if required by the law.<\/p>\n<p>For more information about their privacy policy click here: <a href=\"https:\/\/support.google.com\/analytics\/topic\/2919631?hl=sk&#038;ref_topic=1008008\">https:\/\/support.google.com\/analytics\/topic\/2919631?hl=sk&#038;ref_topic=1008008<\/a><\/p>\n<p>To install a software add-in which will ensure no Google Analytics cookies are stored on your computer, click here: <a href=\"https:\/\/tools.google.com\/dlpage\/gaoptout\">https:\/\/tools.google.com\/dlpage\/gaoptou<\/a><\/p>\n<h2>Browser settings<\/h2>\n<p>Most web browsers can be set to block cookies. If you disable cookies, some of the website features may not work correctly. The cookie setup options can be usually found under \u2018Options\u2019 or \u2018Settings\u2019.<\/p>\n<p>Cookie settings for specific browsers:<\/p>\n<ul>\n<li>Internet Explorer &#8211; <a href=\"https:\/\/support.microsoft.com\/sk-sk\/help\/17442\/windows-internet-explorer-delete-manage-cookies\">https:\/\/support.microsoft.com\/sk-sk\/help\/17442\/windows-internet-explorer-delete-manage-cookies<\/a><\/li>\n<li>Mozilla Firefox &#8211; <a href=\"https:\/\/support.mozilla.org\/sk\/kb\/Spr%C3%A1va%20cookies\">https:\/\/support.mozilla.org\/sk\/kb\/Spr%C3%A1va%20cookies<\/a><\/li>\n<li>Google Chrome &#8211; <a href=\"https:\/\/support.google.com\/chrome\/answer\/95647?hl=sk\">https:\/\/support.google.com\/chrome\/answer\/95647?hl=sk<\/a><\/li>\n<li>Safari &#8211; <a href=\"https:\/\/support.apple.com\/kb\/ph21411?locale=sk_SK\">https:\/\/support.apple.com\/kb\/ph21411?locale=sk_SK<\/a><\/li>\n<\/ul>\n<p>For more information about cookies and their use, please visit <a href=\"https:\/\/www.aboutcookies.org\/\">https:\/\/aboutcookies.org\/<\/a><\/p>\n","protected":false},"excerpt":{"rendered":"<p>What are cookies What are cookies? Cookies are small text files created by a web server and stored on your computer or mobile device while browsing<span class=\"excerpt-hellip\"> [\u2026]<\/span><\/p>\n","protected":false},"author":1,"featured_media":0,"parent":0,"menu_order":0,"comment_status":"closed","ping_status":"closed","template":"","meta":{"footnotes":""},"class_list":["post-533","page","type-page","status-publish","hentry"],"yoast_head":"<!-- This site is optimized with the Yoast SEO plugin v24.4 - https:\/\/yoast.com\/wordpress\/plugins\/seo\/ -->\n<title>Cookie Policy - B.R.M. Group<\/title>\n<meta name=\"description\" content=\"Cookies are small text files created by a web server and stored on your computer or mobile device while browsing the web.\" \/>\n<meta name=\"robots\" content=\"index, follow, max-snippet:-1, max-image-preview:large, max-video-preview:-1\" \/>\n<link rel=\"canonical\" href=\"https:\/\/brmgroup.sk\/de\/cookie-policy\" \/>\n<meta property=\"og:locale\" content=\"de_DE\" \/>\n<meta property=\"og:type\" content=\"article\" \/>\n<meta property=\"og:title\" content=\"Cookie Policy - B.R.M. Group\" \/>\n<meta property=\"og:description\" content=\"Cookies are small text files created by a web server and stored on your computer or mobile device while browsing the web.\" \/>\n<meta property=\"og:url\" content=\"https:\/\/brmgroup.sk\/de\/cookie-policy\" \/>\n<meta property=\"og:site_name\" content=\"B.R.M. Group\" \/>\n<meta property=\"article:modified_time\" content=\"2019-05-31T07:31:07+00:00\" \/>\n<meta name=\"twitter:card\" content=\"summary_large_image\" \/>\n<meta name=\"twitter:label1\" content=\"Gesch\u00e4tzte Lesezeit\" \/>\n\t<meta name=\"twitter:data1\" content=\"2\u00a0Minuten\" \/>\n<script type=\"application\/ld+json\" class=\"yoast-schema-graph\">{\"@context\":\"https:\/\/schema.org\",\"@graph\":[{\"@type\":\"WebPage\",\"@id\":\"https:\/\/brmgroup.sk\/de\/cookie-policy\",\"url\":\"https:\/\/brmgroup.sk\/de\/cookie-policy\",\"name\":\"Cookie Policy - B.R.M. Group\",\"isPartOf\":{\"@id\":\"https:\/\/brmgroup.sk\/#website\"},\"datePublished\":\"2019-01-11T09:28:52+00:00\",\"dateModified\":\"2019-05-31T07:31:07+00:00\",\"description\":\"Cookies are small text files created by a web server and stored on your computer or mobile device while browsing the web.\",\"breadcrumb\":{\"@id\":\"https:\/\/brmgroup.sk\/de\/cookie-policy#breadcrumb\"},\"inLanguage\":\"de\",\"potentialAction\":[{\"@type\":\"ReadAction\",\"target\":[\"https:\/\/brmgroup.sk\/de\/cookie-policy\"]}]},{\"@type\":\"BreadcrumbList\",\"@id\":\"https:\/\/brmgroup.sk\/de\/cookie-policy#breadcrumb\",\"itemListElement\":[{\"@type\":\"ListItem\",\"position\":1,\"name\":\"Home\",\"item\":\"https:\/\/brmgroup.sk\/de\"},{\"@type\":\"ListItem\",\"position\":2,\"name\":\"Cookie Policy\"}]},{\"@type\":\"WebSite\",\"@id\":\"https:\/\/brmgroup.sk\/#website\",\"url\":\"https:\/\/brmgroup.sk\/\",\"name\":\"B.R.M. Group\",\"description\":\"Da\u0148ov\u00e9 a \u00fa\u010dtovn\u00e9 slu\u017eby, ktor\u00e9 nemin\u00fa cie\u013e!\",\"publisher\":{\"@id\":\"https:\/\/brmgroup.sk\/#organization\"},\"potentialAction\":[{\"@type\":\"SearchAction\",\"target\":{\"@type\":\"EntryPoint\",\"urlTemplate\":\"https:\/\/brmgroup.sk\/?s={search_term_string}\"},\"query-input\":{\"@type\":\"PropertyValueSpecification\",\"valueRequired\":true,\"valueName\":\"search_term_string\"}}],\"inLanguage\":\"de\"},{\"@type\":\"Organization\",\"@id\":\"https:\/\/brmgroup.sk\/#organization\",\"name\":\"B. R. M. Group\",\"url\":\"https:\/\/brmgroup.sk\/\",\"logo\":{\"@type\":\"ImageObject\",\"inLanguage\":\"de\",\"@id\":\"https:\/\/brmgroup.sk\/#\/schema\/logo\/image\/\",\"url\":\"https:\/\/brmgroup.sk\/wp-content\/uploads\/2019\/01\/brm_group_logo_retina_v2.png\",\"contentUrl\":\"https:\/\/brmgroup.sk\/wp-content\/uploads\/2019\/01\/brm_group_logo_retina_v2.png\",\"width\":400,\"height\":99,\"caption\":\"B. R. M. Group\"},\"image\":{\"@id\":\"https:\/\/brmgroup.sk\/#\/schema\/logo\/image\/\"},\"sameAs\":[\"https:\/\/www.linkedin.com\/company\/brm-tax-bratislava\"]}]}<\/script>\n<!-- \/ Yoast SEO plugin. -->","yoast_head_json":{"title":"Cookie Policy - B.R.M. Group","description":"Cookies are small text files created by a web server and stored on your computer or mobile device while browsing the web.","robots":{"index":"index","follow":"follow","max-snippet":"max-snippet:-1","max-image-preview":"max-image-preview:large","max-video-preview":"max-video-preview:-1"},"canonical":"https:\/\/brmgroup.sk\/de\/cookie-policy","og_locale":"de_DE","og_type":"article","og_title":"Cookie Policy - B.R.M. Group","og_description":"Cookies are small text files created by a web server and stored on your computer or mobile device while browsing the web.","og_url":"https:\/\/brmgroup.sk\/de\/cookie-policy","og_site_name":"B.R.M. Group","article_modified_time":"2019-05-31T07:31:07+00:00","twitter_card":"summary_large_image","twitter_misc":{"Gesch\u00e4tzte Lesezeit":"2\u00a0Minuten"},"schema":{"@context":"https:\/\/schema.org","@graph":[{"@type":"WebPage","@id":"https:\/\/brmgroup.sk\/de\/cookie-policy","url":"https:\/\/brmgroup.sk\/de\/cookie-policy","name":"Cookie Policy - B.R.M. Group","isPartOf":{"@id":"https:\/\/brmgroup.sk\/#website"},"datePublished":"2019-01-11T09:28:52+00:00","dateModified":"2019-05-31T07:31:07+00:00","description":"Cookies are small text files created by a web server and stored on your computer or mobile device while browsing the web.","breadcrumb":{"@id":"https:\/\/brmgroup.sk\/de\/cookie-policy#breadcrumb"},"inLanguage":"de","potentialAction":[{"@type":"ReadAction","target":["https:\/\/brmgroup.sk\/de\/cookie-policy"]}]},{"@type":"BreadcrumbList","@id":"https:\/\/brmgroup.sk\/de\/cookie-policy#breadcrumb","itemListElement":[{"@type":"ListItem","position":1,"name":"Home","item":"https:\/\/brmgroup.sk\/de"},{"@type":"ListItem","position":2,"name":"Cookie Policy"}]},{"@type":"WebSite","@id":"https:\/\/brmgroup.sk\/#website","url":"https:\/\/brmgroup.sk\/","name":"B.R.M. Group","description":"Da\u0148ov\u00e9 a \u00fa\u010dtovn\u00e9 slu\u017eby, ktor\u00e9 nemin\u00fa cie\u013e!","publisher":{"@id":"https:\/\/brmgroup.sk\/#organization"},"potentialAction":[{"@type":"SearchAction","target":{"@type":"EntryPoint","urlTemplate":"https:\/\/brmgroup.sk\/?s={search_term_string}"},"query-input":{"@type":"PropertyValueSpecification","valueRequired":true,"valueName":"search_term_string"}}],"inLanguage":"de"},{"@type":"Organization","@id":"https:\/\/brmgroup.sk\/#organization","name":"B. R. M. Group","url":"https:\/\/brmgroup.sk\/","logo":{"@type":"ImageObject","inLanguage":"de","@id":"https:\/\/brmgroup.sk\/#\/schema\/logo\/image\/","url":"https:\/\/brmgroup.sk\/wp-content\/uploads\/2019\/01\/brm_group_logo_retina_v2.png","contentUrl":"https:\/\/brmgroup.sk\/wp-content\/uploads\/2019\/01\/brm_group_logo_retina_v2.png","width":400,"height":99,"caption":"B. R. M. Group"},"image":{"@id":"https:\/\/brmgroup.sk\/#\/schema\/logo\/image\/"},"sameAs":["https:\/\/www.linkedin.com\/company\/brm-tax-bratislava"]}]}},"_links":{"self":[{"href":"https:\/\/brmgroup.sk\/de\/wp-json\/wp\/v2\/pages\/533","targetHints":{"allow":["GET"]}}],"collection":[{"href":"https:\/\/brmgroup.sk\/de\/wp-json\/wp\/v2\/pages"}],"about":[{"href":"https:\/\/brmgroup.sk\/de\/wp-json\/wp\/v2\/types\/page"}],"author":[{"embeddable":true,"href":"https:\/\/brmgroup.sk\/de\/wp-json\/wp\/v2\/users\/1"}],"replies":[{"embeddable":true,"href":"https:\/\/brmgroup.sk\/de\/wp-json\/wp\/v2\/comments?post=533"}],"version-history":[{"count":2,"href":"https:\/\/brmgroup.sk\/de\/wp-json\/wp\/v2\/pages\/533\/revisions"}],"predecessor-version":[{"id":597,"href":"https:\/\/brmgroup.sk\/de\/wp-json\/wp\/v2\/pages\/533\/revisions\/597"}],"wp:attachment":[{"href":"https:\/\/brmgroup.sk\/de\/wp-json\/wp\/v2\/media?parent=533"}],"curies":[{"name":"wp","href":"https:\/\/api.w.org\/{rel}","templated":true}]}}