{"id":551,"date":"2019-05-02T13:41:59","date_gmt":"2019-05-02T11:41:59","guid":{"rendered":"https:\/\/brmgroup.sk\/?page_id=551"},"modified":"2019-05-31T09:06:09","modified_gmt":"2019-05-31T07:06:09","slug":"dienstleistungen","status":"publish","type":"page","link":"https:\/\/brmgroup.sk\/de\/dienstleistungen","title":{"rendered":"Dienstleistungen"},"content":{"rendered":"<p><img decoding=\"async\" src=\"http:\/\/brmgroup.sk\/wp-content\/uploads\/2019\/02\/brmgroup_audit_sluzby_ikona.jpg\" alt=\"brmgroup_audit_sluzby_ikona\"\/><\/p>\n<p>#323946<\/p>\n<p>Wirtschaftspr\u00fcfung<\/p>\n<p><a href=\"\/de\/dienstleistungen\/wirtschaftspruefung\/\">\/de\/dienstleistungen\/wirtschaftspruefung\/<\/a><\/p>\n<p>Audit<\/p>\n<h3>Wirtschaftspr\u00fcfung<\/h3>\n<p>center<\/p>\n<p>no-repeat;center top;;<\/p>\n<p>auto<\/p>\n<p>10px<\/p>\n<p>Mehr lesen<\/p>\n<p><a href=\"\/de\/dienstleistungen\/wirtschaftspruefung\/\">\/de\/dienstleistungen\/wirtschaftspruefung\/<\/a><\/p>\n<p>center<\/p>\n<p>icon-forward<\/p>\n<p>left<\/p>\n<p>2<\/p>\n<p>sluzby_butt<\/p>\n<p><img decoding=\"async\" src=\"http:\/\/brmgroup.sk\/wp-content\/uploads\/2019\/02\/brmgroup_dane_sluzby_ikona.jpg\" alt=\"brmgroup_dane_sluzby_ikona\"\/><\/p>\n<p>#323946<\/p>\n<p>Steuern<\/p>\n<p><a href=\"\/de\/dienstleistungen\/steuerberatung\/\">\/de\/dienstleistungen\/steuerberatung\/<\/a><\/p>\n<p>Dane<\/p>\n<h3>Steuern<\/h3>\n<p>center<\/p>\n<p>no-repeat;center top;;<\/p>\n<p>auto<\/p>\n<p>10px<\/p>\n<p>Mehr lesen<\/p>\n<p><a href=\"\/de\/dienstleistungen\/steuerberatung\/\">\/de\/dienstleistungen\/steuerberatung\/<\/a><\/p>\n<p>center<\/p>\n<p>icon-forward<\/p>\n<p>left<\/p>\n<p>2<\/p>\n<p>sluzby_butt<\/p>\n<p><img decoding=\"async\" src=\"http:\/\/brmgroup.sk\/wp-content\/uploads\/2019\/02\/brmgroup_ucto_sluzby_ikona.jpg\" alt=\"brmgroup_ucto_sluzby_ikona\"\/><\/p>\n<p>#323946<\/p>\n<p>Buchhaltung<\/p>\n<p><a href=\"\/de\/dienstleistungen\/buchhaltung-und-lohnverrechnung\/\">\/de\/dienstleistungen\/buchhaltung-und-lohnverrechnung\/<\/a><\/p>\n<p>\u00da\u010dtovn\u00edctvo<\/p>\n<h3>Buchhaltung<\/h3>\n<p>center<\/p>\n<p>no-repeat;center top;;<\/p>\n<p>auto<\/p>\n<p>10px<\/p>\n<p>Mehr lesen<\/p>\n<p><a href=\"\/de\/dienstleistungen\/buchhaltung-und-lohnverrechnung\/\">\/de\/dienstleistungen\/buchhaltung-und-lohnverrechnung\/<\/a><\/p>\n<p>center<\/p>\n<p>icon-forward<\/p>\n<p>left<\/p>\n<p>2<\/p>\n<p>sluzby_butt<\/p>\n<p><img decoding=\"async\" src=\"http:\/\/brmgroup.sk\/wp-content\/uploads\/2019\/02\/brmgroup_poradenstvo_sluzby_ikona.jpg\" alt=\"brmgroup_poradenstvo_sluzby_ikona\"\/><\/p>\n<p>#323946<\/p>\n<p>Beratung<\/p>\n<p><a href=\"\/de\/dienstleistungen\/andere-beratungsleistungen\/\">\/de\/dienstleistungen\/andere-beratungsleistungen\/<\/a><\/p>\n<p>Poradenstvo<\/p>\n<h3>Beratung<\/h3>\n<p>center<\/p>\n<p>no-repeat;center top;;<\/p>\n<p>auto<\/p>\n<p>10px<\/p>\n<p>Mehr lesen<\/p>\n<p><a href=\"\/de\/dienstleistungen\/andere-beratungsleistungen\/\">\/de\/dienstleistungen\/andere-beratungsleistungen\/<\/a><\/p>\n<p>center<\/p>\n<p>icon-forward<\/p>\n<p>left<\/p>\n<p>2<\/p>\n<p>sluzby_butt<\/p>\n<p>Audit<\/p>\n<h2>Audit<\/h2>\n<h3>Poskytujeme tieto auditorsk\u00e9 slu\u017eby:<\/h3>\n<ul>\n<li>\u0161tatut\u00e1rny audit individu\u00e1lnej \u00fa\u010dtovnej z\u00e1vierky<\/li>\n<li>overenie s\u00faladu v\u00fdro\u010dnej spr\u00e1vy s \u00fa\u010dtovnou z\u00e1vierkou<\/li>\n<li>overenie \u00fa\u010dtovnej z\u00e1vierky pre \u00fa\u010dely re\u0161trukturaliza\u010dn\u00e9ho konania<\/li>\n<li>overenie konsolidovanej \u00fa\u010dtovnej z\u00e1vierky<\/li>\n<li>priebe\u017en\u00fd audit<\/li>\n<li>mimoriadny audit<\/li>\n<li>vypracovanie due diligence pri firemn\u00fdch akviz\u00edci\u00e1ch<\/li>\n<\/ul>\n<p>no-repeat;center top;;<\/p>\n<p>auto<\/p>\n<p>Dane a da\u0148ov\u00e9 poradenstvo<\/p>\n<h2>Dane a da\u0148ov\u00e9 poradenstvo<\/h2>\n<h3>Poskytovan\u00e9 slu\u017eby z tejto oblasti:<\/h3>\n<p><i>Da\u0148 z pr\u00edjmov<\/i><\/p>\n<ul>\n<li>vypracovanie da\u0148ov\u00fdch priznan\u00ed pre pr\u00e1vnick\u00e9 aj fyzick\u00e9 osoby<\/li>\n<li>kontrola Vami vypracovan\u00fdch da\u0148ov\u00fdch priznan\u00ed pred ich podan\u00edm<\/li>\n<li>n\u00e1vrhy opatren\u00ed smeruj\u00facich k optimaliz\u00e1cii z\u00e1kladu dane<\/li>\n<li>intern\u00fd da\u0148ov\u00fd audit \u2013 kontrola \u00fa\u010dtovn\u00edctva a n\u00e1vrhy na rie\u0161enie problematick\u00fdch oblast\u00ed<\/li>\n<\/ul>\n<p><\/p>\n<p><i>Da\u0148 z pridanej hodnoty<\/i><\/p>\n<ul>\n<li>pom\u00f4\u017eeme V\u00e1m s registr\u00e1ciou Va\u0161ej firmy za platite\u013ea DPH<\/li>\n<li>poradenstvo a podpora pri dodr\u017eiavan\u00ed z\u00e1kona o DPH<\/li>\n<li>kontrola da\u0148ov\u00fdch dokladov a n\u00e1vrhy na rie\u0161enie zisten\u00fdch nedostatkov<\/li>\n<\/ul>\n<p><\/p>\n<p><i>Medzin\u00e1rodn\u00e9 zda\u0148ovanie<\/i><\/p>\n<ul>\n<li>poradenstvo pri uplat\u0148ovan\u00ed DPH pri cezhrani\u010dn\u00fdch transakci\u00e1ch (E\u00da, tretie \u0161t\u00e1ty)<\/li>\n<li>rie\u0161enie ot\u00e1zok pri \u00fahrad\u00e1ch do zahrani\u010dia \u2013 zr\u00e1\u017ekov\u00e9 dane, zabezpe\u010denie dane<\/li>\n<li>dokument\u00e1cia k transferov\u00e9mu oce\u0148ovaniu<\/li>\n<li>da\u0148ov\u00e9 priznania pre osoby poberaj\u00face pr\u00edjmy zo zahrani\u010dia<\/li>\n<li>vybavenie potvrden\u00ed o zdanen\u00ed pr\u00edjmov na Slovensku pre zahrani\u010dn\u00e9 osoby<\/li>\n<\/ul>\n<p><\/p>\n<h3>Ostatn\u00e9 da\u0148ov\u00e9 slu\u017eby:<\/h3>\n<p><i>Podpora pri da\u0148ov\u00fdch kontrol\u00e1ch: <\/i><\/p>\n<ul>\n<li>pomoc pri pr\u00edprave dokladov a dokumentov pred za\u010diatkom da\u0148ovej kontroly<\/li>\n<li>pos\u00fadenie dokumentov, ktor\u00e9 bud\u00fa predlo\u017een\u00e9 spr\u00e1vcovi dane<\/li>\n<li>rie\u0161enie sporn\u00fdch situ\u00e1ci\u00ed pri da\u0148ovej kontrole<\/li>\n<li>d\u00f4raz na d\u00f4sledn\u00e9 zachovanie pr\u00e1v kontrolovan\u00e9ho subjektu<\/li>\n<li>priebe\u017en\u00e1 komunik\u00e1cia so spr\u00e1vcom dane, formul\u00e1cia vyjadren\u00ed ku kontroln\u00fdm zisteniam<\/li>\n<li>v pr\u00edpade, \u017ee nes\u00fahlas\u00edte s v\u00fdsledkami da\u0148ovej kontroly, vypracujeme za V\u00e1s pripomienky k protokolu o da\u0148ovej kontrole, v pr\u00edpade potreby vypracujeme odvolanie proti rozhodnutiu spr\u00e1vcu dane v nadv\u00e4znosti na da\u0148ov\u00fa kontrolu<\/li>\n<p><b>Pozn.:<\/b> <\/p>\n<p>Jednotliv\u00e9 uveden\u00e9 opatrenia mo\u017eno realizova\u0165 len v ur\u010dit\u00fdch f\u00e1zach da\u0148ovej kontroly a v\u00e4\u010d\u0161inu z nich nie je mo\u017en\u00e9 uskuto\u010dni\u0165 po vydan\u00ed protokolu o v\u00fdsledkoch da\u0148ovej kontroly. Pr\u00edtomnos\u0165 kvalifikovan\u00e9ho da\u0148ov\u00e9ho poradcu po\u010das kontroly V\u00e1s dok\u00e1\u017ee ochr\u00e1ni\u0165 od po\u017eiadaviek spr\u00e1vcu dane na predlo\u017eenie d\u00f4kazov, ktor\u00e9 v praxi nie v\u017edy s\u00fa v s\u00falade s realitou, resp. niekedy id\u00fa nad r\u00e1mec z\u00e1konn\u00fdch povinnost\u00ed da\u0148ov\u00e9ho subjektu. Odpor\u00fa\u010dame V\u00e1m preto zapoji\u0165 n\u00e1s do priebehu da\u0148ovej kontroly \u010do najsk\u00f4r, v\u010faka \u010domu V\u00e1m vieme zabezpe\u010di\u0165 v\u00fdrazne lep\u0161iu poz\u00edciu na obhajobu Va\u0161ich z\u00e1ujmov.\n<\/p>\n<\/ul>\n<p><\/p>\n<p><i>Zastupovanie pri spr\u00e1ve dan\u00ed:<\/i><\/p>\n<ul>\n<li>ako V\u00e1\u0161 z\u00e1stupca pri spr\u00e1ve dan\u00ed prevezmeme za V\u00e1s kompletn\u00fa komunik\u00e1ciu so spr\u00e1vcom dane<\/li>\n<li>vybav\u00edme za V\u00e1s da\u0148ov\u00e9 registr\u00e1cie a plnenie oznamovac\u00edch povinnost\u00ed v z\u00e1konom stanoven\u00fdch lehot\u00e1ch<\/li>\n<li>vypracujeme odpovede na v\u00fdzvy r\u00f4zneho druhu zo strany spr\u00e1vcov dane<\/li>\n<\/ul>\n<p>no-repeat;center top;;<\/p>\n<p>auto<\/p>\n<p>\u00da\u010dtovn\u00edctvo a \u00fa\u010dtovn\u00e9 poradenstvo<\/p>\n<h2>\u00da\u010dtovn\u00edctvo a \u00fa\u010dtovn\u00e9 poradenstvo<\/h2>\n<h3>Poskytujeme tieto slu\u017eby:<\/h3>\n<ul>\n<li>komplexn\u00e9 spracovanie \u00fa\u010dtovn\u00edctva \u2013 jednoduch\u00e9 a podvojn\u00e9 \u00fa\u010dtovn\u00edctvo<\/li>\n<li>spracovanie \u00fa\u010dtovn\u00edctva pre podnikate\u013eov aj pre subjekty nezalo\u017een\u00e9 za \u00fa\u010delom podnikania (ob\u010dianske zdru\u017eenia, nad\u00e1cie, spolky a pod.)<\/li>\n<li>vypracovanie riadnych a mimoriadnych \u00fa\u010dtovn\u00fdch z\u00e1vierok<\/li>\n<li>kontrola n\u00e1le\u017eitost\u00ed da\u0148ov\u00fdch dokladov a upozornenia na pr\u00edpadn\u00e9 nedostatky s n\u00e1vrhmi na rie\u0161enie<\/li>\n<li>spracovanie mesa\u010dn\u00fdch \/ \u0161tvr\u0165ro\u010dn\u00fdch priznan\u00ed k DPH<\/li>\n<li>spracovanie kontroln\u00fdch v\u00fdkazov DPH<\/li>\n<li>spracovanie s\u00fahrnn\u00fdch v\u00fdkazov DPH<\/li>\n<li>spracovanie v\u00fdkazov Intrastat<\/li>\n<li>spracovanie r\u00f4znych \u0161tatistick\u00fdch v\u00fdkazov a hl\u00e1sen\u00ed (napr. pre N\u00e1rodn\u00fa banku Slovenska, \u0160tatistick\u00fd \u00farad SR, a  pod.)<\/li>\n<li>priebe\u017en\u00e1 kontrola \u00fa\u010dtovn\u00edctva z h\u013eadiska dodr\u017eiavania predpisov o \u00fa\u010dtovn\u00edctve<\/li>\n<li>metodick\u00e1 pomoc pri veden\u00ed \u00fa\u010dtovn\u00edctva, vypracovanie intern\u00fdch smern\u00edc<\/li>\n<li>pomoc a poradenstvo pri za\u00fa\u010dtovan\u00ed ne\u0161tandardn\u00fdch transakci\u00ed<\/li>\n<\/ul>\n<p>no-repeat;center top;;<\/p>\n<p>auto<\/p>\n<p>Mzdov\u00e1 a person\u00e1lna agenda<\/p>\n<h2>Mzdov\u00e1 a person\u00e1lna agenda<\/h2>\n<h3>Poskytovan\u00e9 slu\u017eby:<\/h3>\n<ul>\n<li>spracovanie mesa\u010dn\u00fdch miezd jednotliv\u00fdch zamestnancov<\/li>\n<li>prihl\u00e1\u0161ky \/ odhl\u00e1\u0161ky zo Soci\u00e1lnej pois\u0165ovne a zdravotn\u00fdch pois\u0165ovn\u00ed, komunik\u00e1cia s pois\u0165ov\u0148ami<\/li>\n<li>spracovanie mesa\u010dn\u00fdch v\u00fdkazov poistn\u00e9ho pre Soci\u00e1lnu pois\u0165ov\u0148u a zdravotn\u00e9 pois\u0165ovne<\/li>\n<li>spracovanie predp\u00edsan\u00fdch preh\u013eadov a hl\u00e1sen\u00ed o dani z pr\u00edjmov zo z\u00e1vislej \u010dinnosti pre spr\u00e1vcu dane<\/li>\n<li>spracovanie ro\u010dn\u00e9ho z\u00fa\u010dtovania dane zo z\u00e1vislej \u010dinnosti<\/li>\n<li>kontrola spr\u00e1vnosti ro\u010dn\u00e9ho z\u00fa\u010dtovania zdravotn\u00e9ho poistenia vypracovan\u00e9ho zdravotnou pois\u0165ov\u0148ou<\/li>\n<li>spracovanie eviden\u010dn\u00fdch listov d\u00f4chodkov\u00e9ho zabezpe\u010denia<\/li>\n<li>podpora a poradenstvo pri uzatv\u00e1ran\u00ed pracovn\u00fdch zml\u00fav<\/li>\n<li>podpora a poradenstvo pre zamestn\u00e1vate\u013eov pri ukon\u010deniach pracovn\u00e9ho pomeru zamestnancov<\/li>\n<\/ul>\n<p>no-repeat;center top;;<\/p>\n<p>auto<\/p>\n<p>Poskytovan\u00e9 slu\u017eby v oblasti ekonomick\u00e9ho a organiza\u010dn\u00e9ho poradenstva<\/p>\n<h3>Poskytovan\u00e9 slu\u017eby v oblasti ekonomick\u00e9ho a organiza\u010dn\u00e9ho poradenstva:<\/h3>\n<ul>\n<li>spracovanie mesa\u010dn\u00fdch miezd jednotliv\u00fdch zamestnancov<\/li>\n<li>v\u00fdkon funkcie intern\u00e9ho aud\u00edtora<\/li>\n<li>podpora pri reorganiz\u00e1cii spolo\u010dnosti a pracovn\u00fdch procesov<\/li>\n<li>projektov\u00fd mana\u017ement<\/li>\n<li>pr\u00e1ce pri likvid\u00e1cii spolo\u010dnost\u00ed v\u010d\u00edtane v\u00fdkonu funkcie likvid\u00e1tora<\/li>\n<li>komplexn\u00e9 vypracovanie v\u00fdro\u010dnej spr\u00e1vy<\/li>\n<\/ul>\n<p>no-repeat;center top;;<\/p>\n<p>auto<\/p>\n","protected":false},"excerpt":{"rendered":"<p>#323946 Wirtschaftspr\u00fcfung \/de\/dienstleistungen\/wirtschaftspruefung\/ Audit Wirtschaftspr\u00fcfung center no-repeat;center top;; auto 10px Mehr lesen \/de\/dienstleistungen\/wirtschaftspruefung\/ center icon-forward left 2 sluzby_butt #323946 Steuern \/de\/dienstleistungen\/steuerberatung\/ Dane Steuern center no-repeat;center top;;<span class=\"excerpt-hellip\"> [\u2026]<\/span><\/p>\n","protected":false},"author":1,"featured_media":0,"parent":0,"menu_order":0,"comment_status":"closed","ping_status":"closed","template":"","meta":{"footnotes":""},"class_list":["post-551","page","type-page","status-publish","hentry"],"yoast_head":"<!-- This site is optimized with the Yoast SEO plugin v24.4 - https:\/\/yoast.com\/wordpress\/plugins\/seo\/ -->\n<title>Dienstleistungen - B.R.M. Group<\/title>\n<meta name=\"description\" content=\"Komplexe Steuerberatung, Vertretung in Steuerangelegenheiten, Unterst\u00fctzung bei Steuerpr\u00fcfungen, Steueroptimierung durch erfahrene Berater.\" \/>\n<meta name=\"robots\" content=\"index, follow, max-snippet:-1, max-image-preview:large, max-video-preview:-1\" \/>\n<link rel=\"canonical\" href=\"https:\/\/brmgroup.sk\/de\/dienstleistungen\" \/>\n<meta property=\"og:locale\" content=\"de_DE\" \/>\n<meta property=\"og:type\" content=\"article\" \/>\n<meta property=\"og:title\" content=\"Dienstleistungen - B.R.M. Group\" \/>\n<meta property=\"og:description\" content=\"Komplexe Steuerberatung, Vertretung in Steuerangelegenheiten, Unterst\u00fctzung bei Steuerpr\u00fcfungen, Steueroptimierung durch erfahrene Berater.\" \/>\n<meta property=\"og:url\" content=\"https:\/\/brmgroup.sk\/de\/dienstleistungen\" \/>\n<meta property=\"og:site_name\" content=\"B.R.M. Group\" \/>\n<meta property=\"article:modified_time\" content=\"2019-05-31T07:06:09+00:00\" \/>\n<meta property=\"og:image\" content=\"http:\/\/brmgroup.sk\/wp-content\/uploads\/2019\/02\/brmgroup_audit_sluzby_ikona.jpg\" \/>\n<meta name=\"twitter:card\" content=\"summary_large_image\" \/>\n<meta name=\"twitter:label1\" content=\"Gesch\u00e4tzte Lesezeit\" \/>\n\t<meta name=\"twitter:data1\" content=\"5\u00a0Minuten\" \/>\n<script type=\"application\/ld+json\" class=\"yoast-schema-graph\">{\"@context\":\"https:\/\/schema.org\",\"@graph\":[{\"@type\":\"WebPage\",\"@id\":\"https:\/\/brmgroup.sk\/de\/dienstleistungen\",\"url\":\"https:\/\/brmgroup.sk\/de\/dienstleistungen\",\"name\":\"Dienstleistungen - B.R.M. Group\",\"isPartOf\":{\"@id\":\"https:\/\/brmgroup.sk\/#website\"},\"primaryImageOfPage\":{\"@id\":\"https:\/\/brmgroup.sk\/de\/dienstleistungen#primaryimage\"},\"image\":{\"@id\":\"https:\/\/brmgroup.sk\/de\/dienstleistungen#primaryimage\"},\"thumbnailUrl\":\"http:\/\/brmgroup.sk\/wp-content\/uploads\/2019\/02\/brmgroup_audit_sluzby_ikona.jpg\",\"datePublished\":\"2019-05-02T11:41:59+00:00\",\"dateModified\":\"2019-05-31T07:06:09+00:00\",\"description\":\"Komplexe Steuerberatung, Vertretung in Steuerangelegenheiten, Unterst\u00fctzung bei Steuerpr\u00fcfungen, Steueroptimierung durch erfahrene Berater.\",\"breadcrumb\":{\"@id\":\"https:\/\/brmgroup.sk\/de\/dienstleistungen#breadcrumb\"},\"inLanguage\":\"de\",\"potentialAction\":[{\"@type\":\"ReadAction\",\"target\":[\"https:\/\/brmgroup.sk\/de\/dienstleistungen\"]}]},{\"@type\":\"ImageObject\",\"inLanguage\":\"de\",\"@id\":\"https:\/\/brmgroup.sk\/de\/dienstleistungen#primaryimage\",\"url\":\"http:\/\/brmgroup.sk\/wp-content\/uploads\/2019\/02\/brmgroup_audit_sluzby_ikona.jpg\",\"contentUrl\":\"http:\/\/brmgroup.sk\/wp-content\/uploads\/2019\/02\/brmgroup_audit_sluzby_ikona.jpg\"},{\"@type\":\"BreadcrumbList\",\"@id\":\"https:\/\/brmgroup.sk\/de\/dienstleistungen#breadcrumb\",\"itemListElement\":[{\"@type\":\"ListItem\",\"position\":1,\"name\":\"Home\",\"item\":\"https:\/\/brmgroup.sk\/de\"},{\"@type\":\"ListItem\",\"position\":2,\"name\":\"Dienstleistungen\"}]},{\"@type\":\"WebSite\",\"@id\":\"https:\/\/brmgroup.sk\/#website\",\"url\":\"https:\/\/brmgroup.sk\/\",\"name\":\"B.R.M. Group\",\"description\":\"Da\u0148ov\u00e9 a \u00fa\u010dtovn\u00e9 slu\u017eby, ktor\u00e9 nemin\u00fa cie\u013e!\",\"publisher\":{\"@id\":\"https:\/\/brmgroup.sk\/#organization\"},\"potentialAction\":[{\"@type\":\"SearchAction\",\"target\":{\"@type\":\"EntryPoint\",\"urlTemplate\":\"https:\/\/brmgroup.sk\/?s={search_term_string}\"},\"query-input\":{\"@type\":\"PropertyValueSpecification\",\"valueRequired\":true,\"valueName\":\"search_term_string\"}}],\"inLanguage\":\"de\"},{\"@type\":\"Organization\",\"@id\":\"https:\/\/brmgroup.sk\/#organization\",\"name\":\"B. R. M. Group\",\"url\":\"https:\/\/brmgroup.sk\/\",\"logo\":{\"@type\":\"ImageObject\",\"inLanguage\":\"de\",\"@id\":\"https:\/\/brmgroup.sk\/#\/schema\/logo\/image\/\",\"url\":\"https:\/\/brmgroup.sk\/wp-content\/uploads\/2019\/01\/brm_group_logo_retina_v2.png\",\"contentUrl\":\"https:\/\/brmgroup.sk\/wp-content\/uploads\/2019\/01\/brm_group_logo_retina_v2.png\",\"width\":400,\"height\":99,\"caption\":\"B. R. M. Group\"},\"image\":{\"@id\":\"https:\/\/brmgroup.sk\/#\/schema\/logo\/image\/\"},\"sameAs\":[\"https:\/\/www.linkedin.com\/company\/brm-tax-bratislava\"]}]}<\/script>\n<!-- \/ Yoast SEO plugin. -->","yoast_head_json":{"title":"Dienstleistungen - B.R.M. Group","description":"Komplexe Steuerberatung, Vertretung in Steuerangelegenheiten, Unterst\u00fctzung bei Steuerpr\u00fcfungen, Steueroptimierung durch erfahrene Berater.","robots":{"index":"index","follow":"follow","max-snippet":"max-snippet:-1","max-image-preview":"max-image-preview:large","max-video-preview":"max-video-preview:-1"},"canonical":"https:\/\/brmgroup.sk\/de\/dienstleistungen","og_locale":"de_DE","og_type":"article","og_title":"Dienstleistungen - B.R.M. Group","og_description":"Komplexe Steuerberatung, Vertretung in Steuerangelegenheiten, Unterst\u00fctzung bei Steuerpr\u00fcfungen, Steueroptimierung durch erfahrene Berater.","og_url":"https:\/\/brmgroup.sk\/de\/dienstleistungen","og_site_name":"B.R.M. Group","article_modified_time":"2019-05-31T07:06:09+00:00","og_image":[{"url":"http:\/\/brmgroup.sk\/wp-content\/uploads\/2019\/02\/brmgroup_audit_sluzby_ikona.jpg","type":"","width":"","height":""}],"twitter_card":"summary_large_image","twitter_misc":{"Gesch\u00e4tzte Lesezeit":"5\u00a0Minuten"},"schema":{"@context":"https:\/\/schema.org","@graph":[{"@type":"WebPage","@id":"https:\/\/brmgroup.sk\/de\/dienstleistungen","url":"https:\/\/brmgroup.sk\/de\/dienstleistungen","name":"Dienstleistungen - B.R.M. Group","isPartOf":{"@id":"https:\/\/brmgroup.sk\/#website"},"primaryImageOfPage":{"@id":"https:\/\/brmgroup.sk\/de\/dienstleistungen#primaryimage"},"image":{"@id":"https:\/\/brmgroup.sk\/de\/dienstleistungen#primaryimage"},"thumbnailUrl":"http:\/\/brmgroup.sk\/wp-content\/uploads\/2019\/02\/brmgroup_audit_sluzby_ikona.jpg","datePublished":"2019-05-02T11:41:59+00:00","dateModified":"2019-05-31T07:06:09+00:00","description":"Komplexe Steuerberatung, Vertretung in Steuerangelegenheiten, Unterst\u00fctzung bei Steuerpr\u00fcfungen, Steueroptimierung durch erfahrene Berater.","breadcrumb":{"@id":"https:\/\/brmgroup.sk\/de\/dienstleistungen#breadcrumb"},"inLanguage":"de","potentialAction":[{"@type":"ReadAction","target":["https:\/\/brmgroup.sk\/de\/dienstleistungen"]}]},{"@type":"ImageObject","inLanguage":"de","@id":"https:\/\/brmgroup.sk\/de\/dienstleistungen#primaryimage","url":"http:\/\/brmgroup.sk\/wp-content\/uploads\/2019\/02\/brmgroup_audit_sluzby_ikona.jpg","contentUrl":"http:\/\/brmgroup.sk\/wp-content\/uploads\/2019\/02\/brmgroup_audit_sluzby_ikona.jpg"},{"@type":"BreadcrumbList","@id":"https:\/\/brmgroup.sk\/de\/dienstleistungen#breadcrumb","itemListElement":[{"@type":"ListItem","position":1,"name":"Home","item":"https:\/\/brmgroup.sk\/de"},{"@type":"ListItem","position":2,"name":"Dienstleistungen"}]},{"@type":"WebSite","@id":"https:\/\/brmgroup.sk\/#website","url":"https:\/\/brmgroup.sk\/","name":"B.R.M. Group","description":"Da\u0148ov\u00e9 a \u00fa\u010dtovn\u00e9 slu\u017eby, ktor\u00e9 nemin\u00fa cie\u013e!","publisher":{"@id":"https:\/\/brmgroup.sk\/#organization"},"potentialAction":[{"@type":"SearchAction","target":{"@type":"EntryPoint","urlTemplate":"https:\/\/brmgroup.sk\/?s={search_term_string}"},"query-input":{"@type":"PropertyValueSpecification","valueRequired":true,"valueName":"search_term_string"}}],"inLanguage":"de"},{"@type":"Organization","@id":"https:\/\/brmgroup.sk\/#organization","name":"B. R. M. Group","url":"https:\/\/brmgroup.sk\/","logo":{"@type":"ImageObject","inLanguage":"de","@id":"https:\/\/brmgroup.sk\/#\/schema\/logo\/image\/","url":"https:\/\/brmgroup.sk\/wp-content\/uploads\/2019\/01\/brm_group_logo_retina_v2.png","contentUrl":"https:\/\/brmgroup.sk\/wp-content\/uploads\/2019\/01\/brm_group_logo_retina_v2.png","width":400,"height":99,"caption":"B. R. M. Group"},"image":{"@id":"https:\/\/brmgroup.sk\/#\/schema\/logo\/image\/"},"sameAs":["https:\/\/www.linkedin.com\/company\/brm-tax-bratislava"]}]}},"_links":{"self":[{"href":"https:\/\/brmgroup.sk\/de\/wp-json\/wp\/v2\/pages\/551","targetHints":{"allow":["GET"]}}],"collection":[{"href":"https:\/\/brmgroup.sk\/de\/wp-json\/wp\/v2\/pages"}],"about":[{"href":"https:\/\/brmgroup.sk\/de\/wp-json\/wp\/v2\/types\/page"}],"author":[{"embeddable":true,"href":"https:\/\/brmgroup.sk\/de\/wp-json\/wp\/v2\/users\/1"}],"replies":[{"embeddable":true,"href":"https:\/\/brmgroup.sk\/de\/wp-json\/wp\/v2\/comments?post=551"}],"version-history":[{"count":4,"href":"https:\/\/brmgroup.sk\/de\/wp-json\/wp\/v2\/pages\/551\/revisions"}],"predecessor-version":[{"id":623,"href":"https:\/\/brmgroup.sk\/de\/wp-json\/wp\/v2\/pages\/551\/revisions\/623"}],"wp:attachment":[{"href":"https:\/\/brmgroup.sk\/de\/wp-json\/wp\/v2\/media?parent=551"}],"curies":[{"name":"wp","href":"https:\/\/api.w.org\/{rel}","templated":true}]}}