{"id":556,"date":"2019-01-18T14:25:14","date_gmt":"2019-01-18T13:25:14","guid":{"rendered":"https:\/\/brmgroup.sk\/dokumenty\/"},"modified":"2020-08-27T14:07:02","modified_gmt":"2020-08-27T12:07:02","slug":"dokumente","status":"publish","type":"page","link":"https:\/\/brmgroup.sk\/de\/wir-ueber-uns\/dokumente","title":{"rendered":"Dokumente"},"content":{"rendered":"<h2>Licencie<\/h2>\n<p>TAX Osved\u010denie SKDP<\/p>\n<p>h3<\/p>\n<div class=\"button_align align_center\"><a class=\"button  button_left button_size_2 button_js\" href=\"\/wp-content\/uploads\/2019\/01\/BRM-TAX-Osvedcenie-SKDP.pdf\" target=\"_blank\"    ><span class=\"button_icon\"><i class=\"icon-download\" ><\/i><\/span><span class=\"button_label\">Otvori\u0165<\/span><\/a><\/div>\n\n<p>icon-lamp<\/p>\n<p><img decoding=\"async\" src=\"http:\/\/brmgroup.sk\/wp-content\/uploads\/2019\/01\/TAX-Osvedcenie-SKDP-featured.jpg\" alt=\"TAX-Osvedcenie-SKDP-featured\" \/><\/p>\n<p>top<\/p>\n<p><a href=\"http:\/\/brmgroup.sk\/wp-content\/uploads\/2019\/01\/BRM-TAX-Osvedcenie-SKDP.pdf\">http:\/\/brmgroup.sk\/wp-content\/uploads\/2019\/01\/BRM-TAX-Osvedcenie-SKDP.pdf<\/a><\/p>\n<p>Osved\u010denie SKDP<\/p>\n<p>h3<\/p>\n<div class=\"button_align align_center\"><a class=\"button  button_left button_size_2 button_js\" href=\"\/wp-content\/uploads\/2019\/02\/BRM-RMA-Osvedcenie-SKDP_final.pdf\" target=\"_blank\"    ><span class=\"button_icon\"><i class=\"icon-download\" ><\/i><\/span><span class=\"button_label\">Otvori\u0165<\/span><\/a><\/div>\n\n<p>icon-lamp<\/p>\n<p><img decoding=\"async\" src=\"http:\/\/brmgroup.sk\/wp-content\/uploads\/2019\/02\/BRM-RMA-Osvedcenie-SKDP_final.jpg\" alt=\"BRM-RMA-Osvedcenie SKDP_final\" \/><\/p>\n<p>top<\/p>\n<p><a href=\"http:\/\/brmgroup.sk\/wp-content\/uploads\/2019\/02\/BRM-RMA-Osvedcenie-SKDP_final.pdf\">http:\/\/brmgroup.sk\/wp-content\/uploads\/2019\/02\/BRM-RMA-Osvedcenie-SKDP_final.pdf<\/a><\/p>\n<p>Licencia SKAU<\/p>\n<p>h3<\/p>\n<div class=\"button_align align_center\"><a class=\"button  button_left button_size_2 button_js\" href=\"\/wp-content\/uploads\/2019\/02\/BRM-RMA-Licencia-SKAU-v2.pdf\" target=\"_blank\"    ><span class=\"button_icon\"><i class=\"icon-download\" ><\/i><\/span><span class=\"button_label\">Otvori\u0165<\/span><\/a><\/div>\n\n<p>icon-lamp<\/p>\n<p><img decoding=\"async\" src=\"http:\/\/brmgroup.sk\/wp-content\/uploads\/2019\/02\/BRM-RMA-Licencia-SKAU-v2-featured.jpg\" alt=\"BRM-RMA-Licencia-SKAU-v2-featured\" \/><\/p>\n<p>top<\/p>\n<p><a href=\"http:\/\/brmgroup.sk\/wp-content\/uploads\/2019\/02\/BRM-RMA-Licencia-SKAU-v2.pdf\">http:\/\/brmgroup.sk\/wp-content\/uploads\/2019\/02\/BRM-RMA-Licencia-SKAU-v2.pdf<\/a><\/p>\n<p>Osved\u010denie KDP\u010cR<\/p>\n<p>h3<\/p>\n<div class=\"button_align align_center\"><a class=\"button  button_left button_size_2 button_js\" href=\"\/wp-content\/uploads\/2019\/02\/BRM-RMA-Osvedcenie-KDP\u010cR_final.pdf\" target=\"_blank\"    ><span class=\"button_icon\"><i class=\"icon-download\" ><\/i><\/span><span class=\"button_label\">Otvori\u0165<\/span><\/a><\/div>\n\n<p>icon-lamp<\/p>\n<p><img decoding=\"async\" src=\"http:\/\/brmgroup.sk\/wp-content\/uploads\/2019\/02\/BRM-RMA-Osvedcenie-KDP\u010cR_final.jpg\" alt=\"BRM-RMA-Osvedcenie KDP\u010cR_final\" \/><\/p>\n<p>top<\/p>\n<p><a href=\"http:\/\/brmgroup.sk\/wp-content\/uploads\/2019\/02\/BRM-RMA-Osvedcenie-KDP\u010cR_final.pdf\">http:\/\/brmgroup.sk\/wp-content\/uploads\/2019\/02\/BRM-RMA-Osvedcenie-KDP\u010cR_final.pdf<\/a><\/p>\n<h2>Spr\u00e1vy o transparentnosti<\/h2>\n<p>Spr\u00e1va o transparentnosti 2012<\/p>\n<h3>Spr\u00e1va o transparentnosti 2012<\/h3>\n<hr class=\" hr_color\" style=\"margin: 0 auto 20px;\"\/>\n\n<p>Otvori\u0165<\/p>\n<p><a href=\"\/wp-content\/uploads\/2019\/03\/BRM-Sprava-o-transparentnosti_2012_v2.pdf\">\/wp-content\/uploads\/2019\/03\/BRM-Sprava-o-transparentnosti_2012_v2.pdf<\/a><\/p>\n<p>center<\/p>\n<p>icon-install<\/p>\n<p>left<\/p>\n<p>3<\/p>\n<p>Spr\u00e1va o transparentnosti 2013<\/p>\n<h3>Spr\u00e1va o transparentnosti 2013<\/h3>\n<hr class=\" hr_color\" style=\"margin: 0 auto 20px;\"\/>\n\n<p>Otvori\u0165<\/p>\n<p><a href=\"\/wp-content\/uploads\/2019\/01\/BRM-Sprava-o-transparentnosti_2013.pdf\">\/wp-content\/uploads\/2019\/01\/BRM-Sprava-o-transparentnosti_2013.pdf<\/a><\/p>\n<p>center<\/p>\n<p>icon-install<\/p>\n<p>left<\/p>\n<p>3<\/p>\n","protected":false},"excerpt":{"rendered":"<p>Licencie TAX Osved\u010denie SKDP h3 icon-lamp top http:\/\/brmgroup.sk\/wp-content\/uploads\/2019\/01\/BRM-TAX-Osvedcenie-SKDP.pdf Osved\u010denie SKDP h3 icon-lamp top http:\/\/brmgroup.sk\/wp-content\/uploads\/2019\/02\/BRM-RMA-Osvedcenie-SKDP_final.pdf Licencia SKAU h3 icon-lamp top http:\/\/brmgroup.sk\/wp-content\/uploads\/2019\/02\/BRM-RMA-Licencia-SKAU-v2.pdf Osved\u010denie KDP\u010cR h3 icon-lamp top http:\/\/brmgroup.sk\/wp-content\/uploads\/2019\/02\/BRM-RMA-Osvedcenie-KDP\u010cR_final.pdf<span class=\"excerpt-hellip\"> [\u2026]<\/span><\/p>\n","protected":false},"author":1,"featured_media":0,"parent":559,"menu_order":0,"comment_status":"closed","ping_status":"closed","template":"","meta":{"footnotes":""},"class_list":["post-556","page","type-page","status-publish","hentry"],"yoast_head":"<!-- This site is optimized with the Yoast SEO plugin v24.4 - https:\/\/yoast.com\/wordpress\/plugins\/seo\/ -->\n<title>Dokumente - B.R.M. Group<\/title>\n<meta name=\"robots\" content=\"index, follow, max-snippet:-1, max-image-preview:large, max-video-preview:-1\" \/>\n<link rel=\"canonical\" href=\"https:\/\/brmgroup.sk\/de\/wir-ueber-uns\/dokumente\" \/>\n<meta property=\"og:locale\" content=\"de_DE\" \/>\n<meta property=\"og:type\" content=\"article\" \/>\n<meta property=\"og:title\" content=\"Dokumente - B.R.M. Group\" \/>\n<meta property=\"og:description\" content=\"Licencie TAX Osved\u010denie SKDP h3 icon-lamp top http:\/\/brmgroup.sk\/wp-content\/uploads\/2019\/01\/BRM-TAX-Osvedcenie-SKDP.pdf Osved\u010denie SKDP h3 icon-lamp top http:\/\/brmgroup.sk\/wp-content\/uploads\/2019\/02\/BRM-RMA-Osvedcenie-SKDP_final.pdf Licencia SKAU h3 icon-lamp top http:\/\/brmgroup.sk\/wp-content\/uploads\/2019\/02\/BRM-RMA-Licencia-SKAU-v2.pdf Osved\u010denie KDP\u010cR h3 icon-lamp top http:\/\/brmgroup.sk\/wp-content\/uploads\/2019\/02\/BRM-RMA-Osvedcenie-KDP\u010cR_final.pdf [\u2026]\" \/>\n<meta property=\"og:url\" content=\"https:\/\/brmgroup.sk\/de\/wir-ueber-uns\/dokumente\" \/>\n<meta property=\"og:site_name\" content=\"B.R.M. Group\" \/>\n<meta property=\"article:modified_time\" content=\"2020-08-27T12:07:02+00:00\" \/>\n<meta property=\"og:image\" content=\"http:\/\/brmgroup.sk\/wp-content\/uploads\/2019\/01\/TAX-Osvedcenie-SKDP-featured.jpg\" \/>\n<meta name=\"twitter:card\" content=\"summary_large_image\" \/>\n<meta name=\"twitter:label1\" content=\"Gesch\u00e4tzte Lesezeit\" \/>\n\t<meta name=\"twitter:data1\" content=\"1\u00a0Minute\" \/>\n<script type=\"application\/ld+json\" class=\"yoast-schema-graph\">{\"@context\":\"https:\/\/schema.org\",\"@graph\":[{\"@type\":\"WebPage\",\"@id\":\"https:\/\/brmgroup.sk\/de\/wir-ueber-uns\/dokumente\",\"url\":\"https:\/\/brmgroup.sk\/de\/wir-ueber-uns\/dokumente\",\"name\":\"Dokumente - B.R.M. Group\",\"isPartOf\":{\"@id\":\"https:\/\/brmgroup.sk\/#website\"},\"primaryImageOfPage\":{\"@id\":\"https:\/\/brmgroup.sk\/de\/wir-ueber-uns\/dokumente#primaryimage\"},\"image\":{\"@id\":\"https:\/\/brmgroup.sk\/de\/wir-ueber-uns\/dokumente#primaryimage\"},\"thumbnailUrl\":\"http:\/\/brmgroup.sk\/wp-content\/uploads\/2019\/01\/TAX-Osvedcenie-SKDP-featured.jpg\",\"datePublished\":\"2019-01-18T13:25:14+00:00\",\"dateModified\":\"2020-08-27T12:07:02+00:00\",\"breadcrumb\":{\"@id\":\"https:\/\/brmgroup.sk\/de\/wir-ueber-uns\/dokumente#breadcrumb\"},\"inLanguage\":\"de\",\"potentialAction\":[{\"@type\":\"ReadAction\",\"target\":[\"https:\/\/brmgroup.sk\/de\/wir-ueber-uns\/dokumente\"]}]},{\"@type\":\"ImageObject\",\"inLanguage\":\"de\",\"@id\":\"https:\/\/brmgroup.sk\/de\/wir-ueber-uns\/dokumente#primaryimage\",\"url\":\"http:\/\/brmgroup.sk\/wp-content\/uploads\/2019\/01\/TAX-Osvedcenie-SKDP-featured.jpg\",\"contentUrl\":\"http:\/\/brmgroup.sk\/wp-content\/uploads\/2019\/01\/TAX-Osvedcenie-SKDP-featured.jpg\"},{\"@type\":\"BreadcrumbList\",\"@id\":\"https:\/\/brmgroup.sk\/de\/wir-ueber-uns\/dokumente#breadcrumb\",\"itemListElement\":[{\"@type\":\"ListItem\",\"position\":1,\"name\":\"Home\",\"item\":\"https:\/\/brmgroup.sk\/de\"},{\"@type\":\"ListItem\",\"position\":2,\"name\":\"Wir \u00fcber uns\",\"item\":\"https:\/\/brmgroup.sk\/de\/wir-ueber-uns\"},{\"@type\":\"ListItem\",\"position\":3,\"name\":\"Dokumente\"}]},{\"@type\":\"WebSite\",\"@id\":\"https:\/\/brmgroup.sk\/#website\",\"url\":\"https:\/\/brmgroup.sk\/\",\"name\":\"B.R.M. Group\",\"description\":\"Da\u0148ov\u00e9 a \u00fa\u010dtovn\u00e9 slu\u017eby, ktor\u00e9 nemin\u00fa cie\u013e!\",\"publisher\":{\"@id\":\"https:\/\/brmgroup.sk\/#organization\"},\"potentialAction\":[{\"@type\":\"SearchAction\",\"target\":{\"@type\":\"EntryPoint\",\"urlTemplate\":\"https:\/\/brmgroup.sk\/?s={search_term_string}\"},\"query-input\":{\"@type\":\"PropertyValueSpecification\",\"valueRequired\":true,\"valueName\":\"search_term_string\"}}],\"inLanguage\":\"de\"},{\"@type\":\"Organization\",\"@id\":\"https:\/\/brmgroup.sk\/#organization\",\"name\":\"B. R. M. Group\",\"url\":\"https:\/\/brmgroup.sk\/\",\"logo\":{\"@type\":\"ImageObject\",\"inLanguage\":\"de\",\"@id\":\"https:\/\/brmgroup.sk\/#\/schema\/logo\/image\/\",\"url\":\"https:\/\/brmgroup.sk\/wp-content\/uploads\/2019\/01\/brm_group_logo_retina_v2.png\",\"contentUrl\":\"https:\/\/brmgroup.sk\/wp-content\/uploads\/2019\/01\/brm_group_logo_retina_v2.png\",\"width\":400,\"height\":99,\"caption\":\"B. R. M. Group\"},\"image\":{\"@id\":\"https:\/\/brmgroup.sk\/#\/schema\/logo\/image\/\"},\"sameAs\":[\"https:\/\/www.linkedin.com\/company\/brm-tax-bratislava\"]}]}<\/script>\n<!-- \/ Yoast SEO plugin. -->","yoast_head_json":{"title":"Dokumente - B.R.M. Group","robots":{"index":"index","follow":"follow","max-snippet":"max-snippet:-1","max-image-preview":"max-image-preview:large","max-video-preview":"max-video-preview:-1"},"canonical":"https:\/\/brmgroup.sk\/de\/wir-ueber-uns\/dokumente","og_locale":"de_DE","og_type":"article","og_title":"Dokumente - B.R.M. Group","og_description":"Licencie TAX Osved\u010denie SKDP h3 icon-lamp top http:\/\/brmgroup.sk\/wp-content\/uploads\/2019\/01\/BRM-TAX-Osvedcenie-SKDP.pdf Osved\u010denie SKDP h3 icon-lamp top http:\/\/brmgroup.sk\/wp-content\/uploads\/2019\/02\/BRM-RMA-Osvedcenie-SKDP_final.pdf Licencia SKAU h3 icon-lamp top http:\/\/brmgroup.sk\/wp-content\/uploads\/2019\/02\/BRM-RMA-Licencia-SKAU-v2.pdf Osved\u010denie KDP\u010cR h3 icon-lamp top http:\/\/brmgroup.sk\/wp-content\/uploads\/2019\/02\/BRM-RMA-Osvedcenie-KDP\u010cR_final.pdf [\u2026]","og_url":"https:\/\/brmgroup.sk\/de\/wir-ueber-uns\/dokumente","og_site_name":"B.R.M. Group","article_modified_time":"2020-08-27T12:07:02+00:00","og_image":[{"url":"http:\/\/brmgroup.sk\/wp-content\/uploads\/2019\/01\/TAX-Osvedcenie-SKDP-featured.jpg","type":"","width":"","height":""}],"twitter_card":"summary_large_image","twitter_misc":{"Gesch\u00e4tzte Lesezeit":"1\u00a0Minute"},"schema":{"@context":"https:\/\/schema.org","@graph":[{"@type":"WebPage","@id":"https:\/\/brmgroup.sk\/de\/wir-ueber-uns\/dokumente","url":"https:\/\/brmgroup.sk\/de\/wir-ueber-uns\/dokumente","name":"Dokumente - B.R.M. Group","isPartOf":{"@id":"https:\/\/brmgroup.sk\/#website"},"primaryImageOfPage":{"@id":"https:\/\/brmgroup.sk\/de\/wir-ueber-uns\/dokumente#primaryimage"},"image":{"@id":"https:\/\/brmgroup.sk\/de\/wir-ueber-uns\/dokumente#primaryimage"},"thumbnailUrl":"http:\/\/brmgroup.sk\/wp-content\/uploads\/2019\/01\/TAX-Osvedcenie-SKDP-featured.jpg","datePublished":"2019-01-18T13:25:14+00:00","dateModified":"2020-08-27T12:07:02+00:00","breadcrumb":{"@id":"https:\/\/brmgroup.sk\/de\/wir-ueber-uns\/dokumente#breadcrumb"},"inLanguage":"de","potentialAction":[{"@type":"ReadAction","target":["https:\/\/brmgroup.sk\/de\/wir-ueber-uns\/dokumente"]}]},{"@type":"ImageObject","inLanguage":"de","@id":"https:\/\/brmgroup.sk\/de\/wir-ueber-uns\/dokumente#primaryimage","url":"http:\/\/brmgroup.sk\/wp-content\/uploads\/2019\/01\/TAX-Osvedcenie-SKDP-featured.jpg","contentUrl":"http:\/\/brmgroup.sk\/wp-content\/uploads\/2019\/01\/TAX-Osvedcenie-SKDP-featured.jpg"},{"@type":"BreadcrumbList","@id":"https:\/\/brmgroup.sk\/de\/wir-ueber-uns\/dokumente#breadcrumb","itemListElement":[{"@type":"ListItem","position":1,"name":"Home","item":"https:\/\/brmgroup.sk\/de"},{"@type":"ListItem","position":2,"name":"Wir \u00fcber uns","item":"https:\/\/brmgroup.sk\/de\/wir-ueber-uns"},{"@type":"ListItem","position":3,"name":"Dokumente"}]},{"@type":"WebSite","@id":"https:\/\/brmgroup.sk\/#website","url":"https:\/\/brmgroup.sk\/","name":"B.R.M. Group","description":"Da\u0148ov\u00e9 a \u00fa\u010dtovn\u00e9 slu\u017eby, ktor\u00e9 nemin\u00fa cie\u013e!","publisher":{"@id":"https:\/\/brmgroup.sk\/#organization"},"potentialAction":[{"@type":"SearchAction","target":{"@type":"EntryPoint","urlTemplate":"https:\/\/brmgroup.sk\/?s={search_term_string}"},"query-input":{"@type":"PropertyValueSpecification","valueRequired":true,"valueName":"search_term_string"}}],"inLanguage":"de"},{"@type":"Organization","@id":"https:\/\/brmgroup.sk\/#organization","name":"B. R. M. Group","url":"https:\/\/brmgroup.sk\/","logo":{"@type":"ImageObject","inLanguage":"de","@id":"https:\/\/brmgroup.sk\/#\/schema\/logo\/image\/","url":"https:\/\/brmgroup.sk\/wp-content\/uploads\/2019\/01\/brm_group_logo_retina_v2.png","contentUrl":"https:\/\/brmgroup.sk\/wp-content\/uploads\/2019\/01\/brm_group_logo_retina_v2.png","width":400,"height":99,"caption":"B. R. M. Group"},"image":{"@id":"https:\/\/brmgroup.sk\/#\/schema\/logo\/image\/"},"sameAs":["https:\/\/www.linkedin.com\/company\/brm-tax-bratislava"]}]}},"_links":{"self":[{"href":"https:\/\/brmgroup.sk\/de\/wp-json\/wp\/v2\/pages\/556","targetHints":{"allow":["GET"]}}],"collection":[{"href":"https:\/\/brmgroup.sk\/de\/wp-json\/wp\/v2\/pages"}],"about":[{"href":"https:\/\/brmgroup.sk\/de\/wp-json\/wp\/v2\/types\/page"}],"author":[{"embeddable":true,"href":"https:\/\/brmgroup.sk\/de\/wp-json\/wp\/v2\/users\/1"}],"replies":[{"embeddable":true,"href":"https:\/\/brmgroup.sk\/de\/wp-json\/wp\/v2\/comments?post=556"}],"version-history":[{"count":1,"href":"https:\/\/brmgroup.sk\/de\/wp-json\/wp\/v2\/pages\/556\/revisions"}],"predecessor-version":[{"id":557,"href":"https:\/\/brmgroup.sk\/de\/wp-json\/wp\/v2\/pages\/556\/revisions\/557"}],"up":[{"embeddable":true,"href":"https:\/\/brmgroup.sk\/de\/wp-json\/wp\/v2\/pages\/559"}],"wp:attachment":[{"href":"https:\/\/brmgroup.sk\/de\/wp-json\/wp\/v2\/media?parent=556"}],"curies":[{"name":"wp","href":"https:\/\/api.w.org\/{rel}","templated":true}]}}