{"id":582,"date":"2017-02-01T13:13:46","date_gmt":"2017-02-01T13:13:46","guid":{"rendered":"https:\/\/brmgroup.sk\/b-r-m-group-auditorske-danove-a-uctovne-sluzby\/"},"modified":"2023-02-16T21:43:35","modified_gmt":"2023-02-16T20:43:35","slug":"b-r-m-group-auditorske-danove-a-uctovne-sluzby","status":"publish","type":"page","link":"https:\/\/brmgroup.sk\/de","title":{"rendered":"Wirtschaftspr\u00fcfung, steuern und buchhaltung"},"content":{"rendered":"<p>Wirtschaftspr\u00fcfung<\/p>\n<p>h4<\/p>\n<p>Professionelle Wirtschaftspr\u00fcfung &#8211; Pr\u00fcfung von Einzel- und Konzernabschl\u00fcssen, Pr\u00fcfung von Gesch\u00e4ftsberichten, Sonderpr\u00fcfungen.<\/p>\n<p>icon-docs<\/p>\n<p><img decoding=\"async\" src=\"http:\/\/brmgroup.sk\/wp-content\/uploads\/2019\/02\/brmgroup_ikona_uvod_1.png\" alt=\"brmgroup_ikona_uvod_1\" \/><\/p>\n<p>top<\/p>\n<p><a href=\"\/audit\/\">\/audit\/<\/a><\/p>\n<p>Steuern<\/p>\n<p>h4<\/p>\n<p>Komplexe Steuerberatung, Vertretung in Steuerangelegenheiten, Unterst\u00fctzung bei Steuerpr\u00fcfungen, Steueroptimierung durch erfahrene Berater.<\/p>\n<p>icon-star-line<\/p>\n<p><img decoding=\"async\" src=\"http:\/\/brmgroup.sk\/wp-content\/uploads\/2019\/02\/brmgroup_ikona_uvod_2.png\" alt=\"brmgroup_ikona_uvod_2\" \/><\/p>\n<p>top<\/p>\n<p><a href=\"\/dane-a-danove-poradenstvo\/\">\/dane-a-danove-poradenstvo\/<\/a><\/p>\n<p>Buchhaltung<\/p>\n<p>h4<\/p>\n<p>F\u00fchrung doppelter Buchhaltung, Einnahmen- u. Ausgabenrechnungen, F\u00fchrung vorgeschriebener Steuerevidenzen, Lohn- und Gehaltsverrechnung.<\/p>\n<p>icon-cog-line<\/p>\n<p><img decoding=\"async\" src=\"http:\/\/brmgroup.sk\/wp-content\/uploads\/2019\/02\/brmgroup_ikona_uvod_3.png\" alt=\"brmgroup_ikona_uvod_3\" \/><\/p>\n<p>top<\/p>\n<p><a href=\"\/uctovnictvo-a-uctovne-poradenstvo\/\">\/uctovnictvo-a-uctovne-poradenstvo\/<\/a><\/p>\n<p>Beratung<\/p>\n<p>h4<\/p>\n<p>Wir bieten Unternehmensberatung, Steuerberatung, Beratung in Rechungswesen und Personalwesen an, die voll auf Bed\u00fcrfnisse unserer Klienten augerichtet sind.<\/p>\n<p>icon-star-line<\/p>\n<p><img decoding=\"async\" src=\"http:\/\/brmgroup.sk\/wp-content\/uploads\/2019\/02\/brmgroup_ikona_uvod_4.png\" alt=\"brmgroup_ikona_uvod_4\" \/><\/p>\n<p>top<\/p>\n<p><a href=\"\/poradenstvo\/\">\/poradenstvo\/<\/a><\/p>\n<p>Poskytujeme da\u0148ov\u00e9 a \u00fa\u010dtovn\u00e9 poradenstvo pre firmy aj jednotlivcov<\/p>\n<h2 class=\"paralax_title\">Steuerberatung und Buchhaltung f\u00fcr Gesellschaften und Einzelunternehmer<\/h2>\n<p>no-repeat;center top;;<\/p>\n<p>auto<\/p>\n<p>7px 0 0<\/p>\n<p>Unsere Dienstleistungen<\/p>\n<p><a href=\"\/de\/wir-ueber-uns\/dokumente\/\">\/de\/wir-ueber-uns\/dokumente\/<\/a><\/p>\n<p>right<\/p>\n<p>icon-forward<\/p>\n<p>left<\/p>\n<p>2<\/p>\n<p>sluzby_butt sluzby_butt_paralax<\/p>\n<p>O n\u00e1s<\/p>\n<h2 class=\"upper\">Wir \u00fcber uns<\/h2>\n<p>center<\/p>\n<p>no-repeat;center top;;<\/p>\n<p>auto<\/p>\n<p>Fakten: <div class=\"column one\"><\/p>\n<p style=\"text-align: justify;\">Wir sind Experten in den Bereichen Steuern, Wirtschaftspr\u00fcfung, Buchhaltung und Beratung. Auf dem slowakischen Markt sind wir seit mehr als 25 Jahren t\u00e4tig. Wir verf\u00fcgen \u00fcber erfahrenes Team von Experten, die bestens vorbereitet sind, auf Ihre Bed\u00fcrfnisse einzugehen. B.R.M. Group besteht aus 3 Fachsubjekten. Verwaltung Ihrer Finanzen in richtigen H\u00e4nden.<\/p>\n<p><\/div>\n<br \/>\n<div class=\"column one-third\"><div class=\"counter counter_vertical animate-math\"><div class=\"icon_wrapper\"><\/div><div class=\"desc_wrapper\"><div class=\"number-wrapper\"><span class=\"number\" data-to=\"25\">25<\/span><\/div><p class=\"title\">Jahre Erfahrung<\/p><\/div><\/div>\n<\/div>\n<br \/>\n<div class=\"column one-third\"><div class=\"counter counter_vertical animate-math\"><div class=\"icon_wrapper\"><\/div><div class=\"desc_wrapper\"><div class=\"number-wrapper\"><span class=\"number\" data-to=\"3\">3<\/span><\/div><p class=\"title\">Fachsubjekte<\/p><\/div><\/div>\n<\/div>\n<br \/>\n<div class=\"column one-third\"><div class=\"counter counter_vertical animate-math\"><div class=\"icon_wrapper\"><\/div><div class=\"desc_wrapper\"><div class=\"number-wrapper\"><span class=\"number\" data-to=\"350\">350<\/span><\/div><p class=\"title\">Klienten<\/p><\/div><\/div>\n<\/div>\n<\/p>\n<p>St\u00e4rken: <div class=\"column one\"><\/p>\n<p style=\"text-align: justify;\">Suchen Sie nach bester Qualit\u00e4t f\u00fcr Ihr Unternehmen ? Bei uns sind Sie richtig ! Wir bieten komplexe Dienstleistungen an \u2013 Steuerberatung auch in deutscher und englischer Sprache, Wirtschaftspr\u00fcfung, Buchhaltung, Bearbeitung der Gehalts- und Personalagenda sowie Wirtschaftsberatung. Wir arbeiten mit h\u00f6chster fachlicher Sorgfalt, bieten Garantien, verf\u00fcgen \u00fcber alle notwendigen Lizenzen.<\/p>\n<p><b>Seit 25 Jahren:<\/b><\/div>\n<br \/>\n<div class=\"column one-third\"><div class=\"counter counter_vertical animate-math\"><div class=\"icon_wrapper\"><\/div><div class=\"desc_wrapper\"><div class=\"number-wrapper\"><span class=\"number\" data-to=\"5500\">5500<\/span><\/div><p class=\"title\">Steuererkl\u00e4rungen<\/p><\/div><\/div>\n<\/div>\n<br \/>\n<div class=\"column one-third\"><div class=\"counter counter_vertical animate-math\"><div class=\"icon_wrapper\"><\/div><div class=\"desc_wrapper\"><div class=\"number-wrapper\"><span class=\"number\" data-to=\"100\">100<\/span><\/div><p class=\"title\">statutarische Pr\u00fcfungen der Jahresabschl\u00fcsse<\/p><\/div><\/div>\n<\/div>\n<br \/>\n<div class=\"column one-third\"><div class=\"counter counter_vertical animate-math\"><div class=\"icon_wrapper\"><\/div><div class=\"desc_wrapper\"><div class=\"number-wrapper\"><span class=\"number\" data-to=\"5830\">5830<\/span><\/div><p class=\"title\">fachliche L\u00f6sungen<\/p><\/div><\/div>\n<\/div>\n<\/p>\n<p>Vorteile: <div class=\"column one\"><\/p>\n<p style=\"text-align: justify;\">Wir bieten Beratung in slowakischer, deutscher und englischer Sprache an. Unsere Mandanten sind inl\u00e4ndische sowie ausl\u00e4ndische Unternehmen. Wir bieten Steuerberatung und Buchhaltung f\u00fcr Gesellschaften sowie Einzelunternehmen an.<\/p>\n<p><\/div>\n<br \/>\n<div class=\"column one-third\"><div class=\"counter counter_vertical animate-math\"><div class=\"icon_wrapper\"><\/div><div class=\"desc_wrapper\"><div class=\"number-wrapper\"><span class=\"number\" data-to=\"3\">3<\/span><\/div><p class=\"title\">Sprachen<\/p><\/div><\/div>\n<\/div>\n<br \/>\n<div class=\"column one-third\"><div class=\"counter counter_vertical animate-math\"><div class=\"icon_wrapper\"><\/div><div class=\"desc_wrapper\"><div class=\"number-wrapper\"><span class=\"number\" data-to=\"100\">100<\/span><span class=\"label postfix\">%<\/span><\/div><p class=\"title\">Vertrauen<\/p><\/div><\/div>\n<\/div>\n<br \/>\n<div class=\"column one-third\"><div class=\"counter counter_vertical animate-math\"><div class=\"icon_wrapper\"><\/div><div class=\"desc_wrapper\"><div class=\"number-wrapper\"><span class=\"number\" data-to=\"100\">100<\/span><span class=\"label postfix\">%<\/span><\/div><p class=\"title\">individueller Zugang<\/p><\/div><\/div>\n<\/div>\n<\/p>\n<p>centered<\/p>\n<p>Rob\u00edme spr\u00e1vne veci a v spr\u00e1vnom \u010dase<\/p>\n<h3>Wir machen richtige Sachen zu richtiger Zeit<\/h3>\n<p class=\"big\">Unser Erfolg basiert auf der Qualit\u00e4t und Schnelligkeit unserer Dienstleistungen. Wir beraten gleich fachlich sowohl inl\u00e4ndische als auch ausl\u00e4ndische Klienten. Wir sind bis zu einem Betrag von 500.000,&#8211; EUR f\u00fcr den Bereich Wirtschaftspr\u00fcfung und bis zu 2.000.000,&#8211; EUR f\u00fcr den Bereich Steuerberatung versichert. Brauchen Sie L\u00f6sungen in den Bereichen Steuern, Rechnungswesen oder Lohnverrechnung? Suchen Sie nach Unternehmensberatung oder brauchen Sie einen Wirtschaftspr\u00fcfer? Wir sind f\u00fcr Sie da!<\/p>\n<p>justify<\/p>\n<p>no-repeat;center top;;<\/p>\n<p>auto<\/p>\n<p>0px<\/p>\n<p>Mehr lesen<\/p>\n<p><a href=\"\/de\/wir-ueber-uns\/\">\/de\/wir-ueber-uns\/<\/a><\/p>\n<p>icon-forward<\/p>\n<p>left<\/p>\n<p>2<\/p>\n<p>sluzby_butt<\/p>\n<p>Zdru\u017eujeme 3 odborn\u00e9 subjekty<\/p>\n<h2 class=\"upper\">Wir vereinen 3 Fachsubjekte<\/h2>\n<p>&nbsp;<\/p>\n<p>center<\/p>\n<p>no-repeat;center top;;<\/p>\n<p>auto<\/p>\n<p>7px 0 0<\/p>\n<p><img decoding=\"async\" src=\"http:\/\/brmgroup.sk\/wp-content\/uploads\/2019\/01\/brmTAX_footer_logos_stred.png\" alt=\"brmTAX_footer_logos_stred\" \/><\/p>\n<p><a href=\"\/o-nas\/#tax\">\/o-nas\/#tax<\/a><\/p>\n<p>disable<\/p>\n<p><img decoding=\"async\" src=\"http:\/\/brmgroup.sk\/wp-content\/uploads\/2019\/01\/brmRM_footer_logos_stred.png\" alt=\"brmRM_footer_logos_stred\" \/><\/p>\n<p><a href=\"\/o-nas\/#mach\">\/o-nas\/#mach<\/a><\/p>\n<p>disable<\/p>\n<p><img decoding=\"async\" src=\"http:\/\/brmgroup.sk\/wp-content\/uploads\/2019\/01\/brmSERVICE_footer_logos_stred.png\" alt=\"brmSERVICE_footer_logos_stred\" \/><\/p>\n<p><a href=\"\/o-nas\/#service\">\/o-nas\/#service<\/a><\/p>\n<p>disable<\/p>\n","protected":false},"excerpt":{"rendered":"<p>Wirtschaftspr\u00fcfung h4 Professionelle Wirtschaftspr\u00fcfung &#8211; Pr\u00fcfung von Einzel- und Konzernabschl\u00fcssen, Pr\u00fcfung von Gesch\u00e4ftsberichten, Sonderpr\u00fcfungen. icon-docs top \/audit\/ Steuern h4 Komplexe Steuerberatung, Vertretung in Steuerangelegenheiten, Unterst\u00fctzung bei<span class=\"excerpt-hellip\"> [\u2026]<\/span><\/p>\n","protected":false},"author":1,"featured_media":0,"parent":0,"menu_order":0,"comment_status":"closed","ping_status":"closed","template":"","meta":{"footnotes":""},"class_list":["post-582","page","type-page","status-publish","hentry"],"yoast_head":"<!-- This site is optimized with the Yoast SEO plugin v24.4 - https:\/\/yoast.com\/wordpress\/plugins\/seo\/ -->\n<title>Wirtschaftspr\u00fcfung, steuern und buchhaltung - B.R.M. Group<\/title>\n<meta name=\"description\" content=\"Komplexe Steuerberatung, Vertretung in Steuerangelegenheiten, Unterst\u00fctzung bei Steuerpr\u00fcfungen, Steueroptimierung durch erfahrene Berater.\" \/>\n<meta name=\"robots\" content=\"index, follow, max-snippet:-1, max-image-preview:large, max-video-preview:-1\" \/>\n<link rel=\"canonical\" href=\"https:\/\/brmgroup.sk\/de\" \/>\n<meta property=\"og:locale\" content=\"de_DE\" \/>\n<meta property=\"og:type\" content=\"article\" \/>\n<meta property=\"og:title\" content=\"Wirtschaftspr\u00fcfung, steuern und buchhaltung - B.R.M. Group\" \/>\n<meta property=\"og:description\" content=\"Komplexe Steuerberatung, Vertretung in Steuerangelegenheiten, Unterst\u00fctzung bei Steuerpr\u00fcfungen, Steueroptimierung durch erfahrene Berater.\" \/>\n<meta property=\"og:url\" content=\"https:\/\/brmgroup.sk\/de\" \/>\n<meta property=\"og:site_name\" content=\"B.R.M. Group\" \/>\n<meta property=\"article:modified_time\" content=\"2023-02-16T20:43:35+00:00\" \/>\n<meta property=\"og:image\" content=\"http:\/\/brmgroup.sk\/wp-content\/uploads\/2019\/02\/brmgroup_ikona_uvod_1.png\" \/>\n<meta name=\"twitter:card\" content=\"summary_large_image\" \/>\n<meta name=\"twitter:label1\" content=\"Gesch\u00e4tzte Lesezeit\" \/>\n\t<meta name=\"twitter:data1\" content=\"4\u00a0Minuten\" \/>\n<script type=\"application\/ld+json\" class=\"yoast-schema-graph\">{\"@context\":\"https:\/\/schema.org\",\"@graph\":[{\"@type\":\"WebPage\",\"@id\":\"https:\/\/brmgroup.sk\/de\",\"url\":\"https:\/\/brmgroup.sk\/de\",\"name\":\"Wirtschaftspr\u00fcfung, steuern und buchhaltung - B.R.M. Group\",\"isPartOf\":{\"@id\":\"https:\/\/brmgroup.sk\/#website\"},\"primaryImageOfPage\":{\"@id\":\"https:\/\/brmgroup.sk\/de#primaryimage\"},\"image\":{\"@id\":\"https:\/\/brmgroup.sk\/de#primaryimage\"},\"thumbnailUrl\":\"http:\/\/brmgroup.sk\/wp-content\/uploads\/2019\/02\/brmgroup_ikona_uvod_1.png\",\"datePublished\":\"2017-02-01T13:13:46+00:00\",\"dateModified\":\"2023-02-16T20:43:35+00:00\",\"description\":\"Komplexe Steuerberatung, Vertretung in Steuerangelegenheiten, Unterst\u00fctzung bei Steuerpr\u00fcfungen, Steueroptimierung durch erfahrene Berater.\",\"breadcrumb\":{\"@id\":\"https:\/\/brmgroup.sk\/de#breadcrumb\"},\"inLanguage\":\"de\",\"potentialAction\":[{\"@type\":\"ReadAction\",\"target\":[\"https:\/\/brmgroup.sk\/de\"]}]},{\"@type\":\"ImageObject\",\"inLanguage\":\"de\",\"@id\":\"https:\/\/brmgroup.sk\/de#primaryimage\",\"url\":\"http:\/\/brmgroup.sk\/wp-content\/uploads\/2019\/02\/brmgroup_ikona_uvod_1.png\",\"contentUrl\":\"http:\/\/brmgroup.sk\/wp-content\/uploads\/2019\/02\/brmgroup_ikona_uvod_1.png\"},{\"@type\":\"BreadcrumbList\",\"@id\":\"https:\/\/brmgroup.sk\/de#breadcrumb\",\"itemListElement\":[{\"@type\":\"ListItem\",\"position\":1,\"name\":\"Home\",\"item\":\"https:\/\/brmgroup.sk\/de\"},{\"@type\":\"ListItem\",\"position\":2,\"name\":\"Wirtschaftspr\u00fcfung, steuern und buchhaltung\"}]},{\"@type\":\"WebSite\",\"@id\":\"https:\/\/brmgroup.sk\/#website\",\"url\":\"https:\/\/brmgroup.sk\/\",\"name\":\"B.R.M. Group\",\"description\":\"Da\u0148ov\u00e9 a \u00fa\u010dtovn\u00e9 slu\u017eby, ktor\u00e9 nemin\u00fa cie\u013e!\",\"publisher\":{\"@id\":\"https:\/\/brmgroup.sk\/#organization\"},\"potentialAction\":[{\"@type\":\"SearchAction\",\"target\":{\"@type\":\"EntryPoint\",\"urlTemplate\":\"https:\/\/brmgroup.sk\/?s={search_term_string}\"},\"query-input\":{\"@type\":\"PropertyValueSpecification\",\"valueRequired\":true,\"valueName\":\"search_term_string\"}}],\"inLanguage\":\"de\"},{\"@type\":\"Organization\",\"@id\":\"https:\/\/brmgroup.sk\/#organization\",\"name\":\"B. R. M. Group\",\"url\":\"https:\/\/brmgroup.sk\/\",\"logo\":{\"@type\":\"ImageObject\",\"inLanguage\":\"de\",\"@id\":\"https:\/\/brmgroup.sk\/#\/schema\/logo\/image\/\",\"url\":\"https:\/\/brmgroup.sk\/wp-content\/uploads\/2019\/01\/brm_group_logo_retina_v2.png\",\"contentUrl\":\"https:\/\/brmgroup.sk\/wp-content\/uploads\/2019\/01\/brm_group_logo_retina_v2.png\",\"width\":400,\"height\":99,\"caption\":\"B. R. M. Group\"},\"image\":{\"@id\":\"https:\/\/brmgroup.sk\/#\/schema\/logo\/image\/\"},\"sameAs\":[\"https:\/\/www.linkedin.com\/company\/brm-tax-bratislava\"]}]}<\/script>\n<!-- \/ Yoast SEO plugin. -->","yoast_head_json":{"title":"Wirtschaftspr\u00fcfung, steuern und buchhaltung - B.R.M. Group","description":"Komplexe Steuerberatung, Vertretung in Steuerangelegenheiten, Unterst\u00fctzung bei Steuerpr\u00fcfungen, Steueroptimierung durch erfahrene Berater.","robots":{"index":"index","follow":"follow","max-snippet":"max-snippet:-1","max-image-preview":"max-image-preview:large","max-video-preview":"max-video-preview:-1"},"canonical":"https:\/\/brmgroup.sk\/de","og_locale":"de_DE","og_type":"article","og_title":"Wirtschaftspr\u00fcfung, steuern und buchhaltung - B.R.M. Group","og_description":"Komplexe Steuerberatung, Vertretung in Steuerangelegenheiten, Unterst\u00fctzung bei Steuerpr\u00fcfungen, Steueroptimierung durch erfahrene Berater.","og_url":"https:\/\/brmgroup.sk\/de","og_site_name":"B.R.M. Group","article_modified_time":"2023-02-16T20:43:35+00:00","og_image":[{"url":"http:\/\/brmgroup.sk\/wp-content\/uploads\/2019\/02\/brmgroup_ikona_uvod_1.png","type":"","width":"","height":""}],"twitter_card":"summary_large_image","twitter_misc":{"Gesch\u00e4tzte Lesezeit":"4\u00a0Minuten"},"schema":{"@context":"https:\/\/schema.org","@graph":[{"@type":"WebPage","@id":"https:\/\/brmgroup.sk\/de","url":"https:\/\/brmgroup.sk\/de","name":"Wirtschaftspr\u00fcfung, steuern und buchhaltung - B.R.M. Group","isPartOf":{"@id":"https:\/\/brmgroup.sk\/#website"},"primaryImageOfPage":{"@id":"https:\/\/brmgroup.sk\/de#primaryimage"},"image":{"@id":"https:\/\/brmgroup.sk\/de#primaryimage"},"thumbnailUrl":"http:\/\/brmgroup.sk\/wp-content\/uploads\/2019\/02\/brmgroup_ikona_uvod_1.png","datePublished":"2017-02-01T13:13:46+00:00","dateModified":"2023-02-16T20:43:35+00:00","description":"Komplexe Steuerberatung, Vertretung in Steuerangelegenheiten, Unterst\u00fctzung bei Steuerpr\u00fcfungen, Steueroptimierung durch erfahrene Berater.","breadcrumb":{"@id":"https:\/\/brmgroup.sk\/de#breadcrumb"},"inLanguage":"de","potentialAction":[{"@type":"ReadAction","target":["https:\/\/brmgroup.sk\/de"]}]},{"@type":"ImageObject","inLanguage":"de","@id":"https:\/\/brmgroup.sk\/de#primaryimage","url":"http:\/\/brmgroup.sk\/wp-content\/uploads\/2019\/02\/brmgroup_ikona_uvod_1.png","contentUrl":"http:\/\/brmgroup.sk\/wp-content\/uploads\/2019\/02\/brmgroup_ikona_uvod_1.png"},{"@type":"BreadcrumbList","@id":"https:\/\/brmgroup.sk\/de#breadcrumb","itemListElement":[{"@type":"ListItem","position":1,"name":"Home","item":"https:\/\/brmgroup.sk\/de"},{"@type":"ListItem","position":2,"name":"Wirtschaftspr\u00fcfung, steuern und buchhaltung"}]},{"@type":"WebSite","@id":"https:\/\/brmgroup.sk\/#website","url":"https:\/\/brmgroup.sk\/","name":"B.R.M. Group","description":"Da\u0148ov\u00e9 a \u00fa\u010dtovn\u00e9 slu\u017eby, ktor\u00e9 nemin\u00fa cie\u013e!","publisher":{"@id":"https:\/\/brmgroup.sk\/#organization"},"potentialAction":[{"@type":"SearchAction","target":{"@type":"EntryPoint","urlTemplate":"https:\/\/brmgroup.sk\/?s={search_term_string}"},"query-input":{"@type":"PropertyValueSpecification","valueRequired":true,"valueName":"search_term_string"}}],"inLanguage":"de"},{"@type":"Organization","@id":"https:\/\/brmgroup.sk\/#organization","name":"B. R. M. Group","url":"https:\/\/brmgroup.sk\/","logo":{"@type":"ImageObject","inLanguage":"de","@id":"https:\/\/brmgroup.sk\/#\/schema\/logo\/image\/","url":"https:\/\/brmgroup.sk\/wp-content\/uploads\/2019\/01\/brm_group_logo_retina_v2.png","contentUrl":"https:\/\/brmgroup.sk\/wp-content\/uploads\/2019\/01\/brm_group_logo_retina_v2.png","width":400,"height":99,"caption":"B. R. M. Group"},"image":{"@id":"https:\/\/brmgroup.sk\/#\/schema\/logo\/image\/"},"sameAs":["https:\/\/www.linkedin.com\/company\/brm-tax-bratislava"]}]}},"_links":{"self":[{"href":"https:\/\/brmgroup.sk\/de\/wp-json\/wp\/v2\/pages\/582","targetHints":{"allow":["GET"]}}],"collection":[{"href":"https:\/\/brmgroup.sk\/de\/wp-json\/wp\/v2\/pages"}],"about":[{"href":"https:\/\/brmgroup.sk\/de\/wp-json\/wp\/v2\/types\/page"}],"author":[{"embeddable":true,"href":"https:\/\/brmgroup.sk\/de\/wp-json\/wp\/v2\/users\/1"}],"replies":[{"embeddable":true,"href":"https:\/\/brmgroup.sk\/de\/wp-json\/wp\/v2\/comments?post=582"}],"version-history":[{"count":6,"href":"https:\/\/brmgroup.sk\/de\/wp-json\/wp\/v2\/pages\/582\/revisions"}],"predecessor-version":[{"id":647,"href":"https:\/\/brmgroup.sk\/de\/wp-json\/wp\/v2\/pages\/582\/revisions\/647"}],"wp:attachment":[{"href":"https:\/\/brmgroup.sk\/de\/wp-json\/wp\/v2\/media?parent=582"}],"curies":[{"name":"wp","href":"https:\/\/api.w.org\/{rel}","templated":true}]}}