{"id":448,"date":"2017-02-03T08:25:54","date_gmt":"2017-02-03T08:25:54","guid":{"rendered":"https:\/\/brmgroup.sk\/kontakt\/"},"modified":"2019-05-31T09:10:03","modified_gmt":"2019-05-31T07:10:03","slug":"contact-data","status":"publish","type":"page","link":"https:\/\/brmgroup.sk\/en\/contact-data","title":{"rendered":"Contact data"},"content":{"rendered":"<p>Google mapa<\/p>\n<p><iframe loading=\"lazy\" src=\"https:\/\/www.google.com\/maps\/embed?pb=!1m18!1m12!1m3!1d2663.161678304284!2d17.087794916032557!3d48.12640537922259!2m3!1f0!2f0!3f0!3m2!1i1024!2i768!4f13.1!3m3!1m2!1s0x476c89fe45507c2d%3A0x94aef319584808ef!2sB.R.M.Tax%2C+k.s.!5e0!3m2!1sen!2ssk!4v1550852275149\" width=\"100%\" height=\"400\" frameborder=\"0\" style=\"border:0; -webkit-filter: grayscale (60%);\n    -moz-filter: grayscale(60%);\n    filter: grayscale(100%);\n    -o-filter: grayscale(60%);\n\" allowfullscreen><\/iframe><\/p>\n<p>center<\/p>\n<p>no-repeat;center top;;<\/p>\n<p>auto<\/p>\n<p>icon-location<\/p>\n<p class=\"big\" style=\"padding-top: 12px; display: block; margin: 0;\">Registered Address<\/p>\n<h4>\u013dubietovsk\u00e1 10<br \/>851 01  Bratislava<\/h4>\n<p>2<\/p>\n<p>icon-call<\/p>\n<p class=\"big\" style=\"padding-top: 12px; display: block; margin: 0;\">Phone no.:<\/p>\n<h4><a href=\"tel:+421 2 68202311\">+421 2 6820 2311<\/a><\/h4>\n<p>2<\/p>\n<p>icon-mail-line<\/p>\n<p class=\"big\" style=\"padding-top: 12px; display: block; margin: 0;\">E-mail:<\/p>\n<h4><a href=\"mailto:info@brmgroup.sk\">info@brmgroup.sk<\/a><\/h4>\n<p>2<\/p>\n<p>Contact us<\/p>\n<h2>Contact us<\/h2>\n<p class=\"big\">If you have any questions or would like to set up a personal meeting, please fill out the contact form.<\/p>\n<p class=\"big\" style=\"color: #a8a8a8;\">You can also find us here:<\/p>\n<a href=\"https:\/\/www.linkedin.com\/company\/brm-tax-bratislava\/\" class=\"icon_bar  icon_bar_linkedin icon_bar_small\" ><span class=\"t\"><i class=\"icon-linkedin\"><\/i><\/span><span class=\"b\"><i class=\"icon-linkedin\"><\/i><\/span><\/a>\n\n<p>right<\/p>\n<p>no-repeat;center top;;<\/p>\n<p>auto<\/p>\n<p>Contact form<\/p>\n\n<div class=\"wpcf7 no-js\" id=\"wpcf7-f450-o1\" lang=\"en-US\" dir=\"ltr\" data-wpcf7-id=\"450\">\n<div class=\"screen-reader-response\"><p role=\"status\" aria-live=\"polite\" aria-atomic=\"true\"><\/p> <ul><\/ul><\/div>\n<form action=\"\/en\/wp-json\/wp\/v2\/pages\/448#wpcf7-f450-o1\" method=\"post\" class=\"wpcf7-form init wpcf7-acceptance-as-validation\" aria-label=\"Contact form\" novalidate=\"novalidate\" data-status=\"init\">\n<div style=\"display: none;\">\n<input type=\"hidden\" name=\"_wpcf7\" value=\"450\" \/>\n<input type=\"hidden\" name=\"_wpcf7_version\" value=\"6.0.3\" \/>\n<input type=\"hidden\" name=\"_wpcf7_locale\" value=\"en_US\" \/>\n<input type=\"hidden\" name=\"_wpcf7_unit_tag\" value=\"wpcf7-f450-o1\" \/>\n<input type=\"hidden\" name=\"_wpcf7_container_post\" value=\"0\" \/>\n<input type=\"hidden\" name=\"_wpcf7_posted_data_hash\" value=\"\" \/>\n<input type=\"hidden\" name=\"_wpcf7_recaptcha_response\" value=\"\" \/>\n<\/div>\n<div class=\"column one-second\">\n\t<p><label>Name and surname:<\/label><span class=\"wpcf7-form-control-wrap\" data-name=\"meno\"><input size=\"40\" maxlength=\"400\" class=\"wpcf7-form-control wpcf7-text wpcf7-validates-as-required\" aria-required=\"true\" aria-invalid=\"false\" value=\"\" type=\"text\" name=\"meno\" \/><\/span>\n\t<\/p>\n<\/div>\n<div class=\"column one-second\">\n\t<p><label>E-mail:<\/label><span class=\"wpcf7-form-control-wrap\" data-name=\"email\"><input size=\"40\" maxlength=\"400\" class=\"wpcf7-form-control wpcf7-email wpcf7-validates-as-required wpcf7-text wpcf7-validates-as-email\" aria-required=\"true\" aria-invalid=\"false\" value=\"\" type=\"email\" name=\"email\" \/><\/span>\n\t<\/p>\n<\/div>\n<div class=\"column one\">\n\t<p><label>Your message:<\/label><span class=\"wpcf7-form-control-wrap\" data-name=\"sprava\"><textarea cols=\"40\" rows=\"10\" maxlength=\"2000\" class=\"wpcf7-form-control wpcf7-textarea\" aria-invalid=\"false\" name=\"sprava\"><\/textarea><\/span>\n\t<\/p>\n<\/div>\n<div class=\"column one\">\n\t<p><span class=\"wpcf7-form-control-wrap\" data-name=\"suhlasgdpr\"><span class=\"wpcf7-form-control wpcf7-acceptance\"><span class=\"wpcf7-list-item\"><label><input type=\"checkbox\" name=\"suhlasgdpr\" value=\"1\" aria-invalid=\"false\" \/><span class=\"wpcf7-list-item-label\">I have familiarized myself and agree with <a href=\"\/en\/personal-data-processing\/\" target=_Blank>personal data processing<\/a>.<\/span><\/label><\/span><\/span><\/span>\n\t<\/p>\n<\/div>\n<div class=\"column one\">\n\t<p>This webpage is protected by the reCAPTCHA law and <a href=\"https:\/\/policies.google.com\/privacy?hl=en\" target=\"_Blank\">Google's Privacy Policy<\/a> and <a href=\"https:\/\/policies.google.com\/terms?hl=en\" target=\"_Blank\">Terms and Conditions<\/a> apply.\n\t<\/p>\n<\/div>\n<div class=\"column one\">\n\t<p><input class=\"wpcf7-form-control wpcf7-submit has-spinner sluzby_butt sluzby_butt_paralax\" type=\"submit\" value=\"Send a message\" \/>\n\t<\/p>\n<\/div><div class=\"wpcf7-response-output\" aria-hidden=\"true\"><\/div>\n<\/form>\n<\/div>\n\n<p>no-repeat;center top;;<\/p>\n<p>auto<\/p>\n<h2>Would you like to set up a personal meeting?<\/h2>\n<p class=\"big\">\nWe are looking forward to meeting with you<br \/>\nin our office at<br \/>\n\u013dubietovsk\u00e1 10 in Bratislava.\n<\/p>\n<p>right<\/p>\n<p>no-repeat;center top;;<\/p>\n<p>auto<\/p>\n<p>2%<\/p>\n<p><img decoding=\"async\" src=\"http:\/\/brmgroup.sk\/wp-content\/uploads\/2019\/01\/brm_group_budova2.jpg\" alt=\"brm_group_budova2\"\/><\/p>\n<p><img decoding=\"async\" src=\"http:\/\/brmgroup.sk\/wp-content\/uploads\/2019\/01\/brm_group_budova.jpg\" alt=\"brm_group_budova\"\/><\/p>\n","protected":false},"excerpt":{"rendered":"<p>Google mapa center no-repeat;center top;; auto icon-location Registered Address \u013dubietovsk\u00e1 10851 01 Bratislava 2 icon-call Phone no.: +421 2 6820 2311 2 icon-mail-line E-mail: info@brmgroup.sk 2<span class=\"excerpt-hellip\"> [\u2026]<\/span><\/p>\n","protected":false},"author":1,"featured_media":0,"parent":0,"menu_order":0,"comment_status":"closed","ping_status":"closed","template":"","meta":{"footnotes":""},"class_list":["post-448","page","type-page","status-publish","hentry"],"yoast_head":"<!-- This site is optimized with the Yoast SEO plugin v24.4 - https:\/\/yoast.com\/wordpress\/plugins\/seo\/ -->\n<title>Contact data - B.R.M. Group<\/title>\n<meta name=\"description\" content=\"Do you have any qustions? Contact us. Registered address: \u013dubietovsk\u00e1 10, 851 01 Bratislava | Telephone: +421 2 6820 2311 | E-mail: info@brmgroup.sk\" \/>\n<meta name=\"robots\" content=\"index, follow, max-snippet:-1, max-image-preview:large, max-video-preview:-1\" \/>\n<link rel=\"canonical\" href=\"https:\/\/brmgroup.sk\/en\/contact-data\" \/>\n<meta property=\"og:locale\" content=\"en_US\" \/>\n<meta property=\"og:type\" content=\"article\" \/>\n<meta property=\"og:title\" content=\"Contact data - B.R.M. Group\" \/>\n<meta property=\"og:description\" content=\"Do you have any qustions? Contact us. Registered address: \u013dubietovsk\u00e1 10, 851 01 Bratislava | Telephone: +421 2 6820 2311 | E-mail: info@brmgroup.sk\" \/>\n<meta property=\"og:url\" content=\"https:\/\/brmgroup.sk\/en\/contact-data\" \/>\n<meta property=\"og:site_name\" content=\"B.R.M. Group\" \/>\n<meta property=\"article:modified_time\" content=\"2019-05-31T07:10:03+00:00\" \/>\n<meta property=\"og:image\" content=\"http:\/\/brmgroup.sk\/wp-content\/uploads\/2019\/01\/brm_group_budova2.jpg\" \/>\n<meta name=\"twitter:card\" content=\"summary_large_image\" \/>\n<meta name=\"twitter:label1\" content=\"Est. reading time\" \/>\n\t<meta name=\"twitter:data1\" content=\"1 minute\" \/>\n<script type=\"application\/ld+json\" class=\"yoast-schema-graph\">{\"@context\":\"https:\/\/schema.org\",\"@graph\":[{\"@type\":\"WebPage\",\"@id\":\"https:\/\/brmgroup.sk\/en\/contact-data\",\"url\":\"https:\/\/brmgroup.sk\/en\/contact-data\",\"name\":\"Contact data - B.R.M. Group\",\"isPartOf\":{\"@id\":\"https:\/\/brmgroup.sk\/#website\"},\"primaryImageOfPage\":{\"@id\":\"https:\/\/brmgroup.sk\/en\/contact-data#primaryimage\"},\"image\":{\"@id\":\"https:\/\/brmgroup.sk\/en\/contact-data#primaryimage\"},\"thumbnailUrl\":\"http:\/\/brmgroup.sk\/wp-content\/uploads\/2019\/01\/brm_group_budova2.jpg\",\"datePublished\":\"2017-02-03T08:25:54+00:00\",\"dateModified\":\"2019-05-31T07:10:03+00:00\",\"description\":\"Do you have any qustions? Contact us. Registered address: \u013dubietovsk\u00e1 10, 851 01 Bratislava | Telephone: +421 2 6820 2311 | E-mail: info@brmgroup.sk\",\"breadcrumb\":{\"@id\":\"https:\/\/brmgroup.sk\/en\/contact-data#breadcrumb\"},\"inLanguage\":\"en-US\",\"potentialAction\":[{\"@type\":\"ReadAction\",\"target\":[\"https:\/\/brmgroup.sk\/en\/contact-data\"]}]},{\"@type\":\"ImageObject\",\"inLanguage\":\"en-US\",\"@id\":\"https:\/\/brmgroup.sk\/en\/contact-data#primaryimage\",\"url\":\"http:\/\/brmgroup.sk\/wp-content\/uploads\/2019\/01\/brm_group_budova2.jpg\",\"contentUrl\":\"http:\/\/brmgroup.sk\/wp-content\/uploads\/2019\/01\/brm_group_budova2.jpg\"},{\"@type\":\"BreadcrumbList\",\"@id\":\"https:\/\/brmgroup.sk\/en\/contact-data#breadcrumb\",\"itemListElement\":[{\"@type\":\"ListItem\",\"position\":1,\"name\":\"Home\",\"item\":\"https:\/\/brmgroup.sk\/en\"},{\"@type\":\"ListItem\",\"position\":2,\"name\":\"Contact data\"}]},{\"@type\":\"WebSite\",\"@id\":\"https:\/\/brmgroup.sk\/#website\",\"url\":\"https:\/\/brmgroup.sk\/\",\"name\":\"B.R.M. Group\",\"description\":\"Da\u0148ov\u00e9 a \u00fa\u010dtovn\u00e9 slu\u017eby, ktor\u00e9 nemin\u00fa cie\u013e!\",\"publisher\":{\"@id\":\"https:\/\/brmgroup.sk\/#organization\"},\"potentialAction\":[{\"@type\":\"SearchAction\",\"target\":{\"@type\":\"EntryPoint\",\"urlTemplate\":\"https:\/\/brmgroup.sk\/?s={search_term_string}\"},\"query-input\":{\"@type\":\"PropertyValueSpecification\",\"valueRequired\":true,\"valueName\":\"search_term_string\"}}],\"inLanguage\":\"en-US\"},{\"@type\":\"Organization\",\"@id\":\"https:\/\/brmgroup.sk\/#organization\",\"name\":\"B. R. M. Group\",\"url\":\"https:\/\/brmgroup.sk\/\",\"logo\":{\"@type\":\"ImageObject\",\"inLanguage\":\"en-US\",\"@id\":\"https:\/\/brmgroup.sk\/#\/schema\/logo\/image\/\",\"url\":\"https:\/\/brmgroup.sk\/wp-content\/uploads\/2019\/01\/brm_group_logo_retina_v2.png\",\"contentUrl\":\"https:\/\/brmgroup.sk\/wp-content\/uploads\/2019\/01\/brm_group_logo_retina_v2.png\",\"width\":400,\"height\":99,\"caption\":\"B. R. M. Group\"},\"image\":{\"@id\":\"https:\/\/brmgroup.sk\/#\/schema\/logo\/image\/\"},\"sameAs\":[\"https:\/\/www.linkedin.com\/company\/brm-tax-bratislava\"]}]}<\/script>\n<!-- \/ Yoast SEO plugin. -->","yoast_head_json":{"title":"Contact data - B.R.M. Group","description":"Do you have any qustions? Contact us. Registered address: \u013dubietovsk\u00e1 10, 851 01 Bratislava | Telephone: +421 2 6820 2311 | E-mail: info@brmgroup.sk","robots":{"index":"index","follow":"follow","max-snippet":"max-snippet:-1","max-image-preview":"max-image-preview:large","max-video-preview":"max-video-preview:-1"},"canonical":"https:\/\/brmgroup.sk\/en\/contact-data","og_locale":"en_US","og_type":"article","og_title":"Contact data - B.R.M. Group","og_description":"Do you have any qustions? Contact us. Registered address: \u013dubietovsk\u00e1 10, 851 01 Bratislava | Telephone: +421 2 6820 2311 | E-mail: info@brmgroup.sk","og_url":"https:\/\/brmgroup.sk\/en\/contact-data","og_site_name":"B.R.M. Group","article_modified_time":"2019-05-31T07:10:03+00:00","og_image":[{"url":"http:\/\/brmgroup.sk\/wp-content\/uploads\/2019\/01\/brm_group_budova2.jpg","type":"","width":"","height":""}],"twitter_card":"summary_large_image","twitter_misc":{"Est. reading time":"1 minute"},"schema":{"@context":"https:\/\/schema.org","@graph":[{"@type":"WebPage","@id":"https:\/\/brmgroup.sk\/en\/contact-data","url":"https:\/\/brmgroup.sk\/en\/contact-data","name":"Contact data - B.R.M. Group","isPartOf":{"@id":"https:\/\/brmgroup.sk\/#website"},"primaryImageOfPage":{"@id":"https:\/\/brmgroup.sk\/en\/contact-data#primaryimage"},"image":{"@id":"https:\/\/brmgroup.sk\/en\/contact-data#primaryimage"},"thumbnailUrl":"http:\/\/brmgroup.sk\/wp-content\/uploads\/2019\/01\/brm_group_budova2.jpg","datePublished":"2017-02-03T08:25:54+00:00","dateModified":"2019-05-31T07:10:03+00:00","description":"Do you have any qustions? Contact us. Registered address: \u013dubietovsk\u00e1 10, 851 01 Bratislava | Telephone: +421 2 6820 2311 | E-mail: info@brmgroup.sk","breadcrumb":{"@id":"https:\/\/brmgroup.sk\/en\/contact-data#breadcrumb"},"inLanguage":"en-US","potentialAction":[{"@type":"ReadAction","target":["https:\/\/brmgroup.sk\/en\/contact-data"]}]},{"@type":"ImageObject","inLanguage":"en-US","@id":"https:\/\/brmgroup.sk\/en\/contact-data#primaryimage","url":"http:\/\/brmgroup.sk\/wp-content\/uploads\/2019\/01\/brm_group_budova2.jpg","contentUrl":"http:\/\/brmgroup.sk\/wp-content\/uploads\/2019\/01\/brm_group_budova2.jpg"},{"@type":"BreadcrumbList","@id":"https:\/\/brmgroup.sk\/en\/contact-data#breadcrumb","itemListElement":[{"@type":"ListItem","position":1,"name":"Home","item":"https:\/\/brmgroup.sk\/en"},{"@type":"ListItem","position":2,"name":"Contact data"}]},{"@type":"WebSite","@id":"https:\/\/brmgroup.sk\/#website","url":"https:\/\/brmgroup.sk\/","name":"B.R.M. Group","description":"Da\u0148ov\u00e9 a \u00fa\u010dtovn\u00e9 slu\u017eby, ktor\u00e9 nemin\u00fa cie\u013e!","publisher":{"@id":"https:\/\/brmgroup.sk\/#organization"},"potentialAction":[{"@type":"SearchAction","target":{"@type":"EntryPoint","urlTemplate":"https:\/\/brmgroup.sk\/?s={search_term_string}"},"query-input":{"@type":"PropertyValueSpecification","valueRequired":true,"valueName":"search_term_string"}}],"inLanguage":"en-US"},{"@type":"Organization","@id":"https:\/\/brmgroup.sk\/#organization","name":"B. R. M. Group","url":"https:\/\/brmgroup.sk\/","logo":{"@type":"ImageObject","inLanguage":"en-US","@id":"https:\/\/brmgroup.sk\/#\/schema\/logo\/image\/","url":"https:\/\/brmgroup.sk\/wp-content\/uploads\/2019\/01\/brm_group_logo_retina_v2.png","contentUrl":"https:\/\/brmgroup.sk\/wp-content\/uploads\/2019\/01\/brm_group_logo_retina_v2.png","width":400,"height":99,"caption":"B. R. M. Group"},"image":{"@id":"https:\/\/brmgroup.sk\/#\/schema\/logo\/image\/"},"sameAs":["https:\/\/www.linkedin.com\/company\/brm-tax-bratislava"]}]}},"_links":{"self":[{"href":"https:\/\/brmgroup.sk\/en\/wp-json\/wp\/v2\/pages\/448","targetHints":{"allow":["GET"]}}],"collection":[{"href":"https:\/\/brmgroup.sk\/en\/wp-json\/wp\/v2\/pages"}],"about":[{"href":"https:\/\/brmgroup.sk\/en\/wp-json\/wp\/v2\/types\/page"}],"author":[{"embeddable":true,"href":"https:\/\/brmgroup.sk\/en\/wp-json\/wp\/v2\/users\/1"}],"replies":[{"embeddable":true,"href":"https:\/\/brmgroup.sk\/en\/wp-json\/wp\/v2\/comments?post=448"}],"version-history":[{"count":3,"href":"https:\/\/brmgroup.sk\/en\/wp-json\/wp\/v2\/pages\/448\/revisions"}],"predecessor-version":[{"id":628,"href":"https:\/\/brmgroup.sk\/en\/wp-json\/wp\/v2\/pages\/448\/revisions\/628"}],"wp:attachment":[{"href":"https:\/\/brmgroup.sk\/en\/wp-json\/wp\/v2\/media?parent=448"}],"curies":[{"name":"wp","href":"https:\/\/api.w.org\/{rel}","templated":true}]}}