{"id":473,"date":"2019-01-23T16:13:43","date_gmt":"2019-01-23T15:13:43","guid":{"rendered":"https:\/\/brmgroup.sk\/services\/dane-a-danove-poradenstvo\/"},"modified":"2020-08-27T14:22:21","modified_gmt":"2020-08-27T12:22:21","slug":"tax-consultancy","status":"publish","type":"page","link":"https:\/\/brmgroup.sk\/en\/services\/tax-consultancy","title":{"rendered":"Tax consultancy"},"content":{"rendered":"<p>Dane<\/p>\n<h2>Tax consultancy<\/h2>\n<p><i>Income taxes<\/i><\/p>\n<ul>\n<li>preparation of tax returns for both legal and natural persons<\/li>\n<li>checking tax returns prepared by you before submission thereof<\/li>\n<li>proposals of measures aimed at tax base optimization<\/li>\n<li>internal tax audit \u2013 checking the accounting records and proposals for solving problem areas<\/li>\n<\/ul>\n<p>&nbsp;<\/p>\n<p><i>Value added tax<\/i><\/p>\n<ul>\n<li>we will help you to register your company as a VAT payer<\/li>\n<li>consultancy and assistance at observance of the VAT Act<\/li>\n<li>review of tax documents and proposals for addressing identified deficiencies<\/li>\n<\/ul>\n<p>&nbsp;<\/p>\n<p><i>International taxation<\/i><\/p>\n<ul>\n<li>consultancy on the application of VAT at cross-border transactions (EU, third countries)<\/li>\n<li>addressing issues related to payments abroad \u2013 withholding taxes, collateral tax<\/li>\n<li>transfer pricing documentation<\/li>\n<li>tax returns for persons receiving income from abroad<\/li>\n<li>obtaining confirmation of income taxation in Slovakia for foreign persons<\/li>\n<\/ul>\n<p>&nbsp;<\/p>\n<p><i>Other taxes<\/i><\/p>\n<ul>\n<li>preparation of tax returns and consultancy on other types of taxes (motor tax, property tax, excise duties, etc.)<\/li>\n<\/ul>\n<p>&nbsp;<\/p>\n<h3>Other tax services:<\/h3>\n<p><i>Assistance at tax inspections: <\/i><\/p>\n<ul>\n<li style=\"list-style-type: none;\">\n<ul>\n<li>help with the preparation of financial and legal documents before the start of a tax inspection<\/li>\n<li>reviewing documents to be submitted to a tax administrator<\/li>\n<li>dealing with problematic situations at tax inspections<\/li>\n<li>emphasis on thorough preservation of rights of inspected entity<\/li>\n<li>continuous communication with the tax administrator, preparation of comments to findings from the inspection<\/li>\n<li>If you disagree with results of the tax inspection, we will prepare comments on your behalf to the report of tax inspection. If needed, we will prepare an appeal against the tax administrator\u2019s decision based on the tax inspection<\/li>\n<\/ul>\n<\/li>\n<\/ul>\n<p><b>Note:<\/b><\/p>\n<p><i><b>Individual above-mentioned measures can only be implemented at certain stages of an inspection audit. Most of them cannot be implemented after the issue of the report of tax inspection. The presence of a qualified tax advisor during the inspection can protect you if tax administrator\u2019s requirements for submission of evidence can not be practically fulfilled or, in some cases, even go beyond the scope of legal obligations of a taxpayer. Therefore, we recommend that you get us involved in the process of tax inspection as soon as possible, which will enable us to gain a considerably better position for defence of your interests. <\/b><\/i><\/p>\n<p>&nbsp;<\/p>\n<p><i>Representation at tax administration:<\/i><\/p>\n<ul>\n<li>as your tax administration deputy we will take over the complete communication with the tax administrator<\/li>\n<li>we will arrange tax registrations and fulfillment of notificitation obligations within the statutory time limits<\/li>\n<li>we will respond to requisitions of different kinds by tax administrators<\/li>\n<\/ul>\n<p>no-repeat;center top;;<\/p>\n<p>auto<\/p>\n<p>2%<\/p>\n<p>\u010eAL\u0160IE POSKYTOVAN\u00c9 SLU\u017dBY<\/p>\n<h2 class=\"text_upper\">Other provided services<\/h2>\n<p>&nbsp;<\/p>\n<p>center<\/p>\n<p>no-repeat;center top;;<\/p>\n<p>auto<\/p>\n<p><img decoding=\"async\" src=\"http:\/\/brmgroup.sk\/wp-content\/uploads\/2019\/02\/brmgroup_audit_sluzby_ikona.jpg\" alt=\"brmgroup_audit_sluzby_ikona\" \/><\/p>\n<p>#323946<\/p>\n<p>Audit<\/p>\n<p><a href=\"\/en\/services\/auditing-services\/\">\/en\/services\/auditing-services\/<\/a><\/p>\n<p>Audit<\/p>\n<h3>Audit<\/h3>\n<p>center<\/p>\n<p>no-repeat;center top;;<\/p>\n<p>auto<\/p>\n<p>10px<\/p>\n<p>Read more<\/p>\n<p><a href=\"\/en\/services\/auditing-services\/\">\/en\/services\/auditing-services\/<\/a><\/p>\n<p>center<\/p>\n<p>icon-forward<\/p>\n<p>left<\/p>\n<p>2<\/p>\n<p>sluzby_butt<\/p>\n<p><img decoding=\"async\" src=\"http:\/\/brmgroup.sk\/wp-content\/uploads\/2019\/02\/brmgroup_ucto_sluzby_ikona.jpg\" alt=\"brmgroup_ucto_sluzby_ikona\" \/><\/p>\n<p>#323946<\/p>\n<p>Accounting<\/p>\n<p><a href=\"\/en\/services\/accounting-and-payrolls\/\">\/en\/services\/accounting-and-payrolls\/<\/a><\/p>\n<p>\u00da\u010dtovn\u00edctvo<\/p>\n<h3>Accounting<\/h3>\n<p>center<\/p>\n<p>no-repeat;center top;;<\/p>\n<p>auto<\/p>\n<p>10px<\/p>\n<p>Read more<\/p>\n<p><a href=\"\/en\/services\/accounting-and-payrolls\/\">\/en\/services\/accounting-and-payrolls\/<\/a><\/p>\n<p>center<\/p>\n<p>icon-forward<\/p>\n<p>left<\/p>\n<p>2<\/p>\n<p>sluzby_butt<\/p>\n<p><img decoding=\"async\" src=\"http:\/\/brmgroup.sk\/wp-content\/uploads\/2019\/02\/brmgroup_poradenstvo_sluzby_ikona.jpg\" alt=\"brmgroup_poradenstvo_sluzby_ikona\" \/><\/p>\n<p>#323946<\/p>\n<p>Consultancy<\/p>\n<p><a href=\"\/en\/services\/consulting-services\/\">\/en\/services\/consulting-services\/<\/a><\/p>\n<p>Poradenstvo<\/p>\n<h3>Consultancy<\/h3>\n<p>center<\/p>\n<p>no-repeat;center top;;<\/p>\n<p>auto<\/p>\n<p>10px<\/p>\n<p>Read more<\/p>\n<p><a href=\"\/en\/services\/consulting-services\/\">\/en\/services\/consulting-services\/<\/a><\/p>\n<p>center<\/p>\n<p>icon-forward<\/p>\n<p>left<\/p>\n<p>2<\/p>\n<p>sluzby_butt<\/p>\n","protected":false},"excerpt":{"rendered":"<p>Dane Tax consultancy Income taxes preparation of tax returns for both legal and natural persons checking tax returns prepared by you before submission thereof proposals of<span class=\"excerpt-hellip\"> [\u2026]<\/span><\/p>\n","protected":false},"author":1,"featured_media":0,"parent":466,"menu_order":0,"comment_status":"closed","ping_status":"closed","template":"","meta":{"footnotes":""},"class_list":["post-473","page","type-page","status-publish","hentry"],"yoast_head":"<!-- This site is optimized with the Yoast SEO plugin v24.4 - https:\/\/yoast.com\/wordpress\/plugins\/seo\/ -->\n<title>Tax consultancy - B.R.M. Group<\/title>\n<meta name=\"description\" content=\"Comprehensive tax consulting services, representation at tax administration, assistance at tax inspections, tax optimization.\" \/>\n<meta name=\"robots\" content=\"index, follow, max-snippet:-1, max-image-preview:large, max-video-preview:-1\" \/>\n<link rel=\"canonical\" href=\"https:\/\/brmgroup.sk\/en\/services\/tax-consultancy\" \/>\n<meta property=\"og:locale\" content=\"en_US\" \/>\n<meta property=\"og:type\" content=\"article\" \/>\n<meta property=\"og:title\" content=\"Tax consultancy - B.R.M. Group\" \/>\n<meta property=\"og:description\" content=\"Comprehensive tax consulting services, representation at tax administration, assistance at tax inspections, tax optimization.\" \/>\n<meta property=\"og:url\" content=\"https:\/\/brmgroup.sk\/en\/services\/tax-consultancy\" \/>\n<meta property=\"og:site_name\" content=\"B.R.M. Group\" \/>\n<meta property=\"article:modified_time\" content=\"2020-08-27T12:22:21+00:00\" \/>\n<meta property=\"og:image\" content=\"http:\/\/brmgroup.sk\/wp-content\/uploads\/2019\/02\/brmgroup_audit_sluzby_ikona.jpg\" \/>\n<meta name=\"twitter:card\" content=\"summary_large_image\" \/>\n<meta name=\"twitter:label1\" content=\"Est. reading time\" \/>\n\t<meta name=\"twitter:data1\" content=\"2 minutes\" \/>\n<script type=\"application\/ld+json\" class=\"yoast-schema-graph\">{\"@context\":\"https:\/\/schema.org\",\"@graph\":[{\"@type\":\"WebPage\",\"@id\":\"https:\/\/brmgroup.sk\/en\/services\/tax-consultancy\",\"url\":\"https:\/\/brmgroup.sk\/en\/services\/tax-consultancy\",\"name\":\"Tax consultancy - B.R.M. Group\",\"isPartOf\":{\"@id\":\"https:\/\/brmgroup.sk\/#website\"},\"primaryImageOfPage\":{\"@id\":\"https:\/\/brmgroup.sk\/en\/services\/tax-consultancy#primaryimage\"},\"image\":{\"@id\":\"https:\/\/brmgroup.sk\/en\/services\/tax-consultancy#primaryimage\"},\"thumbnailUrl\":\"http:\/\/brmgroup.sk\/wp-content\/uploads\/2019\/02\/brmgroup_audit_sluzby_ikona.jpg\",\"datePublished\":\"2019-01-23T15:13:43+00:00\",\"dateModified\":\"2020-08-27T12:22:21+00:00\",\"description\":\"Comprehensive tax consulting services, representation at tax administration, assistance at tax inspections, tax optimization.\",\"breadcrumb\":{\"@id\":\"https:\/\/brmgroup.sk\/en\/services\/tax-consultancy#breadcrumb\"},\"inLanguage\":\"en-US\",\"potentialAction\":[{\"@type\":\"ReadAction\",\"target\":[\"https:\/\/brmgroup.sk\/en\/services\/tax-consultancy\"]}]},{\"@type\":\"ImageObject\",\"inLanguage\":\"en-US\",\"@id\":\"https:\/\/brmgroup.sk\/en\/services\/tax-consultancy#primaryimage\",\"url\":\"http:\/\/brmgroup.sk\/wp-content\/uploads\/2019\/02\/brmgroup_audit_sluzby_ikona.jpg\",\"contentUrl\":\"http:\/\/brmgroup.sk\/wp-content\/uploads\/2019\/02\/brmgroup_audit_sluzby_ikona.jpg\"},{\"@type\":\"BreadcrumbList\",\"@id\":\"https:\/\/brmgroup.sk\/en\/services\/tax-consultancy#breadcrumb\",\"itemListElement\":[{\"@type\":\"ListItem\",\"position\":1,\"name\":\"Home\",\"item\":\"https:\/\/brmgroup.sk\/en\"},{\"@type\":\"ListItem\",\"position\":2,\"name\":\"Services\",\"item\":\"https:\/\/brmgroup.sk\/en\/services\"},{\"@type\":\"ListItem\",\"position\":3,\"name\":\"Tax consultancy\"}]},{\"@type\":\"WebSite\",\"@id\":\"https:\/\/brmgroup.sk\/#website\",\"url\":\"https:\/\/brmgroup.sk\/\",\"name\":\"B.R.M. Group\",\"description\":\"Da\u0148ov\u00e9 a \u00fa\u010dtovn\u00e9 slu\u017eby, ktor\u00e9 nemin\u00fa cie\u013e!\",\"publisher\":{\"@id\":\"https:\/\/brmgroup.sk\/#organization\"},\"potentialAction\":[{\"@type\":\"SearchAction\",\"target\":{\"@type\":\"EntryPoint\",\"urlTemplate\":\"https:\/\/brmgroup.sk\/?s={search_term_string}\"},\"query-input\":{\"@type\":\"PropertyValueSpecification\",\"valueRequired\":true,\"valueName\":\"search_term_string\"}}],\"inLanguage\":\"en-US\"},{\"@type\":\"Organization\",\"@id\":\"https:\/\/brmgroup.sk\/#organization\",\"name\":\"B. R. M. Group\",\"url\":\"https:\/\/brmgroup.sk\/\",\"logo\":{\"@type\":\"ImageObject\",\"inLanguage\":\"en-US\",\"@id\":\"https:\/\/brmgroup.sk\/#\/schema\/logo\/image\/\",\"url\":\"https:\/\/brmgroup.sk\/wp-content\/uploads\/2019\/01\/brm_group_logo_retina_v2.png\",\"contentUrl\":\"https:\/\/brmgroup.sk\/wp-content\/uploads\/2019\/01\/brm_group_logo_retina_v2.png\",\"width\":400,\"height\":99,\"caption\":\"B. R. M. Group\"},\"image\":{\"@id\":\"https:\/\/brmgroup.sk\/#\/schema\/logo\/image\/\"},\"sameAs\":[\"https:\/\/www.linkedin.com\/company\/brm-tax-bratislava\"]}]}<\/script>\n<!-- \/ Yoast SEO plugin. -->","yoast_head_json":{"title":"Tax consultancy - B.R.M. Group","description":"Comprehensive tax consulting services, representation at tax administration, assistance at tax inspections, tax optimization.","robots":{"index":"index","follow":"follow","max-snippet":"max-snippet:-1","max-image-preview":"max-image-preview:large","max-video-preview":"max-video-preview:-1"},"canonical":"https:\/\/brmgroup.sk\/en\/services\/tax-consultancy","og_locale":"en_US","og_type":"article","og_title":"Tax consultancy - B.R.M. Group","og_description":"Comprehensive tax consulting services, representation at tax administration, assistance at tax inspections, tax optimization.","og_url":"https:\/\/brmgroup.sk\/en\/services\/tax-consultancy","og_site_name":"B.R.M. Group","article_modified_time":"2020-08-27T12:22:21+00:00","og_image":[{"url":"http:\/\/brmgroup.sk\/wp-content\/uploads\/2019\/02\/brmgroup_audit_sluzby_ikona.jpg","type":"","width":"","height":""}],"twitter_card":"summary_large_image","twitter_misc":{"Est. reading time":"2 minutes"},"schema":{"@context":"https:\/\/schema.org","@graph":[{"@type":"WebPage","@id":"https:\/\/brmgroup.sk\/en\/services\/tax-consultancy","url":"https:\/\/brmgroup.sk\/en\/services\/tax-consultancy","name":"Tax consultancy - B.R.M. Group","isPartOf":{"@id":"https:\/\/brmgroup.sk\/#website"},"primaryImageOfPage":{"@id":"https:\/\/brmgroup.sk\/en\/services\/tax-consultancy#primaryimage"},"image":{"@id":"https:\/\/brmgroup.sk\/en\/services\/tax-consultancy#primaryimage"},"thumbnailUrl":"http:\/\/brmgroup.sk\/wp-content\/uploads\/2019\/02\/brmgroup_audit_sluzby_ikona.jpg","datePublished":"2019-01-23T15:13:43+00:00","dateModified":"2020-08-27T12:22:21+00:00","description":"Comprehensive tax consulting services, representation at tax administration, assistance at tax inspections, tax optimization.","breadcrumb":{"@id":"https:\/\/brmgroup.sk\/en\/services\/tax-consultancy#breadcrumb"},"inLanguage":"en-US","potentialAction":[{"@type":"ReadAction","target":["https:\/\/brmgroup.sk\/en\/services\/tax-consultancy"]}]},{"@type":"ImageObject","inLanguage":"en-US","@id":"https:\/\/brmgroup.sk\/en\/services\/tax-consultancy#primaryimage","url":"http:\/\/brmgroup.sk\/wp-content\/uploads\/2019\/02\/brmgroup_audit_sluzby_ikona.jpg","contentUrl":"http:\/\/brmgroup.sk\/wp-content\/uploads\/2019\/02\/brmgroup_audit_sluzby_ikona.jpg"},{"@type":"BreadcrumbList","@id":"https:\/\/brmgroup.sk\/en\/services\/tax-consultancy#breadcrumb","itemListElement":[{"@type":"ListItem","position":1,"name":"Home","item":"https:\/\/brmgroup.sk\/en"},{"@type":"ListItem","position":2,"name":"Services","item":"https:\/\/brmgroup.sk\/en\/services"},{"@type":"ListItem","position":3,"name":"Tax consultancy"}]},{"@type":"WebSite","@id":"https:\/\/brmgroup.sk\/#website","url":"https:\/\/brmgroup.sk\/","name":"B.R.M. Group","description":"Da\u0148ov\u00e9 a \u00fa\u010dtovn\u00e9 slu\u017eby, ktor\u00e9 nemin\u00fa cie\u013e!","publisher":{"@id":"https:\/\/brmgroup.sk\/#organization"},"potentialAction":[{"@type":"SearchAction","target":{"@type":"EntryPoint","urlTemplate":"https:\/\/brmgroup.sk\/?s={search_term_string}"},"query-input":{"@type":"PropertyValueSpecification","valueRequired":true,"valueName":"search_term_string"}}],"inLanguage":"en-US"},{"@type":"Organization","@id":"https:\/\/brmgroup.sk\/#organization","name":"B. R. M. Group","url":"https:\/\/brmgroup.sk\/","logo":{"@type":"ImageObject","inLanguage":"en-US","@id":"https:\/\/brmgroup.sk\/#\/schema\/logo\/image\/","url":"https:\/\/brmgroup.sk\/wp-content\/uploads\/2019\/01\/brm_group_logo_retina_v2.png","contentUrl":"https:\/\/brmgroup.sk\/wp-content\/uploads\/2019\/01\/brm_group_logo_retina_v2.png","width":400,"height":99,"caption":"B. R. M. Group"},"image":{"@id":"https:\/\/brmgroup.sk\/#\/schema\/logo\/image\/"},"sameAs":["https:\/\/www.linkedin.com\/company\/brm-tax-bratislava"]}]}},"_links":{"self":[{"href":"https:\/\/brmgroup.sk\/en\/wp-json\/wp\/v2\/pages\/473","targetHints":{"allow":["GET"]}}],"collection":[{"href":"https:\/\/brmgroup.sk\/en\/wp-json\/wp\/v2\/pages"}],"about":[{"href":"https:\/\/brmgroup.sk\/en\/wp-json\/wp\/v2\/types\/page"}],"author":[{"embeddable":true,"href":"https:\/\/brmgroup.sk\/en\/wp-json\/wp\/v2\/users\/1"}],"replies":[{"embeddable":true,"href":"https:\/\/brmgroup.sk\/en\/wp-json\/wp\/v2\/comments?post=473"}],"version-history":[{"count":5,"href":"https:\/\/brmgroup.sk\/en\/wp-json\/wp\/v2\/pages\/473\/revisions"}],"predecessor-version":[{"id":684,"href":"https:\/\/brmgroup.sk\/en\/wp-json\/wp\/v2\/pages\/473\/revisions\/684"}],"up":[{"embeddable":true,"href":"https:\/\/brmgroup.sk\/en\/wp-json\/wp\/v2\/pages\/466"}],"wp:attachment":[{"href":"https:\/\/brmgroup.sk\/en\/wp-json\/wp\/v2\/media?parent=473"}],"curies":[{"name":"wp","href":"https:\/\/api.w.org\/{rel}","templated":true}]}}