{"id":477,"date":"2019-01-23T16:16:19","date_gmt":"2019-01-23T15:16:19","guid":{"rendered":"https:\/\/brmgroup.sk\/services\/uctovnictvo-a-uctovne-poradenstvo\/"},"modified":"2020-08-27T14:45:14","modified_gmt":"2020-08-27T12:45:14","slug":"accounting-and-payrolls","status":"publish","type":"page","link":"https:\/\/brmgroup.sk\/en\/services\/accounting-and-payrolls","title":{"rendered":"Accounting and payrolls"},"content":{"rendered":"<p>\u00da\u010dtovn\u00edctvo a mzdy<\/p>\n<h2>Accounting and payrolls<\/h2>\n<ul>\n<li>full-scale processing of accounting records \u2013 single and double entry accounting<\/li>\n<li>processing of accounting records both for business people and entities founded for other than business purposes (civic societies, foundations, associations, etc.)<\/li>\n<li>preparation of ordinary and extraordinary financial statements<\/li>\n<li>checking correctness and completeness of tax documents and giving warnings about possible deficiencies along with proposed solutions<\/li>\n<li>processing of monthly\/quarterly VAT returns<\/li>\n<li>processing of VAT control reports<\/li>\n<li>processing of VAT recapitulative statements<\/li>\n<li>processing of Intrastat reports<\/li>\n<li>processing of various statistical statements and reports (e.g. for the National Bank of Slovakia, Statistical Office of the Slovak Republic, etc.)<\/li>\n<li>continuous checking of accounting records in terms of compliance with accounting regulations<\/li>\n<li>methodological assistance at bookkeeping, preparation of internal guidelines<\/li>\n<li>assistance and consultancy at booking rare transactions<\/li>\n<\/ul>\n<p>&nbsp;<\/p>\n<h3>Payroll and personnel agenda<\/h3>\n<ul>\n<li>processing of monthly wages of individual employees<\/li>\n<li>applications for admission to\/cancellation from the Social Insurance Agency and health insurance companies, communication with insurance companies<\/li>\n<li>processing of monthly statements of insurance premiums for the Social Insurance Agency and health insurance companies<\/li>\n<li>processing of prescribed income tax overviews and reports for the tax administrator<\/li>\n<li>processing of annual settlement of tax on earnings from employment and employment-like activities<\/li>\n<li>checking the correctness of annual health insurance settlement prepared by a health insurance company<\/li>\n<li>processing of employment records for pension calculation<\/li>\n<li>consultancy and assistance at making employment contracts<\/li>\n<li>consultancy and assistance for employers at termination of employment contracts with employees<\/li>\n<\/ul>\n<p>no-repeat;center top;;<\/p>\n<p>auto<\/p>\n<p>\u010eAL\u0160IE POSKYTOVAN\u00c9 SLU\u017dBY<\/p>\n<h2 class=\"text_upper\">Other provided services<\/h2>\n<p>&nbsp;<\/p>\n<p>center<\/p>\n<p>no-repeat;center top;;<\/p>\n<p>auto<\/p>\n<p><img decoding=\"async\" src=\"http:\/\/brmgroup.sk\/wp-content\/uploads\/2019\/02\/brmgroup_audit_sluzby_ikona.jpg\" alt=\"brmgroup_audit_sluzby_ikona\" \/><\/p>\n<p>#323946<\/p>\n<p>Audit<\/p>\n<p><a href=\"\/en\/services\/auditing-services\/\">\/en\/services\/auditing-services\/<\/a><\/p>\n<p>Audit<\/p>\n<h3>Audit<\/h3>\n<p>center<\/p>\n<p>no-repeat;center top;;<\/p>\n<p>auto<\/p>\n<p>10px<\/p>\n<p>Read more<\/p>\n<p><a href=\"\/en\/services\/auditing-services\/\">\/en\/services\/auditing-services\/<\/a><\/p>\n<p>center<\/p>\n<p>icon-forward<\/p>\n<p>left<\/p>\n<p>2<\/p>\n<p>sluzby_butt<\/p>\n<p><img decoding=\"async\" src=\"http:\/\/brmgroup.sk\/wp-content\/uploads\/2019\/02\/brmgroup_dane_sluzby_ikona.jpg\" alt=\"brmgroup_dane_sluzby_ikona\" \/><\/p>\n<p>#323946<\/p>\n<p>Taxes<\/p>\n<p><a href=\"\/en\/services\/tax-consultancy\/\">\/en\/services\/tax-consultancy\/<\/a><\/p>\n<p>Dane<\/p>\n<h3>Taxes<\/h3>\n<p>center<\/p>\n<p>no-repeat;center top;;<\/p>\n<p>auto<\/p>\n<p>10px<\/p>\n<p>Read more<\/p>\n<p><a href=\"\/en\/services\/tax-consultancy\/\">\/en\/services\/tax-consultancy\/<\/a><\/p>\n<p>center<\/p>\n<p>icon-forward<\/p>\n<p>left<\/p>\n<p>2<\/p>\n<p>sluzby_butt<\/p>\n<p><img decoding=\"async\" src=\"http:\/\/brmgroup.sk\/wp-content\/uploads\/2019\/02\/brmgroup_poradenstvo_sluzby_ikona.jpg\" alt=\"brmgroup_poradenstvo_sluzby_ikona\" \/><\/p>\n<p>#323946<\/p>\n<p>Consultancy<\/p>\n<p><a href=\"\/en\/services\/consulting-services\/\">\/en\/services\/consulting-services\/<\/a><\/p>\n<p>Poradenstvo<\/p>\n<h3>Consultancy<\/h3>\n<p>center<\/p>\n<p>no-repeat;center top;;<\/p>\n<p>auto<\/p>\n<p>10px<\/p>\n<p>Read more<\/p>\n<p><a href=\"\/en\/services\/consulting-services\/\">\/en\/services\/consulting-services\/<\/a><\/p>\n<p>center<\/p>\n<p>icon-forward<\/p>\n<p>left<\/p>\n<p>2<\/p>\n<p>sluzby_butt<\/p>\n","protected":false},"excerpt":{"rendered":"<p>\u00da\u010dtovn\u00edctvo a mzdy Accounting and payrolls full-scale processing of accounting records \u2013 single and double entry accounting processing of accounting records both for business people and<span class=\"excerpt-hellip\"> [\u2026]<\/span><\/p>\n","protected":false},"author":1,"featured_media":0,"parent":466,"menu_order":0,"comment_status":"closed","ping_status":"closed","template":"","meta":{"footnotes":""},"class_list":["post-477","page","type-page","status-publish","hentry"],"yoast_head":"<!-- This site is optimized with the Yoast SEO plugin v24.4 - https:\/\/yoast.com\/wordpress\/plugins\/seo\/ -->\n<title>Accounting and payrolls - B.R.M. Group<\/title>\n<meta name=\"description\" content=\"Processing of single and double-entry accounting, preparation of tax returns, keeping tax records, processing of payrolls.\" \/>\n<meta name=\"robots\" content=\"index, follow, max-snippet:-1, max-image-preview:large, max-video-preview:-1\" \/>\n<link rel=\"canonical\" href=\"https:\/\/brmgroup.sk\/en\/services\/accounting-and-payrolls\" \/>\n<meta property=\"og:locale\" content=\"en_US\" \/>\n<meta property=\"og:type\" content=\"article\" \/>\n<meta property=\"og:title\" content=\"Accounting and payrolls - B.R.M. Group\" \/>\n<meta property=\"og:description\" content=\"Processing of single and double-entry accounting, preparation of tax returns, keeping tax records, processing of payrolls.\" \/>\n<meta property=\"og:url\" content=\"https:\/\/brmgroup.sk\/en\/services\/accounting-and-payrolls\" \/>\n<meta property=\"og:site_name\" content=\"B.R.M. Group\" \/>\n<meta property=\"article:modified_time\" content=\"2020-08-27T12:45:14+00:00\" \/>\n<meta property=\"og:image\" content=\"http:\/\/brmgroup.sk\/wp-content\/uploads\/2019\/02\/brmgroup_audit_sluzby_ikona.jpg\" \/>\n<meta name=\"twitter:card\" content=\"summary_large_image\" \/>\n<meta name=\"twitter:label1\" content=\"Est. reading time\" \/>\n\t<meta name=\"twitter:data1\" content=\"2 minutes\" \/>\n<script type=\"application\/ld+json\" class=\"yoast-schema-graph\">{\"@context\":\"https:\/\/schema.org\",\"@graph\":[{\"@type\":\"WebPage\",\"@id\":\"https:\/\/brmgroup.sk\/en\/services\/accounting-and-payrolls\",\"url\":\"https:\/\/brmgroup.sk\/en\/services\/accounting-and-payrolls\",\"name\":\"Accounting and payrolls - B.R.M. Group\",\"isPartOf\":{\"@id\":\"https:\/\/brmgroup.sk\/#website\"},\"primaryImageOfPage\":{\"@id\":\"https:\/\/brmgroup.sk\/en\/services\/accounting-and-payrolls#primaryimage\"},\"image\":{\"@id\":\"https:\/\/brmgroup.sk\/en\/services\/accounting-and-payrolls#primaryimage\"},\"thumbnailUrl\":\"http:\/\/brmgroup.sk\/wp-content\/uploads\/2019\/02\/brmgroup_audit_sluzby_ikona.jpg\",\"datePublished\":\"2019-01-23T15:16:19+00:00\",\"dateModified\":\"2020-08-27T12:45:14+00:00\",\"description\":\"Processing of single and double-entry accounting, preparation of tax returns, keeping tax records, processing of payrolls.\",\"breadcrumb\":{\"@id\":\"https:\/\/brmgroup.sk\/en\/services\/accounting-and-payrolls#breadcrumb\"},\"inLanguage\":\"en-US\",\"potentialAction\":[{\"@type\":\"ReadAction\",\"target\":[\"https:\/\/brmgroup.sk\/en\/services\/accounting-and-payrolls\"]}]},{\"@type\":\"ImageObject\",\"inLanguage\":\"en-US\",\"@id\":\"https:\/\/brmgroup.sk\/en\/services\/accounting-and-payrolls#primaryimage\",\"url\":\"http:\/\/brmgroup.sk\/wp-content\/uploads\/2019\/02\/brmgroup_audit_sluzby_ikona.jpg\",\"contentUrl\":\"http:\/\/brmgroup.sk\/wp-content\/uploads\/2019\/02\/brmgroup_audit_sluzby_ikona.jpg\"},{\"@type\":\"BreadcrumbList\",\"@id\":\"https:\/\/brmgroup.sk\/en\/services\/accounting-and-payrolls#breadcrumb\",\"itemListElement\":[{\"@type\":\"ListItem\",\"position\":1,\"name\":\"Home\",\"item\":\"https:\/\/brmgroup.sk\/en\"},{\"@type\":\"ListItem\",\"position\":2,\"name\":\"Services\",\"item\":\"https:\/\/brmgroup.sk\/en\/services\"},{\"@type\":\"ListItem\",\"position\":3,\"name\":\"Accounting and payrolls\"}]},{\"@type\":\"WebSite\",\"@id\":\"https:\/\/brmgroup.sk\/#website\",\"url\":\"https:\/\/brmgroup.sk\/\",\"name\":\"B.R.M. Group\",\"description\":\"Da\u0148ov\u00e9 a \u00fa\u010dtovn\u00e9 slu\u017eby, ktor\u00e9 nemin\u00fa cie\u013e!\",\"publisher\":{\"@id\":\"https:\/\/brmgroup.sk\/#organization\"},\"potentialAction\":[{\"@type\":\"SearchAction\",\"target\":{\"@type\":\"EntryPoint\",\"urlTemplate\":\"https:\/\/brmgroup.sk\/?s={search_term_string}\"},\"query-input\":{\"@type\":\"PropertyValueSpecification\",\"valueRequired\":true,\"valueName\":\"search_term_string\"}}],\"inLanguage\":\"en-US\"},{\"@type\":\"Organization\",\"@id\":\"https:\/\/brmgroup.sk\/#organization\",\"name\":\"B. R. M. Group\",\"url\":\"https:\/\/brmgroup.sk\/\",\"logo\":{\"@type\":\"ImageObject\",\"inLanguage\":\"en-US\",\"@id\":\"https:\/\/brmgroup.sk\/#\/schema\/logo\/image\/\",\"url\":\"https:\/\/brmgroup.sk\/wp-content\/uploads\/2019\/01\/brm_group_logo_retina_v2.png\",\"contentUrl\":\"https:\/\/brmgroup.sk\/wp-content\/uploads\/2019\/01\/brm_group_logo_retina_v2.png\",\"width\":400,\"height\":99,\"caption\":\"B. R. M. Group\"},\"image\":{\"@id\":\"https:\/\/brmgroup.sk\/#\/schema\/logo\/image\/\"},\"sameAs\":[\"https:\/\/www.linkedin.com\/company\/brm-tax-bratislava\"]}]}<\/script>\n<!-- \/ Yoast SEO plugin. -->","yoast_head_json":{"title":"Accounting and payrolls - B.R.M. Group","description":"Processing of single and double-entry accounting, preparation of tax returns, keeping tax records, processing of payrolls.","robots":{"index":"index","follow":"follow","max-snippet":"max-snippet:-1","max-image-preview":"max-image-preview:large","max-video-preview":"max-video-preview:-1"},"canonical":"https:\/\/brmgroup.sk\/en\/services\/accounting-and-payrolls","og_locale":"en_US","og_type":"article","og_title":"Accounting and payrolls - B.R.M. Group","og_description":"Processing of single and double-entry accounting, preparation of tax returns, keeping tax records, processing of payrolls.","og_url":"https:\/\/brmgroup.sk\/en\/services\/accounting-and-payrolls","og_site_name":"B.R.M. Group","article_modified_time":"2020-08-27T12:45:14+00:00","og_image":[{"url":"http:\/\/brmgroup.sk\/wp-content\/uploads\/2019\/02\/brmgroup_audit_sluzby_ikona.jpg","type":"","width":"","height":""}],"twitter_card":"summary_large_image","twitter_misc":{"Est. reading time":"2 minutes"},"schema":{"@context":"https:\/\/schema.org","@graph":[{"@type":"WebPage","@id":"https:\/\/brmgroup.sk\/en\/services\/accounting-and-payrolls","url":"https:\/\/brmgroup.sk\/en\/services\/accounting-and-payrolls","name":"Accounting and payrolls - B.R.M. Group","isPartOf":{"@id":"https:\/\/brmgroup.sk\/#website"},"primaryImageOfPage":{"@id":"https:\/\/brmgroup.sk\/en\/services\/accounting-and-payrolls#primaryimage"},"image":{"@id":"https:\/\/brmgroup.sk\/en\/services\/accounting-and-payrolls#primaryimage"},"thumbnailUrl":"http:\/\/brmgroup.sk\/wp-content\/uploads\/2019\/02\/brmgroup_audit_sluzby_ikona.jpg","datePublished":"2019-01-23T15:16:19+00:00","dateModified":"2020-08-27T12:45:14+00:00","description":"Processing of single and double-entry accounting, preparation of tax returns, keeping tax records, processing of payrolls.","breadcrumb":{"@id":"https:\/\/brmgroup.sk\/en\/services\/accounting-and-payrolls#breadcrumb"},"inLanguage":"en-US","potentialAction":[{"@type":"ReadAction","target":["https:\/\/brmgroup.sk\/en\/services\/accounting-and-payrolls"]}]},{"@type":"ImageObject","inLanguage":"en-US","@id":"https:\/\/brmgroup.sk\/en\/services\/accounting-and-payrolls#primaryimage","url":"http:\/\/brmgroup.sk\/wp-content\/uploads\/2019\/02\/brmgroup_audit_sluzby_ikona.jpg","contentUrl":"http:\/\/brmgroup.sk\/wp-content\/uploads\/2019\/02\/brmgroup_audit_sluzby_ikona.jpg"},{"@type":"BreadcrumbList","@id":"https:\/\/brmgroup.sk\/en\/services\/accounting-and-payrolls#breadcrumb","itemListElement":[{"@type":"ListItem","position":1,"name":"Home","item":"https:\/\/brmgroup.sk\/en"},{"@type":"ListItem","position":2,"name":"Services","item":"https:\/\/brmgroup.sk\/en\/services"},{"@type":"ListItem","position":3,"name":"Accounting and payrolls"}]},{"@type":"WebSite","@id":"https:\/\/brmgroup.sk\/#website","url":"https:\/\/brmgroup.sk\/","name":"B.R.M. Group","description":"Da\u0148ov\u00e9 a \u00fa\u010dtovn\u00e9 slu\u017eby, ktor\u00e9 nemin\u00fa cie\u013e!","publisher":{"@id":"https:\/\/brmgroup.sk\/#organization"},"potentialAction":[{"@type":"SearchAction","target":{"@type":"EntryPoint","urlTemplate":"https:\/\/brmgroup.sk\/?s={search_term_string}"},"query-input":{"@type":"PropertyValueSpecification","valueRequired":true,"valueName":"search_term_string"}}],"inLanguage":"en-US"},{"@type":"Organization","@id":"https:\/\/brmgroup.sk\/#organization","name":"B. R. M. Group","url":"https:\/\/brmgroup.sk\/","logo":{"@type":"ImageObject","inLanguage":"en-US","@id":"https:\/\/brmgroup.sk\/#\/schema\/logo\/image\/","url":"https:\/\/brmgroup.sk\/wp-content\/uploads\/2019\/01\/brm_group_logo_retina_v2.png","contentUrl":"https:\/\/brmgroup.sk\/wp-content\/uploads\/2019\/01\/brm_group_logo_retina_v2.png","width":400,"height":99,"caption":"B. R. M. Group"},"image":{"@id":"https:\/\/brmgroup.sk\/#\/schema\/logo\/image\/"},"sameAs":["https:\/\/www.linkedin.com\/company\/brm-tax-bratislava"]}]}},"_links":{"self":[{"href":"https:\/\/brmgroup.sk\/en\/wp-json\/wp\/v2\/pages\/477","targetHints":{"allow":["GET"]}}],"collection":[{"href":"https:\/\/brmgroup.sk\/en\/wp-json\/wp\/v2\/pages"}],"about":[{"href":"https:\/\/brmgroup.sk\/en\/wp-json\/wp\/v2\/types\/page"}],"author":[{"embeddable":true,"href":"https:\/\/brmgroup.sk\/en\/wp-json\/wp\/v2\/users\/1"}],"replies":[{"embeddable":true,"href":"https:\/\/brmgroup.sk\/en\/wp-json\/wp\/v2\/comments?post=477"}],"version-history":[{"count":5,"href":"https:\/\/brmgroup.sk\/en\/wp-json\/wp\/v2\/pages\/477\/revisions"}],"predecessor-version":[{"id":686,"href":"https:\/\/brmgroup.sk\/en\/wp-json\/wp\/v2\/pages\/477\/revisions\/686"}],"up":[{"embeddable":true,"href":"https:\/\/brmgroup.sk\/en\/wp-json\/wp\/v2\/pages\/466"}],"wp:attachment":[{"href":"https:\/\/brmgroup.sk\/en\/wp-json\/wp\/v2\/media?parent=477"}],"curies":[{"name":"wp","href":"https:\/\/api.w.org\/{rel}","templated":true}]}}