{"id":482,"date":"2019-01-23T16:17:11","date_gmt":"2019-01-23T15:17:11","guid":{"rendered":"https:\/\/brmgroup.sk\/services\/poradenstvo\/"},"modified":"2019-05-31T09:14:26","modified_gmt":"2019-05-31T07:14:26","slug":"consulting-services","status":"publish","type":"page","link":"https:\/\/brmgroup.sk\/en\/services\/consulting-services","title":{"rendered":"Other consulting services"},"content":{"rendered":"<p>In\u00e9 poradensk\u00e9 slu\u017eby<\/p>\n<h2>Other consulting services<\/h2>\n<ul>\n<li>comprehensive preparation of annual report<\/li>\n<li>activities connected to the liquidation of companies, including performance of the function of a liquidator<\/li>\n<li>project management<\/li>\n<li>assistance at reorganization of company and working processes<\/li>\n<li>execution of the function of an internal auditor<\/li>\n<\/ul>\n<p>no-repeat;center top;;<\/p>\n<p>auto<\/p>\n<p>\u010eAL\u0160IE POSKYTOVAN\u00c9 SLU\u017dBY<\/p>\n<h2 class=\"text_upper\">Other provided services<\/h2>\n<p><\/p>\n<p>center<\/p>\n<p>no-repeat;center top;;<\/p>\n<p>auto<\/p>\n<p><img decoding=\"async\" src=\"http:\/\/brmgroup.sk\/wp-content\/uploads\/2019\/02\/brmgroup_audit_sluzby_ikona.jpg\" alt=\"brmgroup_audit_sluzby_ikona\"\/><\/p>\n<p>#323946<\/p>\n<p>Audit<\/p>\n<p><a href=\"\/en\/services\/auditing-services\/\">\/en\/services\/auditing-services\/<\/a><\/p>\n<p>Audit<\/p>\n<h3>Audit<\/h3>\n<p>center<\/p>\n<p>no-repeat;center top;;<\/p>\n<p>auto<\/p>\n<p>10px<\/p>\n<p>Read more<\/p>\n<p><a href=\"\/en\/services\/auditing-services\/\">\/en\/services\/auditing-services\/<\/a><\/p>\n<p>center<\/p>\n<p>icon-forward<\/p>\n<p>left<\/p>\n<p>2<\/p>\n<p>sluzby_butt<\/p>\n<p><img decoding=\"async\" src=\"http:\/\/brmgroup.sk\/wp-content\/uploads\/2019\/02\/brmgroup_dane_sluzby_ikona.jpg\" alt=\"brmgroup_dane_sluzby_ikona\"\/><\/p>\n<p>#323946<\/p>\n<p>Taxes<\/p>\n<p><a href=\"\/en\/services\/tax-consultancy\/\">\/en\/services\/tax-consultancy\/<\/a><\/p>\n<p>Dane<\/p>\n<h3>Taxes<\/h3>\n<p>center<\/p>\n<p>no-repeat;center top;;<\/p>\n<p>auto<\/p>\n<p>10px<\/p>\n<p>Read more<\/p>\n<p><a href=\"\/en\/services\/tax-consultancy\/\">\/en\/services\/tax-consultancy\/<\/a><\/p>\n<p>center<\/p>\n<p>icon-forward<\/p>\n<p>left<\/p>\n<p>2<\/p>\n<p>sluzby_butt<\/p>\n<p><img decoding=\"async\" src=\"http:\/\/brmgroup.sk\/wp-content\/uploads\/2019\/02\/brmgroup_ucto_sluzby_ikona.jpg\" alt=\"brmgroup_ucto_sluzby_ikona\"\/><\/p>\n<p>#323946<\/p>\n<p>Accounting<\/p>\n<p><a href=\"\/en\/services\/accounting-and-payrolls\/\">\/en\/services\/accounting-and-payrolls\/<\/a><\/p>\n<p>\u00da\u010dtovn\u00edctvo<\/p>\n<h3>Accounting<\/h3>\n<p>center<\/p>\n<p>no-repeat;center top;;<\/p>\n<p>auto<\/p>\n<p>10px<\/p>\n<p>Read more<\/p>\n<p><a href=\"\/en\/services\/accounting-and-payrolls\/\">\/en\/services\/accounting-and-payrolls\/<\/a><\/p>\n<p>center<\/p>\n<p>icon-forward<\/p>\n<p>left<\/p>\n<p>2<\/p>\n<p>sluzby_butt<\/p>\n","protected":false},"excerpt":{"rendered":"<p>In\u00e9 poradensk\u00e9 slu\u017eby Other consulting services comprehensive preparation of annual report activities connected to the liquidation of companies, including performance of the function of a liquidator<span class=\"excerpt-hellip\"> [\u2026]<\/span><\/p>\n","protected":false},"author":1,"featured_media":0,"parent":466,"menu_order":0,"comment_status":"closed","ping_status":"closed","template":"","meta":{"footnotes":""},"class_list":["post-482","page","type-page","status-publish","hentry"],"yoast_head":"<!-- This site is optimized with the Yoast SEO plugin v24.4 - https:\/\/yoast.com\/wordpress\/plugins\/seo\/ -->\n<title>Other consulting services - B.R.M. Group<\/title>\n<meta name=\"description\" content=\"We provide economic, tax, accounting, payroll consultancy to meet the needs of our clients for their maximum satisfaction.\" \/>\n<meta name=\"robots\" content=\"index, follow, max-snippet:-1, max-image-preview:large, max-video-preview:-1\" \/>\n<link rel=\"canonical\" href=\"https:\/\/brmgroup.sk\/en\/services\/consulting-services\" \/>\n<meta property=\"og:locale\" content=\"en_US\" \/>\n<meta property=\"og:type\" content=\"article\" \/>\n<meta property=\"og:title\" content=\"Other consulting services - B.R.M. Group\" \/>\n<meta property=\"og:description\" content=\"We provide economic, tax, accounting, payroll consultancy to meet the needs of our clients for their maximum satisfaction.\" \/>\n<meta property=\"og:url\" content=\"https:\/\/brmgroup.sk\/en\/services\/consulting-services\" \/>\n<meta property=\"og:site_name\" content=\"B.R.M. Group\" \/>\n<meta property=\"article:modified_time\" content=\"2019-05-31T07:14:26+00:00\" \/>\n<meta property=\"og:image\" content=\"http:\/\/brmgroup.sk\/wp-content\/uploads\/2019\/02\/brmgroup_audit_sluzby_ikona.jpg\" \/>\n<meta name=\"twitter:card\" content=\"summary_large_image\" \/>\n<meta name=\"twitter:label1\" content=\"Est. reading time\" \/>\n\t<meta name=\"twitter:data1\" content=\"1 minute\" \/>\n<script type=\"application\/ld+json\" class=\"yoast-schema-graph\">{\"@context\":\"https:\/\/schema.org\",\"@graph\":[{\"@type\":\"WebPage\",\"@id\":\"https:\/\/brmgroup.sk\/en\/services\/consulting-services\",\"url\":\"https:\/\/brmgroup.sk\/en\/services\/consulting-services\",\"name\":\"Other consulting services - B.R.M. Group\",\"isPartOf\":{\"@id\":\"https:\/\/brmgroup.sk\/#website\"},\"primaryImageOfPage\":{\"@id\":\"https:\/\/brmgroup.sk\/en\/services\/consulting-services#primaryimage\"},\"image\":{\"@id\":\"https:\/\/brmgroup.sk\/en\/services\/consulting-services#primaryimage\"},\"thumbnailUrl\":\"http:\/\/brmgroup.sk\/wp-content\/uploads\/2019\/02\/brmgroup_audit_sluzby_ikona.jpg\",\"datePublished\":\"2019-01-23T15:17:11+00:00\",\"dateModified\":\"2019-05-31T07:14:26+00:00\",\"description\":\"We provide economic, tax, accounting, payroll consultancy to meet the needs of our clients for their maximum satisfaction.\",\"breadcrumb\":{\"@id\":\"https:\/\/brmgroup.sk\/en\/services\/consulting-services#breadcrumb\"},\"inLanguage\":\"en-US\",\"potentialAction\":[{\"@type\":\"ReadAction\",\"target\":[\"https:\/\/brmgroup.sk\/en\/services\/consulting-services\"]}]},{\"@type\":\"ImageObject\",\"inLanguage\":\"en-US\",\"@id\":\"https:\/\/brmgroup.sk\/en\/services\/consulting-services#primaryimage\",\"url\":\"http:\/\/brmgroup.sk\/wp-content\/uploads\/2019\/02\/brmgroup_audit_sluzby_ikona.jpg\",\"contentUrl\":\"http:\/\/brmgroup.sk\/wp-content\/uploads\/2019\/02\/brmgroup_audit_sluzby_ikona.jpg\"},{\"@type\":\"BreadcrumbList\",\"@id\":\"https:\/\/brmgroup.sk\/en\/services\/consulting-services#breadcrumb\",\"itemListElement\":[{\"@type\":\"ListItem\",\"position\":1,\"name\":\"Home\",\"item\":\"https:\/\/brmgroup.sk\/en\"},{\"@type\":\"ListItem\",\"position\":2,\"name\":\"Services\",\"item\":\"https:\/\/brmgroup.sk\/en\/services\"},{\"@type\":\"ListItem\",\"position\":3,\"name\":\"Other consulting services\"}]},{\"@type\":\"WebSite\",\"@id\":\"https:\/\/brmgroup.sk\/#website\",\"url\":\"https:\/\/brmgroup.sk\/\",\"name\":\"B.R.M. Group\",\"description\":\"Da\u0148ov\u00e9 a \u00fa\u010dtovn\u00e9 slu\u017eby, ktor\u00e9 nemin\u00fa cie\u013e!\",\"publisher\":{\"@id\":\"https:\/\/brmgroup.sk\/#organization\"},\"potentialAction\":[{\"@type\":\"SearchAction\",\"target\":{\"@type\":\"EntryPoint\",\"urlTemplate\":\"https:\/\/brmgroup.sk\/?s={search_term_string}\"},\"query-input\":{\"@type\":\"PropertyValueSpecification\",\"valueRequired\":true,\"valueName\":\"search_term_string\"}}],\"inLanguage\":\"en-US\"},{\"@type\":\"Organization\",\"@id\":\"https:\/\/brmgroup.sk\/#organization\",\"name\":\"B. R. M. Group\",\"url\":\"https:\/\/brmgroup.sk\/\",\"logo\":{\"@type\":\"ImageObject\",\"inLanguage\":\"en-US\",\"@id\":\"https:\/\/brmgroup.sk\/#\/schema\/logo\/image\/\",\"url\":\"https:\/\/brmgroup.sk\/wp-content\/uploads\/2019\/01\/brm_group_logo_retina_v2.png\",\"contentUrl\":\"https:\/\/brmgroup.sk\/wp-content\/uploads\/2019\/01\/brm_group_logo_retina_v2.png\",\"width\":400,\"height\":99,\"caption\":\"B. R. M. Group\"},\"image\":{\"@id\":\"https:\/\/brmgroup.sk\/#\/schema\/logo\/image\/\"},\"sameAs\":[\"https:\/\/www.linkedin.com\/company\/brm-tax-bratislava\"]}]}<\/script>\n<!-- \/ Yoast SEO plugin. -->","yoast_head_json":{"title":"Other consulting services - B.R.M. Group","description":"We provide economic, tax, accounting, payroll consultancy to meet the needs of our clients for their maximum satisfaction.","robots":{"index":"index","follow":"follow","max-snippet":"max-snippet:-1","max-image-preview":"max-image-preview:large","max-video-preview":"max-video-preview:-1"},"canonical":"https:\/\/brmgroup.sk\/en\/services\/consulting-services","og_locale":"en_US","og_type":"article","og_title":"Other consulting services - B.R.M. Group","og_description":"We provide economic, tax, accounting, payroll consultancy to meet the needs of our clients for their maximum satisfaction.","og_url":"https:\/\/brmgroup.sk\/en\/services\/consulting-services","og_site_name":"B.R.M. Group","article_modified_time":"2019-05-31T07:14:26+00:00","og_image":[{"url":"http:\/\/brmgroup.sk\/wp-content\/uploads\/2019\/02\/brmgroup_audit_sluzby_ikona.jpg","type":"","width":"","height":""}],"twitter_card":"summary_large_image","twitter_misc":{"Est. reading time":"1 minute"},"schema":{"@context":"https:\/\/schema.org","@graph":[{"@type":"WebPage","@id":"https:\/\/brmgroup.sk\/en\/services\/consulting-services","url":"https:\/\/brmgroup.sk\/en\/services\/consulting-services","name":"Other consulting services - B.R.M. Group","isPartOf":{"@id":"https:\/\/brmgroup.sk\/#website"},"primaryImageOfPage":{"@id":"https:\/\/brmgroup.sk\/en\/services\/consulting-services#primaryimage"},"image":{"@id":"https:\/\/brmgroup.sk\/en\/services\/consulting-services#primaryimage"},"thumbnailUrl":"http:\/\/brmgroup.sk\/wp-content\/uploads\/2019\/02\/brmgroup_audit_sluzby_ikona.jpg","datePublished":"2019-01-23T15:17:11+00:00","dateModified":"2019-05-31T07:14:26+00:00","description":"We provide economic, tax, accounting, payroll consultancy to meet the needs of our clients for their maximum satisfaction.","breadcrumb":{"@id":"https:\/\/brmgroup.sk\/en\/services\/consulting-services#breadcrumb"},"inLanguage":"en-US","potentialAction":[{"@type":"ReadAction","target":["https:\/\/brmgroup.sk\/en\/services\/consulting-services"]}]},{"@type":"ImageObject","inLanguage":"en-US","@id":"https:\/\/brmgroup.sk\/en\/services\/consulting-services#primaryimage","url":"http:\/\/brmgroup.sk\/wp-content\/uploads\/2019\/02\/brmgroup_audit_sluzby_ikona.jpg","contentUrl":"http:\/\/brmgroup.sk\/wp-content\/uploads\/2019\/02\/brmgroup_audit_sluzby_ikona.jpg"},{"@type":"BreadcrumbList","@id":"https:\/\/brmgroup.sk\/en\/services\/consulting-services#breadcrumb","itemListElement":[{"@type":"ListItem","position":1,"name":"Home","item":"https:\/\/brmgroup.sk\/en"},{"@type":"ListItem","position":2,"name":"Services","item":"https:\/\/brmgroup.sk\/en\/services"},{"@type":"ListItem","position":3,"name":"Other consulting services"}]},{"@type":"WebSite","@id":"https:\/\/brmgroup.sk\/#website","url":"https:\/\/brmgroup.sk\/","name":"B.R.M. Group","description":"Da\u0148ov\u00e9 a \u00fa\u010dtovn\u00e9 slu\u017eby, ktor\u00e9 nemin\u00fa cie\u013e!","publisher":{"@id":"https:\/\/brmgroup.sk\/#organization"},"potentialAction":[{"@type":"SearchAction","target":{"@type":"EntryPoint","urlTemplate":"https:\/\/brmgroup.sk\/?s={search_term_string}"},"query-input":{"@type":"PropertyValueSpecification","valueRequired":true,"valueName":"search_term_string"}}],"inLanguage":"en-US"},{"@type":"Organization","@id":"https:\/\/brmgroup.sk\/#organization","name":"B. R. M. Group","url":"https:\/\/brmgroup.sk\/","logo":{"@type":"ImageObject","inLanguage":"en-US","@id":"https:\/\/brmgroup.sk\/#\/schema\/logo\/image\/","url":"https:\/\/brmgroup.sk\/wp-content\/uploads\/2019\/01\/brm_group_logo_retina_v2.png","contentUrl":"https:\/\/brmgroup.sk\/wp-content\/uploads\/2019\/01\/brm_group_logo_retina_v2.png","width":400,"height":99,"caption":"B. R. M. Group"},"image":{"@id":"https:\/\/brmgroup.sk\/#\/schema\/logo\/image\/"},"sameAs":["https:\/\/www.linkedin.com\/company\/brm-tax-bratislava"]}]}},"_links":{"self":[{"href":"https:\/\/brmgroup.sk\/en\/wp-json\/wp\/v2\/pages\/482","targetHints":{"allow":["GET"]}}],"collection":[{"href":"https:\/\/brmgroup.sk\/en\/wp-json\/wp\/v2\/pages"}],"about":[{"href":"https:\/\/brmgroup.sk\/en\/wp-json\/wp\/v2\/types\/page"}],"author":[{"embeddable":true,"href":"https:\/\/brmgroup.sk\/en\/wp-json\/wp\/v2\/users\/1"}],"replies":[{"embeddable":true,"href":"https:\/\/brmgroup.sk\/en\/wp-json\/wp\/v2\/comments?post=482"}],"version-history":[{"count":4,"href":"https:\/\/brmgroup.sk\/en\/wp-json\/wp\/v2\/pages\/482\/revisions"}],"predecessor-version":[{"id":630,"href":"https:\/\/brmgroup.sk\/en\/wp-json\/wp\/v2\/pages\/482\/revisions\/630"}],"up":[{"embeddable":true,"href":"https:\/\/brmgroup.sk\/en\/wp-json\/wp\/v2\/pages\/466"}],"wp:attachment":[{"href":"https:\/\/brmgroup.sk\/en\/wp-json\/wp\/v2\/media?parent=482"}],"curies":[{"name":"wp","href":"https:\/\/api.w.org\/{rel}","templated":true}]}}