{"id":491,"date":"2019-01-23T09:27:20","date_gmt":"2019-01-23T08:27:20","guid":{"rendered":"https:\/\/brmgroup.sk\/o-nas\/"},"modified":"2020-08-30T11:52:33","modified_gmt":"2020-08-30T09:52:33","slug":"our-company","status":"publish","type":"page","link":"https:\/\/brmgroup.sk\/en\/our-company","title":{"rendered":"Our company"},"content":{"rendered":"<h2>We group 3 specialised entities<\/h2>\n<p>center<\/p>\n<p>no-repeat;center top;;<\/p>\n<p>auto<\/p>\n<p><img decoding=\"async\" src=\"http:\/\/brmgroup.sk\/wp-content\/uploads\/2019\/01\/brmTAX_footer_logos_stred.png\" alt=\"brmTAX_footer_logos_stred\" \/><\/p>\n<p><a href=\"#tax\">#tax<\/a><\/p>\n<p>disable<\/p>\n<p><img decoding=\"async\" src=\"http:\/\/brmgroup.sk\/wp-content\/uploads\/2019\/01\/brmRM_footer_logos_stred.png\" alt=\"brmRM_footer_logos_stred\" \/><\/p>\n<p><a href=\"#mach\">#mach<\/a><\/p>\n<p>disable<\/p>\n<p><img decoding=\"async\" src=\"http:\/\/brmgroup.sk\/wp-content\/uploads\/2019\/01\/brmSERVICE_footer_logos_stred.png\" alt=\"brmSERVICE_footer_logos_stred\" \/><\/p>\n<p><a href=\"#service\">#service<\/a><\/p>\n<p>disable<\/p>\n<p>B.R.M. Tax, k.s.<\/p>\n<h3>B.R.M. Tax, k.s.<\/h3>\n<ul>\n<li>B.R.M. Tax, a limited partnership, was established in February 1997<\/li>\n<li>is a holder of a tax consultancy certificate in the Slovak Republic<\/li>\n<li>participates in providing comprehensive tax, accounting and economic services to its clients<\/li>\n<li>provides consulting services in the field of taxes and accounting in Slovak, German and English<\/li>\n<\/ul>\n<p>no-repeat;center top;;<\/p>\n<p>auto<\/p>\n<p>Ing. Roman Mach \u2013 da\u0148ov\u00fd poradca, aud\u00edtor<\/p>\n<h3>Ing. Roman Mach \u2013 auditor and tax advisor<\/h3>\n<ul>\n<li>in accounting and tax consultancy since 1991<\/li>\n<li>while working in an Austrian tax-consulting firm based in Prague, he obtained in 1994 a certificate for tax consultancy in the Czech Republic<\/li>\n<li>in 1996 he obtained a certificate for tax consultancy in the Slovak Republic and became a member of the Slovak Chamber of Tax Advisors<\/li>\n<li>after several years of working in a reputable law and tax consulting company, he founded his own firm in 1998, which today cooperates with a number of local and international companies and creates conditions for providing comprehensive services in the areas of auditing, tax consultancy, accounting, payroll processing and other economic services<\/li>\n<li>in January 2005, he obtained a license to provide auditing services<\/li>\n<li>he provides consulting services in the field of taxes and accounting in Slovak, German and English<\/li>\n<\/ul>\n<p>no-repeat;center top;;<\/p>\n<p>auto<\/p>\n<p>POSKYTUJEME Z\u00c1RUKY A POISTN\u00c9 KRYTIE<\/p>\n<h3 class=\"text_upper\">Guarantees and insurance coverage<\/h3>\n<p>At providing our services we apply the highest professional care.<br \/>\nWe have a liability insurance for the case of damage caused to a client in spite of all our effort:<\/p>\n<p>the area of auditing services with an insured sum of EUR 500,000.00<br \/>\nthe area of tax consultancy with an insured sum of EUR 2,000,000.00<\/p>\n<p>center<\/p>\n<p>no-repeat;center top;;<\/p>\n<p>auto<\/p>\n<p>B.R.M. Service spol. s r.o.<\/p>\n<h3>B.R.M. Service, spol. s r.o.<\/h3>\n<ul>\n<li>B.R.M. Service, a private limited company, was established in January 1997<\/li>\n<li>the company provides accounting and consulting services to smaller clients, including legal entities established for other than business purposes and physical persons who are not business entities<\/li>\n<li>the company provides consulting services in Slovak, German and English<\/li>\n<\/ul>\n<p>no-repeat;center top;;<\/p>\n<p>auto<\/p>\n","protected":false},"excerpt":{"rendered":"<p>We group 3 specialised entities center no-repeat;center top;; auto #tax disable #mach disable #service disable B.R.M. Tax, k.s. B.R.M. Tax, k.s. B.R.M. Tax, a limited partnership,<span class=\"excerpt-hellip\"> [\u2026]<\/span><\/p>\n","protected":false},"author":1,"featured_media":0,"parent":0,"menu_order":0,"comment_status":"closed","ping_status":"closed","template":"","meta":{"footnotes":""},"class_list":["post-491","page","type-page","status-publish","hentry"],"yoast_head":"<!-- This site is optimized with the Yoast SEO plugin v24.4 - https:\/\/yoast.com\/wordpress\/plugins\/seo\/ -->\n<title>Our company - B.R.M. Group<\/title>\n<meta name=\"description\" content=\"WE provide consulting services in the field of taxes and accounting in Slovak, German and English.\" \/>\n<meta name=\"robots\" content=\"index, follow, max-snippet:-1, max-image-preview:large, max-video-preview:-1\" \/>\n<link rel=\"canonical\" href=\"https:\/\/brmgroup.sk\/en\/our-company\" \/>\n<meta property=\"og:locale\" content=\"en_US\" \/>\n<meta property=\"og:type\" content=\"article\" \/>\n<meta property=\"og:title\" content=\"Our company - B.R.M. Group\" \/>\n<meta property=\"og:description\" content=\"WE provide consulting services in the field of taxes and accounting in Slovak, German and English.\" \/>\n<meta property=\"og:url\" content=\"https:\/\/brmgroup.sk\/en\/our-company\" \/>\n<meta property=\"og:site_name\" content=\"B.R.M. Group\" \/>\n<meta property=\"article:modified_time\" content=\"2020-08-30T09:52:33+00:00\" \/>\n<meta property=\"og:image\" content=\"http:\/\/brmgroup.sk\/wp-content\/uploads\/2019\/01\/brmTAX_footer_logos_stred.png\" \/>\n<meta name=\"twitter:card\" content=\"summary_large_image\" \/>\n<meta name=\"twitter:label1\" content=\"Est. reading time\" \/>\n\t<meta name=\"twitter:data1\" content=\"2 minutes\" \/>\n<script type=\"application\/ld+json\" class=\"yoast-schema-graph\">{\"@context\":\"https:\/\/schema.org\",\"@graph\":[{\"@type\":\"WebPage\",\"@id\":\"https:\/\/brmgroup.sk\/en\/our-company\",\"url\":\"https:\/\/brmgroup.sk\/en\/our-company\",\"name\":\"Our company - B.R.M. Group\",\"isPartOf\":{\"@id\":\"https:\/\/brmgroup.sk\/#website\"},\"primaryImageOfPage\":{\"@id\":\"https:\/\/brmgroup.sk\/en\/our-company#primaryimage\"},\"image\":{\"@id\":\"https:\/\/brmgroup.sk\/en\/our-company#primaryimage\"},\"thumbnailUrl\":\"http:\/\/brmgroup.sk\/wp-content\/uploads\/2019\/01\/brmTAX_footer_logos_stred.png\",\"datePublished\":\"2019-01-23T08:27:20+00:00\",\"dateModified\":\"2020-08-30T09:52:33+00:00\",\"description\":\"WE provide consulting services in the field of taxes and accounting in Slovak, German and English.\",\"breadcrumb\":{\"@id\":\"https:\/\/brmgroup.sk\/en\/our-company#breadcrumb\"},\"inLanguage\":\"en-US\",\"potentialAction\":[{\"@type\":\"ReadAction\",\"target\":[\"https:\/\/brmgroup.sk\/en\/our-company\"]}]},{\"@type\":\"ImageObject\",\"inLanguage\":\"en-US\",\"@id\":\"https:\/\/brmgroup.sk\/en\/our-company#primaryimage\",\"url\":\"http:\/\/brmgroup.sk\/wp-content\/uploads\/2019\/01\/brmTAX_footer_logos_stred.png\",\"contentUrl\":\"http:\/\/brmgroup.sk\/wp-content\/uploads\/2019\/01\/brmTAX_footer_logos_stred.png\"},{\"@type\":\"BreadcrumbList\",\"@id\":\"https:\/\/brmgroup.sk\/en\/our-company#breadcrumb\",\"itemListElement\":[{\"@type\":\"ListItem\",\"position\":1,\"name\":\"Home\",\"item\":\"https:\/\/brmgroup.sk\/en\"},{\"@type\":\"ListItem\",\"position\":2,\"name\":\"Our company\"}]},{\"@type\":\"WebSite\",\"@id\":\"https:\/\/brmgroup.sk\/#website\",\"url\":\"https:\/\/brmgroup.sk\/\",\"name\":\"B.R.M. Group\",\"description\":\"Da\u0148ov\u00e9 a \u00fa\u010dtovn\u00e9 slu\u017eby, ktor\u00e9 nemin\u00fa cie\u013e!\",\"publisher\":{\"@id\":\"https:\/\/brmgroup.sk\/#organization\"},\"potentialAction\":[{\"@type\":\"SearchAction\",\"target\":{\"@type\":\"EntryPoint\",\"urlTemplate\":\"https:\/\/brmgroup.sk\/?s={search_term_string}\"},\"query-input\":{\"@type\":\"PropertyValueSpecification\",\"valueRequired\":true,\"valueName\":\"search_term_string\"}}],\"inLanguage\":\"en-US\"},{\"@type\":\"Organization\",\"@id\":\"https:\/\/brmgroup.sk\/#organization\",\"name\":\"B. R. M. Group\",\"url\":\"https:\/\/brmgroup.sk\/\",\"logo\":{\"@type\":\"ImageObject\",\"inLanguage\":\"en-US\",\"@id\":\"https:\/\/brmgroup.sk\/#\/schema\/logo\/image\/\",\"url\":\"https:\/\/brmgroup.sk\/wp-content\/uploads\/2019\/01\/brm_group_logo_retina_v2.png\",\"contentUrl\":\"https:\/\/brmgroup.sk\/wp-content\/uploads\/2019\/01\/brm_group_logo_retina_v2.png\",\"width\":400,\"height\":99,\"caption\":\"B. R. M. Group\"},\"image\":{\"@id\":\"https:\/\/brmgroup.sk\/#\/schema\/logo\/image\/\"},\"sameAs\":[\"https:\/\/www.linkedin.com\/company\/brm-tax-bratislava\"]}]}<\/script>\n<!-- \/ Yoast SEO plugin. -->","yoast_head_json":{"title":"Our company - B.R.M. Group","description":"WE provide consulting services in the field of taxes and accounting in Slovak, German and English.","robots":{"index":"index","follow":"follow","max-snippet":"max-snippet:-1","max-image-preview":"max-image-preview:large","max-video-preview":"max-video-preview:-1"},"canonical":"https:\/\/brmgroup.sk\/en\/our-company","og_locale":"en_US","og_type":"article","og_title":"Our company - B.R.M. Group","og_description":"WE provide consulting services in the field of taxes and accounting in Slovak, German and English.","og_url":"https:\/\/brmgroup.sk\/en\/our-company","og_site_name":"B.R.M. Group","article_modified_time":"2020-08-30T09:52:33+00:00","og_image":[{"url":"http:\/\/brmgroup.sk\/wp-content\/uploads\/2019\/01\/brmTAX_footer_logos_stred.png","type":"","width":"","height":""}],"twitter_card":"summary_large_image","twitter_misc":{"Est. reading time":"2 minutes"},"schema":{"@context":"https:\/\/schema.org","@graph":[{"@type":"WebPage","@id":"https:\/\/brmgroup.sk\/en\/our-company","url":"https:\/\/brmgroup.sk\/en\/our-company","name":"Our company - B.R.M. Group","isPartOf":{"@id":"https:\/\/brmgroup.sk\/#website"},"primaryImageOfPage":{"@id":"https:\/\/brmgroup.sk\/en\/our-company#primaryimage"},"image":{"@id":"https:\/\/brmgroup.sk\/en\/our-company#primaryimage"},"thumbnailUrl":"http:\/\/brmgroup.sk\/wp-content\/uploads\/2019\/01\/brmTAX_footer_logos_stred.png","datePublished":"2019-01-23T08:27:20+00:00","dateModified":"2020-08-30T09:52:33+00:00","description":"WE provide consulting services in the field of taxes and accounting in Slovak, German and English.","breadcrumb":{"@id":"https:\/\/brmgroup.sk\/en\/our-company#breadcrumb"},"inLanguage":"en-US","potentialAction":[{"@type":"ReadAction","target":["https:\/\/brmgroup.sk\/en\/our-company"]}]},{"@type":"ImageObject","inLanguage":"en-US","@id":"https:\/\/brmgroup.sk\/en\/our-company#primaryimage","url":"http:\/\/brmgroup.sk\/wp-content\/uploads\/2019\/01\/brmTAX_footer_logos_stred.png","contentUrl":"http:\/\/brmgroup.sk\/wp-content\/uploads\/2019\/01\/brmTAX_footer_logos_stred.png"},{"@type":"BreadcrumbList","@id":"https:\/\/brmgroup.sk\/en\/our-company#breadcrumb","itemListElement":[{"@type":"ListItem","position":1,"name":"Home","item":"https:\/\/brmgroup.sk\/en"},{"@type":"ListItem","position":2,"name":"Our company"}]},{"@type":"WebSite","@id":"https:\/\/brmgroup.sk\/#website","url":"https:\/\/brmgroup.sk\/","name":"B.R.M. Group","description":"Da\u0148ov\u00e9 a \u00fa\u010dtovn\u00e9 slu\u017eby, ktor\u00e9 nemin\u00fa cie\u013e!","publisher":{"@id":"https:\/\/brmgroup.sk\/#organization"},"potentialAction":[{"@type":"SearchAction","target":{"@type":"EntryPoint","urlTemplate":"https:\/\/brmgroup.sk\/?s={search_term_string}"},"query-input":{"@type":"PropertyValueSpecification","valueRequired":true,"valueName":"search_term_string"}}],"inLanguage":"en-US"},{"@type":"Organization","@id":"https:\/\/brmgroup.sk\/#organization","name":"B. R. M. Group","url":"https:\/\/brmgroup.sk\/","logo":{"@type":"ImageObject","inLanguage":"en-US","@id":"https:\/\/brmgroup.sk\/#\/schema\/logo\/image\/","url":"https:\/\/brmgroup.sk\/wp-content\/uploads\/2019\/01\/brm_group_logo_retina_v2.png","contentUrl":"https:\/\/brmgroup.sk\/wp-content\/uploads\/2019\/01\/brm_group_logo_retina_v2.png","width":400,"height":99,"caption":"B. R. M. Group"},"image":{"@id":"https:\/\/brmgroup.sk\/#\/schema\/logo\/image\/"},"sameAs":["https:\/\/www.linkedin.com\/company\/brm-tax-bratislava"]}]}},"_links":{"self":[{"href":"https:\/\/brmgroup.sk\/en\/wp-json\/wp\/v2\/pages\/491","targetHints":{"allow":["GET"]}}],"collection":[{"href":"https:\/\/brmgroup.sk\/en\/wp-json\/wp\/v2\/pages"}],"about":[{"href":"https:\/\/brmgroup.sk\/en\/wp-json\/wp\/v2\/types\/page"}],"author":[{"embeddable":true,"href":"https:\/\/brmgroup.sk\/en\/wp-json\/wp\/v2\/users\/1"}],"replies":[{"embeddable":true,"href":"https:\/\/brmgroup.sk\/en\/wp-json\/wp\/v2\/comments?post=491"}],"version-history":[{"count":4,"href":"https:\/\/brmgroup.sk\/en\/wp-json\/wp\/v2\/pages\/491\/revisions"}],"predecessor-version":[{"id":705,"href":"https:\/\/brmgroup.sk\/en\/wp-json\/wp\/v2\/pages\/491\/revisions\/705"}],"wp:attachment":[{"href":"https:\/\/brmgroup.sk\/en\/wp-json\/wp\/v2\/media?parent=491"}],"curies":[{"name":"wp","href":"https:\/\/api.w.org\/{rel}","templated":true}]}}