{"id":497,"date":"2017-02-01T13:13:46","date_gmt":"2017-02-01T13:13:46","guid":{"rendered":"https:\/\/brmgroup.sk\/b-r-m-group-auditorske-danove-a-uctovne-sluzby\/"},"modified":"2020-08-27T20:19:15","modified_gmt":"2020-08-27T18:19:15","slug":"b-r-m-group-auditorske-danove-a-uctovne-sluzby","status":"publish","type":"page","link":"https:\/\/brmgroup.sk\/en","title":{"rendered":"Auditing, tax and accounting services"},"content":{"rendered":"<p>Audit<\/p>\n<p>h4<\/p>\n<p>Professional audit services \u2013 statutory audit of financial statements, audit of annual report, audit focused on the areas specified by a client.<\/p>\n<p>icon-docs<\/p>\n<p><img decoding=\"async\" src=\"http:\/\/brmgroup.sk\/wp-content\/uploads\/2019\/02\/brmgroup_ikona_uvod_1.png\" alt=\"brmgroup_ikona_uvod_1\" \/><\/p>\n<p>top<\/p>\n<p><a href=\"\/en\/services\/auditing-services\/\">\/en\/services\/auditing-services\/<\/a><\/p>\n<p>Taxes<\/p>\n<p>h4<\/p>\n<p>Comprehensive tax consulting services, representation at tax administration, assistance at tax inspections, tax optimization provided by experienced advisors.<\/p>\n<p>icon-star-line<\/p>\n<p><img decoding=\"async\" src=\"http:\/\/brmgroup.sk\/wp-content\/uploads\/2019\/02\/brmgroup_ikona_uvod_2.png\" alt=\"brmgroup_ikona_uvod_2\" \/><\/p>\n<p>top<\/p>\n<p><a href=\"\/en\/services\/tax-consultancy\/\">\/en\/services\/tax-consultancy\/<\/a><\/p>\n<p>Accounting<\/p>\n<p>h4<\/p>\n<p>Processing of single and double-entry accounting, preparation of tax returns, keeping tax records, processing of payrolls.<\/p>\n<p>icon-cog-line<\/p>\n<p><img decoding=\"async\" src=\"http:\/\/brmgroup.sk\/wp-content\/uploads\/2019\/02\/brmgroup_ikona_uvod_3.png\" alt=\"brmgroup_ikona_uvod_3\" \/><\/p>\n<p>top<\/p>\n<p><a href=\"\/en\/services\/accounting-and-payrolls\/\">\/en\/services\/accounting-and-payrolls\/<\/a><\/p>\n<p>Consultancy<\/p>\n<p>h4<\/p>\n<p>We provide economic, tax, accounting, payroll consultancy to meet the needs of our clients for their maximum satisfaction.<\/p>\n<p>icon-star-line<\/p>\n<p><img decoding=\"async\" src=\"http:\/\/brmgroup.sk\/wp-content\/uploads\/2019\/02\/brmgroup_ikona_uvod_4.png\" alt=\"brmgroup_ikona_uvod_4\" \/><\/p>\n<p>top<\/p>\n<p><a href=\"\/en\/services\/consulting-services\/\">\/en\/services\/consulting-services\/<\/a><\/p>\n<p>Poskytujeme da\u0148ov\u00e9 a \u00fa\u010dtovn\u00e9 poradenstvo pre firmy aj jednotlivcov<\/p>\n<h2 class=\"paralax_title\">Taxes and accounting consultancy for businesses and individuals<\/h2>\n<p>no-repeat;center top;;<\/p>\n<p>auto<\/p>\n<p>7px 0 0<\/p>\n<p>Our services<\/p>\n<p><a href=\"\/en\/services\/\">\/en\/services\/<\/a><\/p>\n<p>right<\/p>\n<p>icon-forward<\/p>\n<p>left<\/p>\n<p>2<\/p>\n<p>sluzby_butt sluzby_butt_paralax<\/p>\n<p>O n\u00e1s<\/p>\n<h2 class=\"upper\">Our company<\/h2>\n<p>center<\/p>\n<p>no-repeat;center top;;<\/p>\n<p>auto<\/p>\n<p>Facts: <div class=\"column one\"><\/p>\n<p style=\"text-align: justify;\">We are experts in the fields of taxes, auditing, accounting and consultancy. We have been operating in the Slovak financial market for more than 25 years. We have a team of experienced experts who are ready to fully dedicate themselves to fulfilling your needs. B.R.M. Group associates three specialised entities. Administration of your financial matters in the right place.<\/p>\n<p><\/div>\n<br \/>\n<div class=\"column one-third\"><div class=\"counter counter_vertical animate-math\"><div class=\"icon_wrapper\"><\/div><div class=\"desc_wrapper\"><div class=\"number-wrapper\"><span class=\"number\" data-to=\"25\">25<\/span><\/div><p class=\"title\">years of experience<\/p><\/div><\/div>\n<\/div>\n<br \/>\n<div class=\"column one-third\"><div class=\"counter counter_vertical animate-math\"><div class=\"icon_wrapper\"><\/div><div class=\"desc_wrapper\"><div class=\"number-wrapper\"><span class=\"number\" data-to=\"3\">3<\/span><\/div><p class=\"title\">specialised entities<\/p><\/div><\/div>\n<\/div>\n<br \/>\n<div class=\"column one-third\"><div class=\"counter counter_vertical animate-math\"><div class=\"icon_wrapper\"><\/div><div class=\"desc_wrapper\"><div class=\"number-wrapper\"><span class=\"number\" data-to=\"350\">350<\/span><\/div><p class=\"title\">clients<\/p><\/div><\/div>\n<\/div>\n<\/p>\n<p>Strengths: <div class=\"column one\"><\/p>\n<p style=\"text-align: justify;\">Are you looking for the highest quality for your company? You are in the right place! We provide comprehensive services \u2013 tax consultancy also in German and English, auditing services, processing of accounting records, payroll and personnel administration and economic consultancy. We proceed with the highest professional care, providing necessary guarantees, and we hold all required licenses.<\/p>\n<p><b>Over 25 years:<\/b><\/div>\n<br \/>\n<div class=\"column one-third\"><div class=\"counter counter_vertical animate-math\"><div class=\"icon_wrapper\"><\/div><div class=\"desc_wrapper\"><div class=\"number-wrapper\"><span class=\"number\" data-to=\"5500\">5500<\/span><\/div><p class=\"title\">tax returns<\/p><\/div><\/div>\n<\/div>\n<br \/>\n<div class=\"column one-third\"><div class=\"counter counter_vertical animate-math\"><div class=\"icon_wrapper\"><\/div><div class=\"desc_wrapper\"><div class=\"number-wrapper\"><span class=\"number\" data-to=\"100\">100<\/span><\/div><p class=\"title\">statutory audits<\/p><\/div><\/div>\n<\/div>\n<br \/>\n<div class=\"column one-third\"><div class=\"counter counter_vertical animate-math\"><div class=\"icon_wrapper\"><\/div><div class=\"desc_wrapper\"><div class=\"number-wrapper\"><span class=\"number\" data-to=\"5830\">5830<\/span><\/div><p class=\"title\">professional solutions<\/p><\/div><\/div>\n<\/div>\n<\/p>\n<p>Benefits: <div class=\"column one\"><\/p>\n<p style=\"text-align: justify;\">We provide consulting services in Slovak, German and English languages. Our clients include both domestic and foreign companies. We provide accounting and tax consultancy to legal and natural persons.<\/p>\n<p><\/div>\n<br \/>\n<div class=\"column one-third\"><div class=\"counter counter_vertical animate-math\"><div class=\"icon_wrapper\"><\/div><div class=\"desc_wrapper\"><div class=\"number-wrapper\"><span class=\"number\" data-to=\"3\">3<\/span><\/div><p class=\"title\">languages<\/p><\/div><\/div>\n<\/div>\n<br \/>\n<div class=\"column one-third\"><div class=\"counter counter_vertical animate-math\"><div class=\"icon_wrapper\"><\/div><div class=\"desc_wrapper\"><div class=\"number-wrapper\"><span class=\"number\" data-to=\"100\">100<\/span><span class=\"label postfix\">%<\/span><\/div><p class=\"title\">trust<\/p><\/div><\/div>\n<\/div>\n<br \/>\n<div class=\"column one-third\"><div class=\"counter counter_vertical animate-math\"><div class=\"icon_wrapper\"><\/div><div class=\"desc_wrapper\"><div class=\"number-wrapper\"><span class=\"number\" data-to=\"100\">100<\/span><span class=\"label postfix\">%<\/span><\/div><p class=\"title\">individual approach<\/p><\/div><\/div>\n<\/div>\n<\/p>\n<p>centered<\/p>\n<p>Rob\u00edme spr\u00e1vne veci a v spr\u00e1vnom \u010dase<\/p>\n<h3>We do the right things at the right time<\/h3>\n<p class=\"big\">Our success is the quality and speed of provided services. We provide consulting services for both our domestic and foreign clients at the same professional quality. We are insured up to the amount of EUR 500,000 for the area of auditing services and up to the amount of EUR 2,000,000 for tax consultancy. Do you need tax, accounting or payroll solutions? Are you looking for an economic advisor or do you need auditing services? We have got you covered.<\/p>\n<p>justify<\/p>\n<p>no-repeat;center top;;<\/p>\n<p>auto<\/p>\n<p>0px<\/p>\n<p>Read more<\/p>\n<p><a href=\"\/en\/our-company\/\">\/en\/our-company\/<\/a><\/p>\n<p>icon-forward<\/p>\n<p>left<\/p>\n<p>2<\/p>\n<p>sluzby_butt<\/p>\n<p>Zdru\u017eujeme 3 odborn\u00e9 subjekty<\/p>\n<h2 class=\"upper\">We group 3 specialised entities<\/h2>\n<p>center<\/p>\n<p>no-repeat;center top;;<\/p>\n<p>auto<\/p>\n<p>7px 0 0<\/p>\n<p><img decoding=\"async\" src=\"http:\/\/brmgroup.sk\/wp-content\/uploads\/2019\/01\/brmTAX_footer_logos_stred.png\" alt=\"brmTAX_footer_logos_stred\" \/><\/p>\n<p><a href=\"\/o-nas\/#tax\">\/o-nas\/#tax<\/a><\/p>\n<p>disable<\/p>\n<p><img decoding=\"async\" src=\"http:\/\/brmgroup.sk\/wp-content\/uploads\/2019\/01\/brmRM_footer_logos_stred.png\" alt=\"brmRM_footer_logos_stred\" \/><\/p>\n<p><a href=\"\/o-nas\/#mach\">\/o-nas\/#mach<\/a><\/p>\n<p>disable<\/p>\n<p><img decoding=\"async\" src=\"http:\/\/brmgroup.sk\/wp-content\/uploads\/2019\/01\/brmSERVICE_footer_logos_stred.png\" alt=\"brmSERVICE_footer_logos_stred\" \/><\/p>\n<p><a href=\"\/o-nas\/#service\">\/o-nas\/#service<\/a><\/p>\n<p>disable<\/p>\n","protected":false},"excerpt":{"rendered":"<p>Audit h4 Professional audit services \u2013 statutory audit of financial statements, audit of annual report, audit focused on the areas specified by a client. icon-docs top<span class=\"excerpt-hellip\"> [\u2026]<\/span><\/p>\n","protected":false},"author":1,"featured_media":0,"parent":0,"menu_order":0,"comment_status":"closed","ping_status":"closed","template":"","meta":{"footnotes":""},"class_list":["post-497","page","type-page","status-publish","hentry"],"yoast_head":"<!-- This site is optimized with the Yoast SEO plugin v24.4 - https:\/\/yoast.com\/wordpress\/plugins\/seo\/ -->\n<title>Auditing, tax and accounting services - B.R.M. Group<\/title>\n<meta name=\"description\" content=\"Comprehensive tax consulting services, representation at tax administration, assistance at tax inspections, tax optimization.\" \/>\n<meta name=\"robots\" content=\"index, follow, max-snippet:-1, max-image-preview:large, max-video-preview:-1\" \/>\n<link rel=\"canonical\" href=\"https:\/\/brmgroup.sk\/en\" \/>\n<meta property=\"og:locale\" content=\"en_US\" \/>\n<meta property=\"og:type\" content=\"article\" \/>\n<meta property=\"og:title\" content=\"Auditing, tax and accounting services - B.R.M. Group\" \/>\n<meta property=\"og:description\" content=\"Comprehensive tax consulting services, representation at tax administration, assistance at tax inspections, tax optimization.\" \/>\n<meta property=\"og:url\" content=\"https:\/\/brmgroup.sk\/en\" \/>\n<meta property=\"og:site_name\" content=\"B.R.M. Group\" \/>\n<meta property=\"article:modified_time\" content=\"2020-08-27T18:19:15+00:00\" \/>\n<meta property=\"og:image\" content=\"http:\/\/brmgroup.sk\/wp-content\/uploads\/2019\/02\/brmgroup_ikona_uvod_1.png\" \/>\n<meta name=\"twitter:card\" content=\"summary_large_image\" \/>\n<meta name=\"twitter:label1\" content=\"Est. reading time\" \/>\n\t<meta name=\"twitter:data1\" content=\"3 minutes\" \/>\n<script type=\"application\/ld+json\" class=\"yoast-schema-graph\">{\"@context\":\"https:\/\/schema.org\",\"@graph\":[{\"@type\":\"WebPage\",\"@id\":\"https:\/\/brmgroup.sk\/en\",\"url\":\"https:\/\/brmgroup.sk\/en\",\"name\":\"Auditing, tax and accounting services - B.R.M. Group\",\"isPartOf\":{\"@id\":\"https:\/\/brmgroup.sk\/#website\"},\"primaryImageOfPage\":{\"@id\":\"https:\/\/brmgroup.sk\/en#primaryimage\"},\"image\":{\"@id\":\"https:\/\/brmgroup.sk\/en#primaryimage\"},\"thumbnailUrl\":\"http:\/\/brmgroup.sk\/wp-content\/uploads\/2019\/02\/brmgroup_ikona_uvod_1.png\",\"datePublished\":\"2017-02-01T13:13:46+00:00\",\"dateModified\":\"2020-08-27T18:19:15+00:00\",\"description\":\"Comprehensive tax consulting services, representation at tax administration, assistance at tax inspections, tax optimization.\",\"breadcrumb\":{\"@id\":\"https:\/\/brmgroup.sk\/en#breadcrumb\"},\"inLanguage\":\"en-US\",\"potentialAction\":[{\"@type\":\"ReadAction\",\"target\":[\"https:\/\/brmgroup.sk\/en\"]}]},{\"@type\":\"ImageObject\",\"inLanguage\":\"en-US\",\"@id\":\"https:\/\/brmgroup.sk\/en#primaryimage\",\"url\":\"http:\/\/brmgroup.sk\/wp-content\/uploads\/2019\/02\/brmgroup_ikona_uvod_1.png\",\"contentUrl\":\"http:\/\/brmgroup.sk\/wp-content\/uploads\/2019\/02\/brmgroup_ikona_uvod_1.png\"},{\"@type\":\"BreadcrumbList\",\"@id\":\"https:\/\/brmgroup.sk\/en#breadcrumb\",\"itemListElement\":[{\"@type\":\"ListItem\",\"position\":1,\"name\":\"Home\",\"item\":\"https:\/\/brmgroup.sk\/en\"},{\"@type\":\"ListItem\",\"position\":2,\"name\":\"Auditing, tax and accounting services\"}]},{\"@type\":\"WebSite\",\"@id\":\"https:\/\/brmgroup.sk\/#website\",\"url\":\"https:\/\/brmgroup.sk\/\",\"name\":\"B.R.M. Group\",\"description\":\"Da\u0148ov\u00e9 a \u00fa\u010dtovn\u00e9 slu\u017eby, ktor\u00e9 nemin\u00fa cie\u013e!\",\"publisher\":{\"@id\":\"https:\/\/brmgroup.sk\/#organization\"},\"potentialAction\":[{\"@type\":\"SearchAction\",\"target\":{\"@type\":\"EntryPoint\",\"urlTemplate\":\"https:\/\/brmgroup.sk\/?s={search_term_string}\"},\"query-input\":{\"@type\":\"PropertyValueSpecification\",\"valueRequired\":true,\"valueName\":\"search_term_string\"}}],\"inLanguage\":\"en-US\"},{\"@type\":\"Organization\",\"@id\":\"https:\/\/brmgroup.sk\/#organization\",\"name\":\"B. R. M. Group\",\"url\":\"https:\/\/brmgroup.sk\/\",\"logo\":{\"@type\":\"ImageObject\",\"inLanguage\":\"en-US\",\"@id\":\"https:\/\/brmgroup.sk\/#\/schema\/logo\/image\/\",\"url\":\"https:\/\/brmgroup.sk\/wp-content\/uploads\/2019\/01\/brm_group_logo_retina_v2.png\",\"contentUrl\":\"https:\/\/brmgroup.sk\/wp-content\/uploads\/2019\/01\/brm_group_logo_retina_v2.png\",\"width\":400,\"height\":99,\"caption\":\"B. R. M. Group\"},\"image\":{\"@id\":\"https:\/\/brmgroup.sk\/#\/schema\/logo\/image\/\"},\"sameAs\":[\"https:\/\/www.linkedin.com\/company\/brm-tax-bratislava\"]}]}<\/script>\n<!-- \/ Yoast SEO plugin. -->","yoast_head_json":{"title":"Auditing, tax and accounting services - B.R.M. Group","description":"Comprehensive tax consulting services, representation at tax administration, assistance at tax inspections, tax optimization.","robots":{"index":"index","follow":"follow","max-snippet":"max-snippet:-1","max-image-preview":"max-image-preview:large","max-video-preview":"max-video-preview:-1"},"canonical":"https:\/\/brmgroup.sk\/en","og_locale":"en_US","og_type":"article","og_title":"Auditing, tax and accounting services - B.R.M. Group","og_description":"Comprehensive tax consulting services, representation at tax administration, assistance at tax inspections, tax optimization.","og_url":"https:\/\/brmgroup.sk\/en","og_site_name":"B.R.M. Group","article_modified_time":"2020-08-27T18:19:15+00:00","og_image":[{"url":"http:\/\/brmgroup.sk\/wp-content\/uploads\/2019\/02\/brmgroup_ikona_uvod_1.png","type":"","width":"","height":""}],"twitter_card":"summary_large_image","twitter_misc":{"Est. reading time":"3 minutes"},"schema":{"@context":"https:\/\/schema.org","@graph":[{"@type":"WebPage","@id":"https:\/\/brmgroup.sk\/en","url":"https:\/\/brmgroup.sk\/en","name":"Auditing, tax and accounting services - B.R.M. Group","isPartOf":{"@id":"https:\/\/brmgroup.sk\/#website"},"primaryImageOfPage":{"@id":"https:\/\/brmgroup.sk\/en#primaryimage"},"image":{"@id":"https:\/\/brmgroup.sk\/en#primaryimage"},"thumbnailUrl":"http:\/\/brmgroup.sk\/wp-content\/uploads\/2019\/02\/brmgroup_ikona_uvod_1.png","datePublished":"2017-02-01T13:13:46+00:00","dateModified":"2020-08-27T18:19:15+00:00","description":"Comprehensive tax consulting services, representation at tax administration, assistance at tax inspections, tax optimization.","breadcrumb":{"@id":"https:\/\/brmgroup.sk\/en#breadcrumb"},"inLanguage":"en-US","potentialAction":[{"@type":"ReadAction","target":["https:\/\/brmgroup.sk\/en"]}]},{"@type":"ImageObject","inLanguage":"en-US","@id":"https:\/\/brmgroup.sk\/en#primaryimage","url":"http:\/\/brmgroup.sk\/wp-content\/uploads\/2019\/02\/brmgroup_ikona_uvod_1.png","contentUrl":"http:\/\/brmgroup.sk\/wp-content\/uploads\/2019\/02\/brmgroup_ikona_uvod_1.png"},{"@type":"BreadcrumbList","@id":"https:\/\/brmgroup.sk\/en#breadcrumb","itemListElement":[{"@type":"ListItem","position":1,"name":"Home","item":"https:\/\/brmgroup.sk\/en"},{"@type":"ListItem","position":2,"name":"Auditing, tax and accounting services"}]},{"@type":"WebSite","@id":"https:\/\/brmgroup.sk\/#website","url":"https:\/\/brmgroup.sk\/","name":"B.R.M. Group","description":"Da\u0148ov\u00e9 a \u00fa\u010dtovn\u00e9 slu\u017eby, ktor\u00e9 nemin\u00fa cie\u013e!","publisher":{"@id":"https:\/\/brmgroup.sk\/#organization"},"potentialAction":[{"@type":"SearchAction","target":{"@type":"EntryPoint","urlTemplate":"https:\/\/brmgroup.sk\/?s={search_term_string}"},"query-input":{"@type":"PropertyValueSpecification","valueRequired":true,"valueName":"search_term_string"}}],"inLanguage":"en-US"},{"@type":"Organization","@id":"https:\/\/brmgroup.sk\/#organization","name":"B. R. M. Group","url":"https:\/\/brmgroup.sk\/","logo":{"@type":"ImageObject","inLanguage":"en-US","@id":"https:\/\/brmgroup.sk\/#\/schema\/logo\/image\/","url":"https:\/\/brmgroup.sk\/wp-content\/uploads\/2019\/01\/brm_group_logo_retina_v2.png","contentUrl":"https:\/\/brmgroup.sk\/wp-content\/uploads\/2019\/01\/brm_group_logo_retina_v2.png","width":400,"height":99,"caption":"B. R. M. Group"},"image":{"@id":"https:\/\/brmgroup.sk\/#\/schema\/logo\/image\/"},"sameAs":["https:\/\/www.linkedin.com\/company\/brm-tax-bratislava"]}]}},"_links":{"self":[{"href":"https:\/\/brmgroup.sk\/en\/wp-json\/wp\/v2\/pages\/497","targetHints":{"allow":["GET"]}}],"collection":[{"href":"https:\/\/brmgroup.sk\/en\/wp-json\/wp\/v2\/pages"}],"about":[{"href":"https:\/\/brmgroup.sk\/en\/wp-json\/wp\/v2\/types\/page"}],"author":[{"embeddable":true,"href":"https:\/\/brmgroup.sk\/en\/wp-json\/wp\/v2\/users\/1"}],"replies":[{"embeddable":true,"href":"https:\/\/brmgroup.sk\/en\/wp-json\/wp\/v2\/comments?post=497"}],"version-history":[{"count":6,"href":"https:\/\/brmgroup.sk\/en\/wp-json\/wp\/v2\/pages\/497\/revisions"}],"predecessor-version":[{"id":648,"href":"https:\/\/brmgroup.sk\/en\/wp-json\/wp\/v2\/pages\/497\/revisions\/648"}],"wp:attachment":[{"href":"https:\/\/brmgroup.sk\/en\/wp-json\/wp\/v2\/media?parent=497"}],"curies":[{"name":"wp","href":"https:\/\/api.w.org\/{rel}","templated":true}]}}